{"id":1113,"date":"2022-05-19T16:55:23","date_gmt":"2022-05-19T14:55:23","guid":{"rendered":"http:\/\/snudifo34.fr\/?page_id=1113"},"modified":"2024-12-12T09:40:13","modified_gmt":"2024-12-12T08:40:13","slug":"adherer-en-ligne","status":"publish","type":"page","link":"http:\/\/snudifo34.fr\/index.php\/adherer-en-ligne\/","title":{"rendered":"Adh\u00e9rer en ligne"},"content":{"rendered":"\n<div class=\"wp-block-media-text alignwide is-stacked-on-mobile\" style=\"grid-template-columns:27% auto\"><figure class=\"wp-block-media-text__media\"><img loading=\"lazy\" decoding=\"async\" width=\"360\" height=\"360\" src=\"http:\/\/snudifo34.fr\/wp-content\/uploads\/2022\/05\/Tuto.jpg\" alt=\"\" class=\"wp-image-1123 size-full\" srcset=\"http:\/\/snudifo34.fr\/wp-content\/uploads\/2022\/05\/Tuto.jpg 360w, http:\/\/snudifo34.fr\/wp-content\/uploads\/2022\/05\/Tuto-300x300.jpg 300w, http:\/\/snudifo34.fr\/wp-content\/uploads\/2022\/05\/Tuto-150x150.jpg 150w\" sizes=\"auto, (max-width: 360px) 100vw, 360px\" \/><\/figure><div class=\"wp-block-media-text__content\">\n<p class=\"has-normal-font-size\">Pour adh\u00e9rer en ligne, rien de plus facile ! <\/p>\n\n\n\n<p class=\"has-normal-font-size\">Il vous suffit de <strong>renseigner le formulaire ci-dessous en joignant obligatoirement un RIB<\/strong>. <\/p>\n\n\n\n<p class=\"has-normal-font-size\">Vous recevrez une copie des informations saisies par mail. Puis un membre du bureau vous contactera pour vous confirmer que votre adh\u00e9sion a bien \u00e9t\u00e9 prise en compte.<\/p>\n<\/div><\/div>\n\n\n\n<div style=\"height:49px\" aria-hidden=\"true\" class=\"wp-block-spacer\"><\/div>\n\n\n\n<div class=\"wp-block-contact-form-7-contact-form-selector\">\n<div class=\"wpcf7 no-js\" id=\"wpcf7-f1112-o1\" lang=\"fr-FR\" dir=\"ltr\" data-wpcf7-id=\"1112\">\n<div class=\"screen-reader-response\"><p role=\"status\" aria-live=\"polite\" aria-atomic=\"true\"><\/p> <ul><\/ul><\/div>\n<form action=\"\/index.php\/wp-json\/wp\/v2\/pages\/1113#wpcf7-f1112-o1\" method=\"post\" class=\"wpcf7-form init\" aria-label=\"Formulaire de contact\" enctype=\"multipart\/form-data\" novalidate=\"novalidate\" data-status=\"init\">\n<fieldset class=\"hidden-fields-container\"><input type=\"hidden\" name=\"_wpcf7\" value=\"1112\" \/><input type=\"hidden\" name=\"_wpcf7_version\" value=\"6.1.5\" \/><input type=\"hidden\" name=\"_wpcf7_locale\" value=\"fr_FR\" \/><input type=\"hidden\" name=\"_wpcf7_unit_tag\" value=\"wpcf7-f1112-o1\" \/><input type=\"hidden\" name=\"_wpcf7_container_post\" value=\"0\" \/><input type=\"hidden\" name=\"_wpcf7_posted_data_hash\" value=\"\" \/><input type=\"hidden\" name=\"_extcf7_conditional_options\" value=\"{&quot;form_id&quot;:1112,&quot;conditions&quot;:[]}\" \/><input type=\"hidden\" name=\"_extcf7_redirect_options\" value=\"{&quot;form_id&quot;:1112,&quot;redirect_options&quot;:{&quot;redirection_enable&quot;:&quot;off&quot;,&quot;custom_url_enable&quot;:&quot;off&quot;,&quot;redirect_page&quot;:&quot;&quot;,&quot;custom_urle&quot;:&quot;&quot;,&quot;redirect_new_tab&quot;:&quot;off&quot;,&quot;js_action&quot;:&quot;off&quot;,&quot;javascript_code&quot;:&quot;&quot;}}\" \/>\n<\/fieldset>\n<p><u><b>Identit\u00e9 :<\/b><\/u>\n<\/p>\n<p>Nom* :<br \/>\n<span class=\"wpcf7-form-control-wrap\" data-name=\"your-name\"><input size=\"40\" maxlength=\"400\" class=\"wpcf7-form-control wpcf7-text wpcf7-validates-as-required\" aria-required=\"true\" aria-invalid=\"false\" value=\"\" type=\"text\" name=\"your-name\" \/><\/span>\n<\/p>\n<p>Pr\u00e9nom*:<br \/>\n<span class=\"wpcf7-form-control-wrap\" data-name=\"Prenom\"><input size=\"40\" maxlength=\"400\" class=\"wpcf7-form-control wpcf7-text wpcf7-validates-as-required\" aria-required=\"true\" aria-invalid=\"false\" value=\"\" type=\"text\" name=\"Prenom\" \/><\/span>\n<\/p>\n<p>Email* :<br \/>\n<span class=\"wpcf7-form-control-wrap\" data-name=\"your-email\"><input size=\"40\" maxlength=\"400\" class=\"wpcf7-form-control wpcf7-email wpcf7-validates-as-required wpcf7-text wpcf7-validates-as-email\" aria-required=\"true\" aria-invalid=\"false\" value=\"\" type=\"email\" name=\"your-email\" \/><\/span>\n<\/p>\n<p>Date de naissance* :\n<\/p>\n<td>\n\t<p><span class=\"wpcf7-form-control-wrap\" data-name=\"Jour\"><select class=\"wpcf7-form-control wpcf7-select wpcf7-validates-as-required\" aria-required=\"true\" aria-invalid=\"false\" name=\"Jour\"><option value=\"1\">1<\/option><option value=\"2\">2<\/option><option value=\"3\">3<\/option><option value=\"4\">4<\/option><option value=\"5\">5<\/option><option value=\"6\">6<\/option><option value=\"7\">7<\/option><option value=\"8\">8<\/option><option value=\"9\">9<\/option><option value=\"10\">10<\/option><option value=\"11\">11<\/option><option value=\"12\">12<\/option><option value=\"13\">13<\/option><option value=\"14\">14<\/option><option value=\"15\">15<\/option><option value=\"16\">16<\/option><option value=\"17\">17<\/option><option value=\"18\">18<\/option><option value=\"19\">19<\/option><option value=\"20\">20<\/option><option value=\"21\">21<\/option><option value=\"22\">22<\/option><option value=\"23\">23<\/option><option value=\"24\">24<\/option><option value=\"25\">25<\/option><option value=\"26\">26<\/option><option value=\"27\">27<\/option><option value=\"28\">28<\/option><option value=\"29\">29<\/option><option value=\"30\">30<\/option><option value=\"21\">21<\/option><\/select><\/span>\n\t<\/p>\n<\/td>\n<td>\n\t<p><span class=\"wpcf7-form-control-wrap\" data-name=\"Mois\"><select class=\"wpcf7-form-control wpcf7-select wpcf7-validates-as-required\" aria-required=\"true\" aria-invalid=\"false\" name=\"Mois\"><option value=\"Janvier\">Janvier<\/option><option value=\"F\u00e9vrier\">F\u00e9vrier<\/option><option value=\"Mars\">Mars<\/option><option value=\"Avril\">Avril<\/option><option value=\"Mai\">Mai<\/option><option value=\"Juin\">Juin<\/option><option value=\"Juillet\">Juillet<\/option><option value=\"Ao\u00fbt\">Ao\u00fbt<\/option><option value=\"Septembre\">Septembre<\/option><option value=\"Octobre\">Octobre<\/option><option value=\"Novembre\">Novembre<\/option><option value=\"D\u00e9cembre\">D\u00e9cembre<\/option><\/select><\/span>\n\t<\/p>\n<\/td>\n<td>\n\t<p><span class=\"wpcf7-form-control-wrap\" data-name=\"Annee\"><select class=\"wpcf7-form-control wpcf7-select wpcf7-validates-as-required\" aria-required=\"true\" aria-invalid=\"false\" name=\"Annee\"><option value=\"2006\">2006<\/option><option value=\"2005\">2005<\/option><option value=\"2004\">2004<\/option><option value=\"2003\">2003<\/option><option value=\"2002\">2002<\/option><option value=\"2001\">2001<\/option><option value=\"2000\">2000<\/option><option value=\"1999\">1999<\/option><option value=\"1998\">1998<\/option><option value=\"1997\">1997<\/option><option value=\"1996\">1996<\/option><option value=\"1995\">1995<\/option><option value=\"1994\">1994<\/option><option value=\"1993\">1993<\/option><option value=\"1992\">1992<\/option><option value=\"1991\">1991<\/option><option value=\"1990\">1990<\/option><option value=\"1989\">1989<\/option><option value=\"1988\">1988<\/option><option value=\"1987\">1987<\/option><option value=\"1986\">1986<\/option><option value=\"1985\">1985<\/option><option value=\"1984\">1984<\/option><option value=\"1983\">1983<\/option><option value=\"1982\">1982<\/option><option value=\"1981\">1981<\/option><option value=\"1980\">1980<\/option><option value=\"1979\">1979<\/option><option value=\"1978\">1978<\/option><option value=\"1977\">1977<\/option><option value=\"1976\">1976<\/option><option value=\"1975\">1975<\/option><option value=\"1974\">1974<\/option><option value=\"1973\">1973<\/option><option value=\"1972\">1972<\/option><option value=\"1971\">1971<\/option><option value=\"1970\">1970<\/option><option value=\"1969\">1969<\/option><option value=\"1968\">1968<\/option><option value=\"1967\">1967<\/option><option value=\"1966\">1966<\/option><option value=\"1965\">1965<\/option><option value=\"1964\">1964<\/option><option value=\"1963\">1963<\/option><option value=\"1962\">1962<\/option><option value=\"1961\">1961<\/option><option value=\"1960\">1960<\/option><option value=\"1959\">1959<\/option><option value=\"1958\">1958<\/option><option value=\"1957\">1957<\/option><option value=\"1956\">1956<\/option><option value=\"1955\">1955<\/option><option value=\"1954\">1954<\/option><option value=\"1953\">1953<\/option><option value=\"1952\">1952<\/option><option value=\"1951\">1951<\/option><option value=\"1950\">1950<\/option><option value=\"1949\">1949<\/option><option value=\"1948\">1948<\/option><option value=\"1947\">1947<\/option><option value=\"1946\">1946<\/option><option value=\"1945\">1945<\/option><\/select><\/span>\n\t<\/p>\n<\/td>\n<p>Adresse* :<br \/>\n<span class=\"wpcf7-form-control-wrap\" data-name=\"Adresse\"><input size=\"40\" maxlength=\"400\" class=\"wpcf7-form-control wpcf7-text wpcf7-validates-as-required\" aria-required=\"true\" aria-invalid=\"false\" value=\"\" type=\"text\" name=\"Adresse\" \/><\/span>\n<\/p>\n<p>Code postal* :<br \/>\n<span class=\"wpcf7-form-control-wrap\" data-name=\"CP\"><input size=\"40\" maxlength=\"400\" class=\"wpcf7-form-control wpcf7-text wpcf7-validates-as-required\" aria-required=\"true\" aria-invalid=\"false\" value=\"\" type=\"text\" name=\"CP\" \/><\/span>\n<\/p>\n<p>Ville* :<br \/>\n<span class=\"wpcf7-form-control-wrap\" data-name=\"Ville\"><input size=\"40\" maxlength=\"400\" class=\"wpcf7-form-control wpcf7-text wpcf7-validates-as-required\" aria-required=\"true\" aria-invalid=\"false\" value=\"\" type=\"text\" name=\"Ville\" \/><\/span>\n<\/p>\n<p>T\u00e9l\u00e9phone* :<br \/>\n<span class=\"wpcf7-form-control-wrap\" data-name=\"Telephone\"><input size=\"40\" maxlength=\"400\" class=\"wpcf7-form-control wpcf7-tel wpcf7-validates-as-required wpcf7-text wpcf7-validates-as-tel\" aria-required=\"true\" aria-invalid=\"false\" value=\"\" type=\"tel\" name=\"Telephone\" \/><\/span>\n<\/p>\n<p><u><b>Situation :<\/b><\/u>\n<\/p>\n<p>Corps ou situation particuli\u00e8re* :<br \/>\n<span class=\"wpcf7-form-control-wrap\" data-name=\"Corps\"><select class=\"wpcf7-form-control wpcf7-select wpcf7-validates-as-required\" aria-required=\"true\" aria-invalid=\"false\" name=\"Corps\"><option value=\"Instituteur\">Instituteur<\/option><option value=\"Professeur des \u00e9coles\">Professeur des \u00e9coles<\/option><option value=\"Hors classe\">Hors classe<\/option><option value=\"Classe exceptionnelle\">Classe exceptionnelle<\/option><option value=\"Psy-EN\">Psy-EN<\/option><option value=\"Stagiaire (PES)\">Stagiaire (PES)<\/option><option value=\"Contractuel\">Contractuel<\/option><option value=\"AVS-AESH\">AVS-AESH<\/option><option value=\"Retrait\u00e9\">Retrait\u00e9<\/option><option value=\"Cong\u00e9 parental\">Cong\u00e9 parental<\/option><option value=\"Disponibilit\u00e9\">Disponibilit\u00e9<\/option><\/select><\/span>\n<\/p>\n<p>Fonction* :<br \/>\n<i>(S\u00e9lectionner \"Sans objet\" si vous \u00eates AESH, retrait\u00e9, en cong\u00e9 parental ou en disponibilit\u00e9)<\/i><br \/>\n<span class=\"wpcf7-form-control-wrap\" data-name=\"Fonction\"><select class=\"wpcf7-form-control wpcf7-select wpcf7-validates-as-required\" aria-required=\"true\" aria-invalid=\"false\" name=\"Fonction\"><option value=\"Adjoint \u00e9l\u00e9mentaire\">Adjoint \u00e9l\u00e9mentaire<\/option><option value=\"Adjoint maternelle\">Adjoint maternelle<\/option><option value=\"Directeur\">Directeur<\/option><option value=\"TR-Brigade\">TR-Brigade<\/option><option value=\"TR-Zil\">TR-Zil<\/option><option value=\"TRS\">TRS<\/option><option value=\"IEN\">IEN<\/option><option value=\"CPD\">CPD<\/option><option value=\"Autre\">Autre<\/option><option value=\"Sans objet\">Sans objet<\/option><\/select><\/span>\n<\/p>\n<p>Echelon* :<br \/>\n<i>(S\u00e9lectionner \"Sans objet\" si vous \u00eates AESH, contractuel, retrait\u00e9, en cong\u00e9 parental ou en disponibilit\u00e9)<\/i><br \/>\n<span class=\"wpcf7-form-control-wrap\" data-name=\"Echelon\"><select class=\"wpcf7-form-control wpcf7-select wpcf7-validates-as-required\" aria-required=\"true\" aria-invalid=\"false\" name=\"Echelon\"><option value=\"3\">3<\/option><option value=\"4\">4<\/option><option value=\"5\">5<\/option><option value=\"6\">6<\/option><option value=\"7\">7<\/option><option value=\"8\">8<\/option><option value=\"9\">9<\/option><option value=\"10\">10<\/option><option value=\"11\">11<\/option><option value=\"Autre\">Autre<\/option><option value=\"Sans objet\">Sans objet<\/option><\/select><\/span>\n<\/p>\n<p>Depuis le :\n<\/p>\n<td>\n\t<p><span class=\"wpcf7-form-control-wrap\" data-name=\"Jour-Echelon\"><select class=\"wpcf7-form-control wpcf7-select wpcf7-validates-as-required\" aria-required=\"true\" aria-invalid=\"false\" name=\"Jour-Echelon\"><option value=\"1\">1<\/option><option value=\"2\">2<\/option><option value=\"3\">3<\/option><option value=\"4\">4<\/option><option value=\"5\">5<\/option><option value=\"6\">6<\/option><option value=\"7\">7<\/option><option value=\"8\">8<\/option><option value=\"9\">9<\/option><option value=\"10\">10<\/option><option value=\"11\">11<\/option><option value=\"12\">12<\/option><option value=\"13\">13<\/option><option value=\"14\">14<\/option><option value=\"15\">15<\/option><option value=\"16\">16<\/option><option value=\"17\">17<\/option><option value=\"18\">18<\/option><option value=\"19\">19<\/option><option value=\"20\">20<\/option><option value=\"21\">21<\/option><option value=\"22\">22<\/option><option value=\"23\">23<\/option><option value=\"24\">24<\/option><option value=\"25\">25<\/option><option value=\"26\">26<\/option><option value=\"27\">27<\/option><option value=\"28\">28<\/option><option value=\"29\">29<\/option><option value=\"30\">30<\/option><option value=\"21\">21<\/option><\/select><\/span>\n\t<\/p>\n<\/td>\n<td>\n\t<p><span class=\"wpcf7-form-control-wrap\" data-name=\"Mois-Echelon\"><select class=\"wpcf7-form-control wpcf7-select wpcf7-validates-as-required\" aria-required=\"true\" aria-invalid=\"false\" name=\"Mois-Echelon\"><option value=\"Janvier\">Janvier<\/option><option value=\"F\u00e9vrier\">F\u00e9vrier<\/option><option value=\"Mars\">Mars<\/option><option value=\"Avril\">Avril<\/option><option value=\"Mai\">Mai<\/option><option value=\"Juin\">Juin<\/option><option value=\"Juillet\">Juillet<\/option><option value=\"Ao\u00fbt\">Ao\u00fbt<\/option><option value=\"Septembre\">Septembre<\/option><option value=\"Octobre\">Octobre<\/option><option value=\"Novembre\">Novembre<\/option><option value=\"D\u00e9cembre\">D\u00e9cembre<\/option><\/select><\/span>\n\t<\/p>\n<\/td>\n<td>\n\t<p><span class=\"wpcf7-form-control-wrap\" data-name=\"Annee-Echelon\"><select class=\"wpcf7-form-control wpcf7-select wpcf7-validates-as-required\" aria-required=\"true\" aria-invalid=\"false\" name=\"Annee-Echelon\"><option value=\"2025\">2025<\/option><option value=\"2024\">2024<\/option><option value=\"2023\">2023<\/option><option value=\"2022\">2022<\/option><option value=\"2021\">2021<\/option><option value=\"2020\">2020<\/option><option value=\"2019\">2019<\/option><option value=\"2018\">2018<\/option><option value=\"2017\">2017<\/option><option value=\"2016\">2016<\/option><option value=\"2015\">2015<\/option><option value=\"2014\">2014<\/option><option value=\"2013\">2013<\/option><option value=\"2012\">2012<\/option><option value=\"2011\">2011<\/option><option value=\"2010\">2010<\/option><option value=\"2009\">2009<\/option><option value=\"2008\">2008<\/option><option value=\"2007\">2007<\/option><option value=\"2006\">2006<\/option><option value=\"2005\">2005<\/option><option value=\"2004\">2004<\/option><option value=\"2003\">2003<\/option><option value=\"2002\">2002<\/option><option value=\"2001\">2001<\/option><option value=\"2000\">2000<\/option><\/select><\/span>\n\t<\/p>\n<\/td>\n<p>Ecole* :<br \/>\n<span class=\"wpcf7-form-control-wrap\" data-name=\"Ecole\"><input size=\"40\" maxlength=\"400\" class=\"wpcf7-form-control wpcf7-text wpcf7-validates-as-required\" aria-required=\"true\" aria-invalid=\"false\" value=\"\" type=\"text\" name=\"Ecole\" \/><\/span>\n<\/p>\n<p>Quotit\u00e9 de service* :<br \/>\n<i>(S\u00e9lectionner \"Sans objet\" si vous \u00eates AESH, contractuel, retrait\u00e9 ou en disponibilit\u00e9)<\/i><br \/>\n<span class=\"wpcf7-form-control-wrap\" data-name=\"Quotite\"><select class=\"wpcf7-form-control wpcf7-select wpcf7-validates-as-required\" aria-required=\"true\" aria-invalid=\"false\" name=\"Quotite\"><option value=\"100%\">100%<\/option><option value=\"80%\">80%<\/option><option value=\"75%\">75%<\/option><option value=\"50%\">50%<\/option><option value=\"Autre\">Autre<\/option><option value=\"Sans objet\">Sans objet<\/option><\/select><\/span>\n<\/p>\n<p><u><b>Cotisation et mode de r\u00e9glement :<\/b><\/u>\n<\/p>\n<p>Montant de ma cotisation annuelle (<a href=\"http:\/\/snudifo34.fr\/wp-content\/uploads\/2026\/01\/Grille-2026-pour-site-1.png\" target=\"popup\" onclick=\"window.open('http:\/\/snudifo34.fr\/wp-content\/uploads\/2026\/01\/Grille-2026-pour-site-1.png','popup','width=1000,height=457'); return false;\">voir la grille<\/a>) :\n<\/p>\n<p><span class=\"wpcf7-form-control-wrap\" data-name=\"Cotisation-Annuelle\"><input class=\"wpcf7-form-control wpcf7-number wpcf7-validates-as-required wpcf7-validates-as-number\" aria-required=\"true\" aria-invalid=\"false\" value=\"\" type=\"number\" name=\"Cotisation-Annuelle\" \/><\/span> \u20ac\n<\/p>\n<p>Nombre de pr\u00e9l\u00e8vements* :<br \/>\n<span class=\"wpcf7-form-control-wrap\" data-name=\"Nombre-prelevement\"><input class=\"wpcf7-form-control wpcf7-number wpcf7-validates-as-required wpcf7-validates-as-number\" min=\"1\" max=\"10\" aria-required=\"true\" aria-invalid=\"false\" value=\"\" type=\"number\" name=\"Nombre-prelevement\" \/><\/span>\n<\/p>\n<p><u><b>Coordonn\u00e9es bancaires :<\/b><\/u>\n<\/p>\n<p>Compte \u00e0 d\u00e9biter* : <span class=\"wpcf7-form-control-wrap\" data-name=\"Compte\"><input size=\"40\" maxlength=\"400\" class=\"wpcf7-form-control wpcf7-text wpcf7-validates-as-required\" aria-required=\"true\" aria-invalid=\"false\" value=\"\" type=\"text\" name=\"Compte\" \/><\/span><br \/>\nCode BIC* : <span class=\"wpcf7-form-control-wrap\" data-name=\"Bic\"><input size=\"40\" maxlength=\"400\" class=\"wpcf7-form-control wpcf7-text wpcf7-validates-as-required\" aria-required=\"true\" aria-invalid=\"false\" value=\"\" type=\"text\" name=\"Bic\" \/><\/span><br \/>\nCode IBAN* : <span class=\"wpcf7-form-control-wrap\" data-name=\"IBAN\"><input size=\"40\" maxlength=\"400\" class=\"wpcf7-form-control wpcf7-text wpcf7-validates-as-required\" aria-required=\"true\" aria-invalid=\"false\" value=\"\" type=\"text\" name=\"IBAN\" \/><\/span>\n<\/p>\n<p><b>Je joins un RIB <\/b> (doc, pdf, jpg, png) :<br \/>\n<span class=\"wpcf7-form-control-wrap\" data-name=\"RIB\"><input size=\"40\" class=\"wpcf7-form-control wpcf7-file wpcf7-validates-as-required\" accept=\".doc,.pdf,.jpg,.png\" aria-required=\"true\" aria-invalid=\"false\" type=\"file\" name=\"RIB\" \/><\/span>\n<\/p>\n<p><b><span class=\"wpcf7-form-control-wrap\" data-name=\"Adhesion\"><span class=\"wpcf7-form-control wpcf7-acceptance\"><span class=\"wpcf7-list-item\"><label><input type=\"checkbox\" name=\"Adhesion\" value=\"1\" aria-invalid=\"false\" \/><span class=\"wpcf7-list-item-label\">Je d\u00e9clare adh\u00e9rer au SNUDI-FO 34*<\/span><\/label><\/span><\/span><\/span><\/b><br \/>\n<span class=\"wpcf7-form-control-wrap\" data-name=\"Prelevement\"><span class=\"wpcf7-form-control wpcf7-acceptance\"><span class=\"wpcf7-list-item\"><label><input type=\"checkbox\" name=\"Prelevement\" value=\"1\" aria-invalid=\"false\" \/><span class=\"wpcf7-list-item-label\">J\u2019autorise l\u2019\u00e9tablissement teneur de mon compte \u00e0 pr\u00e9lever sur ce dernier, si ma situation le permet, tous les pr\u00e9l\u00e8vements\nordonn\u00e9s par le Snudi-FO 34 <i>(UDFO \u2013 Maison des syndicats, 474 all\u00e9e Henri II de Montmorency, 34000 MONTPELLIER - N\u00b0 national d\u2019\u00e9metteur : 452 955)<\/i>. En cas de litige sur un pr\u00e9l\u00e8vement, je pourrais faire suspendre l\u2019ex\u00e9cution par\nsimple demande \u00e0 l\u2019\u00e9tablissement teneur de mon compte. Je r\u00e8glerai le diff\u00e9rend directement avec le cr\u00e9ancier.*<\/span><\/label><\/span><\/span><\/span>\n<\/p>\n<p><i>Les informations recueillies sur ce formulaire sont enregistr\u00e9es dans un fichier informatis\u00e9. Elles sont conserv\u00e9es pendant la dur\u00e9e de votre adh\u00e9sion plus une p\u00e9riode de 3 ans et sont destin\u00e9es \u00e0 la direction de la communication de FO conform\u00e9ment \u00e0 la loi \"informatique et libert\u00e9s\", vous pouvez exercer votre droit d'acc\u00e8s aux donn\u00e9es vous concernant et les faire rectifier en contactant : snudi.fo34@gmail.com<\/i>\n<\/p>\n<p><div id=\"cf7sr-69e27bb7db804\" class=\"cf7sr-g-recaptcha\" data-theme=\"light\" data-type=\"image\" data-size=\"normal\" data-sitekey=\"6LcMvgIgAAAAAP8MzhnXwy8zbC3GTnZEBGlfWNLH\"><\/div><span class=\"wpcf7-form-control-wrap cf7sr-recaptcha\" data-name=\"cf7sr-recaptcha\"><input type=\"hidden\" name=\"cf7sr-recaptcha\" value=\"\" class=\"wpcf7-form-control\"><\/span>\n<\/p>\n<p><input class=\"wpcf7-form-control wpcf7-submit has-spinner\" type=\"submit\" value=\"Valider mon adh\u00e9sion\" \/>\n<\/p><div class=\"wpcf7-response-output\" aria-hidden=\"true\"><\/div>\n<\/form>\n<\/div>\n<\/div>\n","protected":false},"excerpt":{"rendered":"<div class=\"mh-excerpt\"><p>Pour adh\u00e9rer en ligne, rien de plus facile ! Il vous suffit de renseigner le formulaire ci-dessous en joignant obligatoirement un RIB. Vous recevrez une <a class=\"mh-excerpt-more\" href=\"http:\/\/snudifo34.fr\/index.php\/adherer-en-ligne\/\" title=\"Adh\u00e9rer en ligne\">[&#8230;]<\/a><\/p>\n<\/div>","protected":false},"author":1,"featured_media":0,"parent":0,"menu_order":0,"comment_status":"closed","ping_status":"closed","template":"","meta":{"cybocfi_hide_featured_image":"","footnotes":""},"class_list":["post-1113","page","type-page","status-publish","hentry"],"_links":{"self":[{"href":"http:\/\/snudifo34.fr\/index.php\/wp-json\/wp\/v2\/pages\/1113","targetHints":{"allow":["GET"]}}],"collection":[{"href":"http:\/\/snudifo34.fr\/index.php\/wp-json\/wp\/v2\/pages"}],"about":[{"href":"http:\/\/snudifo34.fr\/index.php\/wp-json\/wp\/v2\/types\/page"}],"author":[{"embeddable":true,"href":"http:\/\/snudifo34.fr\/index.php\/wp-json\/wp\/v2\/users\/1"}],"replies":[{"embeddable":true,"href":"http:\/\/snudifo34.fr\/index.php\/wp-json\/wp\/v2\/comments?post=1113"}],"version-history":[{"count":15,"href":"http:\/\/snudifo34.fr\/index.php\/wp-json\/wp\/v2\/pages\/1113\/revisions"}],"predecessor-version":[{"id":7524,"href":"http:\/\/snudifo34.fr\/index.php\/wp-json\/wp\/v2\/pages\/1113\/revisions\/7524"}],"wp:attachment":[{"href":"http:\/\/snudifo34.fr\/index.php\/wp-json\/wp\/v2\/media?parent=1113"}],"curies":[{"name":"wp","href":"https:\/\/api.w.org\/{rel}","templated":true}]}}