{"id":135,"date":"2020-10-01T20:33:12","date_gmt":"2020-10-01T18:33:12","guid":{"rendered":"http:\/\/snudifo34.fr\/?page_id=135"},"modified":"2024-01-31T12:42:35","modified_gmt":"2024-01-31T11:42:35","slug":"aesh","status":"publish","type":"page","link":"http:\/\/snudifo34.fr\/index.php\/aesh\/","title":{"rendered":"AESH"},"content":{"rendered":"<ul class=\"wp-block-latest-posts__list is-grid columns-3 wp-block-latest-posts\"><li><a class=\"wp-block-latest-posts__post-title\" href=\"http:\/\/snudifo34.fr\/index.php\/2026\/04\/17\/la-fnec-fp-fo-ne-participera-pas-aux-ateliers-prospectifs-concernant-la-baisse-demographique-et-lanticipation-des-evolutions-de-loffre-scolaire-courrier-au-ministre-geffray\/\">La FNEC FP-FO ne participera pas aux ateliers prospectifs concernant la \u00ab Baisse d\u00e9mographique et l\u2019anticipation des \u00e9volutions de l&rsquo;offre scolaire. \u00bb Courrier au ministre Geffray<\/a><div class=\"wp-block-latest-posts__post-excerpt\">Contrairement \u00e0 ce que vous pr\u00e9tendez, ce programme de destruction de l\u2019Ecole publique n\u2019a rien \u00e0 voir avec la baisse d\u00e9mographique \u2013 qui permettrait de <a class=\"mh-excerpt-more\" href=\"http:\/\/snudifo34.fr\/index.php\/2026\/04\/17\/la-fnec-fp-fo-ne-participera-pas-aux-ateliers-prospectifs-concernant-la-baisse-demographique-et-lanticipation-des-evolutions-de-loffre-scolaire-courrier-au-ministre-geffray\/\" title=\"La FNEC FP-FO ne participera pas aux ateliers prospectifs concernant la \u00ab Baisse d\u00e9mographique et l\u2019anticipation des \u00e9volutions de l&rsquo;offre scolaire. \u00bb Courrier au ministre Geffray\">[&#8230;]<\/a><\/div><\/li>\n<li><a class=\"wp-block-latest-posts__post-title\" href=\"http:\/\/snudifo34.fr\/index.php\/2026\/04\/11\/courrier-intersyndical-au-ministre-prix-des-carburants\/\">Courrier intersyndical au ministre prix des carburants<\/a><div class=\"wp-block-latest-posts__post-excerpt\">Demande du plafonnement des prix des carburants, d\u2019augmentation des salaires, de revalorisation de l\u2019ISSR et des frais de d\u00e9placement<\/div><\/li>\n<li><a class=\"wp-block-latest-posts__post-title\" href=\"http:\/\/snudifo34.fr\/index.php\/2026\/04\/10\/le-gouvernement-annonce-de-nouvelles-coupes-blocage-des-prix\/\">Le gouvernement annonce de nouvelles coupes, Blocage des prix !<\/a><div class=\"wp-block-latest-posts__post-excerpt\">La guerre d\u2019agression contre l\u2019Iran est le pr\u00e9texte \u00e0 une flamb\u00e9e des prix du gaz et des carburants que subissent tous les salari\u00e9s et agents.<\/div><\/li>\n<li><a class=\"wp-block-latest-posts__post-title\" href=\"http:\/\/snudifo34.fr\/index.php\/2026\/04\/04\/nouvelle-reunion-du-comite-national-en-defense-de-lecole-publique-le-8-avril\/\">Nouvelle r\u00e9union du comit\u00e9 national en d\u00e9fense de l&rsquo;\u00e9cole publique le 8 avril<\/a><div class=\"wp-block-latest-posts__post-excerpt\">Se regrouper, s&rsquo;organiser pour l&rsquo;annulation des 4000 suppressions de postes!<\/div><\/li>\n<li><a class=\"wp-block-latest-posts__post-title\" href=\"http:\/\/snudifo34.fr\/index.php\/2026\/04\/04\/prix-des-carburants-courrier-de-la-fnce-fp-fo-au-ministre\/\">Prix des carburants: courrier de la FNEC FP FO au ministre<\/a><div class=\"wp-block-latest-posts__post-excerpt\">Demande du plafonnement des prix des carburants, d\u2019augmentation des salaires, de revalorisation de l\u2019ISSR et des frais de d\u00e9placement. tract de Force Ouvri\u00e8re:<\/div><\/li>\n<li><a class=\"wp-block-latest-posts__post-title\" href=\"http:\/\/snudifo34.fr\/index.php\/2026\/04\/04\/greve-et-mobilisations-contre-les-fermetures-de-classes\/\">Gr\u00e8ve et mobilisations contre les fermetures de classes!<\/a><div class=\"wp-block-latest-posts__post-excerpt\">La mobilisation contre les 74 fermetures de classe prend de l&rsquo;ampleur: Echo des mobilisations dans les d\u00e9partements:<\/div><\/li>\n<li><a class=\"wp-block-latest-posts__post-title\" href=\"http:\/\/snudifo34.fr\/index.php\/2026\/03\/28\/tous-en-greve-mardi-31-mars-tous-au-rassemblement-devant-le-rectorat-a-13h30\/\">Tous en gr\u00e8ve mardi 31 mars ! Tous au rassemblement devant le rectorat \u00e0 13h30 !<\/a><div class=\"wp-block-latest-posts__post-excerpt\">Nous appelons \u00e0 la mobilisation de tous, personnels et parents d&rsquo;\u00e9l\u00e8ves pour obtenir :<\/div><\/li>\n<li><a class=\"wp-block-latest-posts__post-title\" href=\"http:\/\/snudifo34.fr\/index.php\/2026\/03\/28\/suppressions-de-postes-cest-maintenant-quil-faut-y-aller-reunissons-nous-dans-nos-ecoles-et-decidons-la-greve\/\">Suppressions de postes : c\u2019est maintenant qu\u2019il faut y aller ! R\u00e9unissons-nous dans nos \u00e9coles et d\u00e9cidons la gr\u00e8ve !<\/a><div class=\"wp-block-latest-posts__post-excerpt\">Les annonces de fermetures de classes ont provoqu\u00e9 partout une r\u00e9action imm\u00e9diate et spontan\u00e9e des personnels et des parents d\u2019\u00e9l\u00e8ves: les blocages d\u2019\u00e9coles, les rassemblements, <a class=\"mh-excerpt-more\" href=\"http:\/\/snudifo34.fr\/index.php\/2026\/03\/28\/suppressions-de-postes-cest-maintenant-quil-faut-y-aller-reunissons-nous-dans-nos-ecoles-et-decidons-la-greve\/\" title=\"Suppressions de postes : c\u2019est maintenant qu\u2019il faut y aller ! R\u00e9unissons-nous dans nos \u00e9coles et d\u00e9cidons la gr\u00e8ve !\">[&#8230;]<\/a><\/div><\/li>\n<li><a class=\"wp-block-latest-posts__post-title\" href=\"http:\/\/snudifo34.fr\/index.php\/2026\/03\/28\/tous-en-greve-on-va-chercher-nos-postes\/\">TOUS EN GREVE ! On va chercher nos postes !<\/a><div class=\"wp-block-latest-posts__post-excerpt\">De nombreux appels intersyndicaux proposent la gr\u00e8ve aux personnels d\u00e8s la semaine prochaine, en particulier de nombreux appels pour le mardi 31 mars.<\/div><\/li>\n<li><a class=\"wp-block-latest-posts__post-title\" href=\"http:\/\/snudifo34.fr\/index.php\/2026\/03\/25\/ecole-publique-en-danger\/\">ECOLE PUBLIQUE EN DANGER NON AUX FERMETURES DE CLASSE DANS L&rsquo;HERAULT!<\/a><div class=\"wp-block-latest-posts__post-excerpt\">REUNION PUBLIQUE mercredi 1er avril \u00e0 19h, SIEGE DE LA FCPE DE L\u2019HERAULT, 27 Rue Savorgnan de Brazza, 34070 Montpellier (entr\u00e9e par la rue du <a class=\"mh-excerpt-more\" href=\"http:\/\/snudifo34.fr\/index.php\/2026\/03\/25\/ecole-publique-en-danger\/\" title=\"ECOLE PUBLIQUE EN DANGER NON AUX FERMETURES DE CLASSE DANS L&rsquo;HERAULT!\">[&#8230;]<\/a><\/div><\/li>\n<li><a class=\"wp-block-latest-posts__post-title\" href=\"http:\/\/snudifo34.fr\/index.php\/2026\/03\/20\/partout-en-france-discutons-de-lappel-de-lag-des-personnels-et-lyceens-de-marseille\/\">Partout en France : discutons de l\u2019appel de l\u2019AG des personnels et lyc\u00e9ens de Marseille !<\/a><div class=\"wp-block-latest-posts__post-excerpt\">La FNEC FP-FO porte \u00e0 la connaissance de tous l\u2019appel de l\u2019AG des personnels et lyc\u00e9ens de Marseille qui reconduisent les gr\u00e8ves et les blocages <a class=\"mh-excerpt-more\" href=\"http:\/\/snudifo34.fr\/index.php\/2026\/03\/20\/partout-en-france-discutons-de-lappel-de-lag-des-personnels-et-lyceens-de-marseille\/\" title=\"Partout en France : discutons de l\u2019appel de l\u2019AG des personnels et lyc\u00e9ens de Marseille !\">[&#8230;]<\/a><\/div><\/li>\n<li><a class=\"wp-block-latest-posts__post-title\" href=\"http:\/\/snudifo34.fr\/index.php\/2026\/03\/15\/echo-des-mobilisations\/\">Echo des mobilisations<\/a><div class=\"wp-block-latest-posts__post-excerpt\">Enseignants, AESH, parents, lyc\u00e9ens: tous ceux qui partout en France refusent les suppressions de postes et exigent l&rsquo;ouverture des postes n\u00e9cessaires, qui refusent la militarisation <a class=\"mh-excerpt-more\" href=\"http:\/\/snudifo34.fr\/index.php\/2026\/03\/15\/echo-des-mobilisations\/\" title=\"Echo des mobilisations\">[&#8230;]<\/a><\/div><\/li>\n<li><a class=\"wp-block-latest-posts__post-title\" href=\"http:\/\/snudifo34.fr\/index.php\/2026\/03\/15\/aesh-interview-apres-la-greve-victorieuse-des-aesh-de-graulhet-elles-nous-montrent-la-voie\/\">AESH: interview apr\u00e8s la gr\u00e8ve victorieuse des AESH de Graulhet: elles nous montrent la voie!<\/a><div class=\"wp-block-latest-posts__post-excerpt\">\u201c\u00c7a faisait quand m\u00eame quelques semaines qu&rsquo;on y r\u00e9fl\u00e9chissait : on a pris la d\u00e9cision de se mettre en gr\u00e8ve. \u00c7a n&rsquo;a pas \u00e9t\u00e9 une <a class=\"mh-excerpt-more\" href=\"http:\/\/snudifo34.fr\/index.php\/2026\/03\/15\/aesh-interview-apres-la-greve-victorieuse-des-aesh-de-graulhet-elles-nous-montrent-la-voie\/\" title=\"AESH: interview apr\u00e8s la gr\u00e8ve victorieuse des AESH de Graulhet: elles nous montrent la voie!\">[&#8230;]<\/a><\/div><\/li>\n<li><a class=\"wp-block-latest-posts__post-title\" href=\"http:\/\/snudifo34.fr\/index.php\/2026\/03\/15\/10-mars-appel-du-comite-national-en-defense-de-lecole-publique-et-appel-des-250-manifestants-devant-le-ministere-de-leducation-nationale\/\">10 MARS: appel du COMIT\u00c9 NATIONAL EN D\u00c9FENSE DE L\u2019ECOLE PUBLIQUE et appel des 250 manifestants devant le minist\u00e8re de l&rsquo;\u00e9ducation nationale<\/a><div class=\"wp-block-latest-posts__post-excerpt\">Le comit\u00e9 national r\u00e9uni le mardi 10 mars 2026 constate que les 4000 suppressions de postes pr\u00e9vues dans le cadre du budget 2026, adopt\u00e9 par <a class=\"mh-excerpt-more\" href=\"http:\/\/snudifo34.fr\/index.php\/2026\/03\/15\/10-mars-appel-du-comite-national-en-defense-de-lecole-publique-et-appel-des-250-manifestants-devant-le-ministere-de-leducation-nationale\/\" title=\"10 MARS: appel du COMIT\u00c9 NATIONAL EN D\u00c9FENSE DE L\u2019ECOLE PUBLIQUE et appel des 250 manifestants devant le minist\u00e8re de l&rsquo;\u00e9ducation nationale\">[&#8230;]<\/a><\/div><\/li>\n<li><a class=\"wp-block-latest-posts__post-title\" href=\"http:\/\/snudifo34.fr\/index.php\/2026\/03\/15\/temps-partiel-therapeutique-quand-la-gestion-prend-le-pas-sur-la-sante\/\">Temps partiel th\u00e9rapeutique \u00ab\u00a0Quand la gestion prend le pas sur la sant\u00e9 !\u00a0\u00bb<\/a><div class=\"wp-block-latest-posts__post-excerpt\">L\u00e0 o\u00f9 le TPT \u00e9tait d\u2019abord pens\u00e9 comme un outil de protection de la sant\u00e9 et de maintien dans l\u2019emploi, il est d\u00e9sormais de plus <a class=\"mh-excerpt-more\" href=\"http:\/\/snudifo34.fr\/index.php\/2026\/03\/15\/temps-partiel-therapeutique-quand-la-gestion-prend-le-pas-sur-la-sante\/\" title=\"Temps partiel th\u00e9rapeutique \u00ab\u00a0Quand la gestion prend le pas sur la sant\u00e9 !\u00a0\u00bb\">[&#8230;]<\/a><\/div><\/li>\n<\/ul>\n\n\n<p>Les AESH ont des droits ! Et FO est l\u00e0 pour vous informer et vous d\u00e9fendre !<\/p>\n\n\n\n<p>Retrouvez ci-dessous tous les articles relatifs au AESH, \u00e0 leur statut et \u00e0 la question de l&rsquo;inclusion :<\/p>\n\n\n\n<p>Retrouvez ci-dessous le <strong>guide 2022\u20132023<\/strong> publi\u00e9 par la FNEC FP FO :<\/p>\n\n\n<a href=\"http:\/\/snudifo34.fr\/wp-content\/uploads\/2023\/07\/2022-11-30-guide-AESH-2022-2023-.pdf\" class=\"pdfemb-viewer\" style=\"\" data-width=\"max\" data-height=\"max\" data-toolbar=\"bottom\" data-toolbar-fixed=\"off\">2022-11-30-guide-AESH-2022-2023-<\/a>\n<p class=\"wp-block-pdfemb-pdf-embedder-viewer\"><\/p>\n\n\n\n<p><\/p>\n\n\n<!-- PDF Embedder: Please provide an \"URL\" attribute in your shortcode. -->","protected":false},"excerpt":{"rendered":"<div class=\"mh-excerpt\"><p>Les AESH ont des droits ! Et FO est l\u00e0 pour vous informer et vous d\u00e9fendre ! Retrouvez ci-dessous tous les articles relatifs au AESH, <a class=\"mh-excerpt-more\" href=\"http:\/\/snudifo34.fr\/index.php\/aesh\/\" title=\"AESH\">[&#8230;]<\/a><\/p>\n<\/div>","protected":false},"author":1,"featured_media":0,"parent":0,"menu_order":0,"comment_status":"closed","ping_status":"closed","template":"","meta":{"cybocfi_hide_featured_image":"","footnotes":""},"class_list":["post-135","page","type-page","status-publish","hentry"],"_links":{"self":[{"href":"http:\/\/snudifo34.fr\/index.php\/wp-json\/wp\/v2\/pages\/135","targetHints":{"allow":["GET"]}}],"collection":[{"href":"http:\/\/snudifo34.fr\/index.php\/wp-json\/wp\/v2\/pages"}],"about":[{"href":"http:\/\/snudifo34.fr\/index.php\/wp-json\/wp\/v2\/types\/page"}],"author":[{"embeddable":true,"href":"http:\/\/snudifo34.fr\/index.php\/wp-json\/wp\/v2\/users\/1"}],"replies":[{"embeddable":true,"href":"http:\/\/snudifo34.fr\/index.php\/wp-json\/wp\/v2\/comments?post=135"}],"version-history":[{"count":5,"href":"http:\/\/snudifo34.fr\/index.php\/wp-json\/wp\/v2\/pages\/135\/revisions"}],"predecessor-version":[{"id":5238,"href":"http:\/\/snudifo34.fr\/index.php\/wp-json\/wp\/v2\/pages\/135\/revisions\/5238"}],"wp:attachment":[{"href":"http:\/\/snudifo34.fr\/index.php\/wp-json\/wp\/v2\/media?parent=135"}],"curies":[{"name":"wp","href":"https:\/\/api.w.org\/{rel}","templated":true}]}}