{"id":1355,"date":"2022-08-21T17:34:02","date_gmt":"2022-08-21T15:34:02","guid":{"rendered":"http:\/\/snudifo34.fr\/?page_id=1355"},"modified":"2023-11-17T19:31:54","modified_gmt":"2023-11-17T18:31:54","slug":"ctsd-carte-scolaire","status":"publish","type":"page","link":"http:\/\/snudifo34.fr\/index.php\/ctsd-carte-scolaire\/","title":{"rendered":"CSA (ex-CTSD) \/ Carte scolaire \/ CDEN"},"content":{"rendered":"\n<p>Depuis la loi de Transformation de la Fonction Publique (loi DUSSOPT), les CSA <strong>(Comit\u00e9 Social d&rsquo;Administration<\/strong>) remplacent en les fusionnant les comit\u00e9s techniques (CTSD) et les CHSCT.<\/p>\n\n\n\n<p>Le CSA a comp\u00e9tence pour toutes les questions concernant <strong>l&rsquo;organisation et le fonctionnement des \u00e9tablissements scolaires<\/strong> des 1er et 2nd degr\u00e9s dans le d\u00e9partement et l&rsquo;acad\u00e9mie: carte scolaire, organisations des services, du remplacement, de la formation&#8230; Pr\u00e9sid\u00e9 par le DASEN, il r\u00e9unit l&rsquo;administration et les repr\u00e9sentants syndicaux.  <\/p>\n\n\n\n<p><strong>Notre syndicat y est repr\u00e9sent\u00e9 \u00e0 tous les niveaux, d\u00e9partemental, acad\u00e9mique par ses \u00e9lus FNEC FP FO<\/strong>: <\/p>\n\n\n\n<ul class=\"wp-block-list\">\n<li>Rapha\u00ebl Geng Ortoli (titulaire) et Sabine Raynaud (suppl\u00e9ante) si\u00e8gent au CSA SD, <\/li>\n\n\n\n<li>Jean Luc Dussol (titulaire) et Mathieu Marchal (suppl\u00e9ant) si\u00e8gent au CSA A<\/li>\n<\/ul>\n\n\n\n<p>Le <strong>CDEN<\/strong> (Comit\u00e9 D\u00e9partemental de l&rsquo;Education Nationale) valide les d\u00e9cisions prise lors du CSA. Pr\u00e9sid\u00e9 par le Pr\u00e9fet, il r\u00e9unit la direction acad\u00e9mique, les repr\u00e9sentants syndicaux, les collectivit\u00e9s territoriales, les f\u00e9d\u00e9rations de parents d&rsquo;\u00e9l\u00e8ves, les DDEN (d\u00e9l\u00e9gu\u00e9s d\u00e9partementaux de l&rsquo;\u00e9ducation nationale).<\/p>\n\n\n\n<p>Sabine Raynaud (titulaire) et Christ\u00e8le Faure (suppl\u00e9ante) si\u00e8gent au CDEN pour la FNEC FP FO<\/p>\n\n\n\n<p>Retrouvez ci-dessous tous les articles relatifs aux diff\u00e9rents CSA et CDEN:<\/p>\n\n\n<ul class=\"wp-block-latest-posts__list wp-block-latest-posts\"><li><a class=\"wp-block-latest-posts__post-title\" href=\"http:\/\/snudifo34.fr\/index.php\/2026\/02\/04\/compte-rendu-du-csa-ministeriel-du-29-janvier-2026\/\">Compte rendu du CSA minist\u00e9riel du 29 janvier 2026<\/a><div class=\"wp-block-latest-posts__post-excerpt\">4 textes \u00e9taient \u00e0 l\u2019ordre du jour. Ils concernent la r\u00e9forme de la formation initiale et des concours enseignants.<\/div><\/li>\n<li><a class=\"wp-block-latest-posts__post-title\" href=\"http:\/\/snudifo34.fr\/index.php\/2026\/02\/04\/1-891-suppressions-de-postes-dans-les-ecoles-cette-agression-inedite-appelle-une-resistance-inedite\/\">1 891 suppressions de postes dans les \u00e9coles :cette agression in\u00e9dite appelle une r\u00e9sistance in\u00e9dite !<\/a><div class=\"wp-block-latest-posts__post-excerpt\">Les dotations en postes pour chaque acad\u00e9mie ont en effet \u00e9t\u00e9 pr\u00e9sent\u00e9es lors du comit\u00e9 social acad\u00e9mique (CSA) minist\u00e9riel du 26 janvier, avant d\u2019\u00eatre l\u00e9g\u00e8rement <a class=\"mh-excerpt-more\" href=\"http:\/\/snudifo34.fr\/index.php\/2026\/02\/04\/1-891-suppressions-de-postes-dans-les-ecoles-cette-agression-inedite-appelle-une-resistance-inedite\/\" title=\"1 891 suppressions de postes dans les \u00e9coles :cette agression in\u00e9dite appelle une r\u00e9sistance in\u00e9dite !\">[&#8230;]<\/a><\/div><\/li>\n<li><a class=\"wp-block-latest-posts__post-title\" href=\"http:\/\/snudifo34.fr\/index.php\/2026\/01\/26\/declaration-de-la-fnec-fp-fo-au-csa-du-ministere-de-leducation-nationale-du-26-janvier-2026\/\">D\u00e9claration de la FNEC FP-FO au CSA du minist\u00e8re de l\u2019Education nationale du 26 janvier 2026<\/a><div class=\"wp-block-latest-posts__post-excerpt\">Alors qu\u2019E. Macron a doubl\u00e9 le budget militaire durant son mandat, passant de 30 milliards \u00e0 plus de 60 milliards et qu\u2019on veut construire un <a class=\"mh-excerpt-more\" href=\"http:\/\/snudifo34.fr\/index.php\/2026\/01\/26\/declaration-de-la-fnec-fp-fo-au-csa-du-ministere-de-leducation-nationale-du-26-janvier-2026\/\" title=\"D\u00e9claration de la FNEC FP-FO au CSA du minist\u00e8re de l\u2019Education nationale du 26 janvier 2026\">[&#8230;]<\/a><\/div><\/li>\n<li><a class=\"wp-block-latest-posts__post-title\" href=\"http:\/\/snudifo34.fr\/index.php\/2026\/01\/24\/carte-scolaire-cest-des-maintenant-quil-faut-agir\/\">Carte scolaire : c&rsquo;est d\u00e8s maintenant qu&rsquo;il faut agir!<\/a><div class=\"wp-block-latest-posts__post-excerpt\">Les op\u00e9rations de carte scolaire pour la rentr\u00e9e 2026 sont en cours, quoi qu&rsquo;en dise l&rsquo;administration. Afin de d\u00e9fendre la situation de vos \u00e9coles, nous <a class=\"mh-excerpt-more\" href=\"http:\/\/snudifo34.fr\/index.php\/2026\/01\/24\/carte-scolaire-cest-des-maintenant-quil-faut-agir\/\" title=\"Carte scolaire : c&rsquo;est d\u00e8s maintenant qu&rsquo;il faut agir!\">[&#8230;]<\/a><\/div><\/li>\n<li><a class=\"wp-block-latest-posts__post-title\" href=\"http:\/\/snudifo34.fr\/index.php\/2025\/12\/05\/compte-rendu-du-cse-du-4-decembre-2025-en-presence-du-ministre-e-geffray\/\">Compte rendu du CSE du 4 d\u00e9cembre 2025 en pr\u00e9sence du ministre E Geffray<\/a><div class=\"wp-block-latest-posts__post-excerpt\">D\u00e9claration de la FNEC FP FO et r\u00e9ponses du ministre<\/div><\/li>\n<\/ul>","protected":false},"excerpt":{"rendered":"<div class=\"mh-excerpt\"><p>Depuis la loi de Transformation de la Fonction Publique (loi DUSSOPT), les CSA (Comit\u00e9 Social d&rsquo;Administration) remplacent en les fusionnant les comit\u00e9s techniques (CTSD) et <a class=\"mh-excerpt-more\" href=\"http:\/\/snudifo34.fr\/index.php\/ctsd-carte-scolaire\/\" title=\"CSA (ex-CTSD) \/ Carte scolaire \/ CDEN\">[&#8230;]<\/a><\/p>\n<\/div>","protected":false},"author":1,"featured_media":0,"parent":0,"menu_order":0,"comment_status":"closed","ping_status":"closed","template":"","meta":{"cybocfi_hide_featured_image":"","footnotes":""},"class_list":["post-1355","page","type-page","status-publish","hentry"],"_links":{"self":[{"href":"http:\/\/snudifo34.fr\/index.php\/wp-json\/wp\/v2\/pages\/1355","targetHints":{"allow":["GET"]}}],"collection":[{"href":"http:\/\/snudifo34.fr\/index.php\/wp-json\/wp\/v2\/pages"}],"about":[{"href":"http:\/\/snudifo34.fr\/index.php\/wp-json\/wp\/v2\/types\/page"}],"author":[{"embeddable":true,"href":"http:\/\/snudifo34.fr\/index.php\/wp-json\/wp\/v2\/users\/1"}],"replies":[{"embeddable":true,"href":"http:\/\/snudifo34.fr\/index.php\/wp-json\/wp\/v2\/comments?post=1355"}],"version-history":[{"count":9,"href":"http:\/\/snudifo34.fr\/index.php\/wp-json\/wp\/v2\/pages\/1355\/revisions"}],"predecessor-version":[{"id":4964,"href":"http:\/\/snudifo34.fr\/index.php\/wp-json\/wp\/v2\/pages\/1355\/revisions\/4964"}],"wp:attachment":[{"href":"http:\/\/snudifo34.fr\/index.php\/wp-json\/wp\/v2\/media?parent=1355"}],"curies":[{"name":"wp","href":"https:\/\/api.w.org\/{rel}","templated":true}]}}