{"id":1366,"date":"2022-08-21T17:45:32","date_gmt":"2022-08-21T15:45:32","guid":{"rendered":"http:\/\/snudifo34.fr\/?page_id=1366"},"modified":"2023-07-09T10:48:23","modified_gmt":"2023-07-09T08:48:23","slug":"contractuels","status":"publish","type":"page","link":"http:\/\/snudifo34.fr\/index.php\/contractuels\/","title":{"rendered":"Contractuels"},"content":{"rendered":"\n<p>Le SNUDI-FO 34 informe, aide et d\u00e9fend tous les personnels. <\/p>\n\n\n\n<p>Vous \u00eates contractuel ? <strong>Ne restez pas isol\u00e9<\/strong> ! <\/p>\n\n\n\n<p>N&rsquo;h\u00e9sitez pas \u00e0 <a rel=\"noreferrer noopener\" href=\"http:\/\/snudifo34.fr\/index.php\/reunions-dinformation-syndicale-ris\/\" data-type=\"page\" data-id=\"365\" target=\"_blank\"><strong>participer \u00e0 nos RIS<\/strong><\/a> et \u00e0 <a rel=\"noreferrer noopener\" href=\"http:\/\/snudifo34.fr\/index.php\/stages\/\" data-type=\"page\" data-id=\"47\" target=\"_blank\"><strong>nos stages syndicaux<\/strong><\/a>.<\/p>\n\n\n\n<p>Retrouvez ci-dessous les articles relatifs aux contractuels :<\/p>\n\n\n<ul class=\"wp-block-latest-posts__list wp-block-latest-posts\"><li><a class=\"wp-block-latest-posts__post-title\" href=\"http:\/\/snudifo34.fr\/index.php\/2026\/03\/15\/echo-des-mobilisations\/\">Echo des mobilisations<\/a><div class=\"wp-block-latest-posts__post-excerpt\">Enseignants, AESH, parents, lyc\u00e9ens: tous ceux qui partout en France refusent les suppressions de postes et exigent l&rsquo;ouverture des postes n\u00e9cessaires, qui refusent la militarisation <a class=\"mh-excerpt-more\" href=\"http:\/\/snudifo34.fr\/index.php\/2026\/03\/15\/echo-des-mobilisations\/\" title=\"Echo des mobilisations\">[&#8230;]<\/a><\/div><\/li>\n<li><a class=\"wp-block-latest-posts__post-title\" href=\"http:\/\/snudifo34.fr\/index.php\/2026\/03\/15\/10-mars-appel-du-comite-national-en-defense-de-lecole-publique-et-appel-des-250-manifestants-devant-le-ministere-de-leducation-nationale\/\">10 MARS: appel du COMIT\u00c9 NATIONAL EN D\u00c9FENSE DE L\u2019ECOLE PUBLIQUE et appel des 250 manifestants devant le minist\u00e8re de l&rsquo;\u00e9ducation nationale<\/a><div class=\"wp-block-latest-posts__post-excerpt\">Le comit\u00e9 national r\u00e9uni le mardi 10 mars 2026 constate que les 4000 suppressions de postes pr\u00e9vues dans le cadre du budget 2026, adopt\u00e9 par <a class=\"mh-excerpt-more\" href=\"http:\/\/snudifo34.fr\/index.php\/2026\/03\/15\/10-mars-appel-du-comite-national-en-defense-de-lecole-publique-et-appel-des-250-manifestants-devant-le-ministere-de-leducation-nationale\/\" title=\"10 MARS: appel du COMIT\u00c9 NATIONAL EN D\u00c9FENSE DE L\u2019ECOLE PUBLIQUE et appel des 250 manifestants devant le minist\u00e8re de l&rsquo;\u00e9ducation nationale\">[&#8230;]<\/a><\/div><\/li>\n<li><a class=\"wp-block-latest-posts__post-title\" href=\"http:\/\/snudifo34.fr\/index.php\/2026\/03\/15\/temps-partiel-therapeutique-quand-la-gestion-prend-le-pas-sur-la-sante\/\">Temps partiel th\u00e9rapeutique \u00ab\u00a0Quand la gestion prend le pas sur la sant\u00e9 !\u00a0\u00bb<\/a><div class=\"wp-block-latest-posts__post-excerpt\">L\u00e0 o\u00f9 le TPT \u00e9tait d\u2019abord pens\u00e9 comme un outil de protection de la sant\u00e9 et de maintien dans l\u2019emploi, il est d\u00e9sormais de plus <a class=\"mh-excerpt-more\" href=\"http:\/\/snudifo34.fr\/index.php\/2026\/03\/15\/temps-partiel-therapeutique-quand-la-gestion-prend-le-pas-sur-la-sante\/\" title=\"Temps partiel th\u00e9rapeutique \u00ab\u00a0Quand la gestion prend le pas sur la sant\u00e9 !\u00a0\u00bb\">[&#8230;]<\/a><\/div><\/li>\n<li><a class=\"wp-block-latest-posts__post-title\" href=\"http:\/\/snudifo34.fr\/index.php\/2026\/03\/11\/30-000-eleves-qui-devraient-etre-scolarises-en-esms-ny-sont-pas-faute-de-place50-000-eleves-notifies-nont-aucun-suivi-aeshca-suffit-construisons-le-rapport-de-for\/\">30 000 \u00e9l\u00e8ves qui devraient \u00eatre scolaris\u00e9s en ESMS n\u2019y sont pas faute de place\u202650 000 \u00e9l\u00e8ves notifi\u00e9s n\u2019ont aucun suivi AESH\u2026\u00c7a suffit ! Construisons le rapport de force !<\/a><div class=\"wp-block-latest-posts__post-excerpt\">La question de construire le rapport de force est plus que jamais pos\u00e9e, en lien avec la mobilisation contre les suppressions de postes du budget <a class=\"mh-excerpt-more\" href=\"http:\/\/snudifo34.fr\/index.php\/2026\/03\/11\/30-000-eleves-qui-devraient-etre-scolarises-en-esms-ny-sont-pas-faute-de-place50-000-eleves-notifies-nont-aucun-suivi-aeshca-suffit-construisons-le-rapport-de-for\/\" title=\"30 000 \u00e9l\u00e8ves qui devraient \u00eatre scolaris\u00e9s en ESMS n\u2019y sont pas faute de place\u202650 000 \u00e9l\u00e8ves notifi\u00e9s n\u2019ont aucun suivi AESH\u2026\u00c7a suffit ! Construisons le rapport de force !\">[&#8230;]<\/a><\/div><\/li>\n<li><a class=\"wp-block-latest-posts__post-title\" href=\"http:\/\/snudifo34.fr\/index.php\/2026\/02\/27\/autorisations-speciales-dabsence-un-decret-indigne-et-scandaleux\/\">Autorisations sp\u00e9ciales d&rsquo;absence: un d\u00e9cret INDIGNE ET SCANDALEUX !<\/a><div class=\"wp-block-latest-posts__post-excerpt\">Communiqu\u00e9 de presse de FO Fonction Publique<\/div><\/li>\n<li><a class=\"wp-block-latest-posts__post-title\" href=\"http:\/\/snudifo34.fr\/index.php\/2026\/02\/11\/echos-des-mobilisations-10-fevrier-et-appel-de-lag-de-paris\/\">Echos des mobilisations (10 f\u00e9vrier) et appel de l&rsquo;AG de Paris<\/a><div class=\"wp-block-latest-posts__post-excerpt\">Rectorat de Paris envahi, AESH en gr\u00e8ve en Seine St Denis et dans le Tarn: contre le budget Macron-Lecornu, en avant la mobilisation! Appel de <a class=\"mh-excerpt-more\" href=\"http:\/\/snudifo34.fr\/index.php\/2026\/02\/11\/echos-des-mobilisations-10-fevrier-et-appel-de-lag-de-paris\/\" title=\"Echos des mobilisations (10 f\u00e9vrier) et appel de l&rsquo;AG de Paris\">[&#8230;]<\/a><\/div><\/li>\n<li><a class=\"wp-block-latest-posts__post-title\" href=\"http:\/\/snudifo34.fr\/index.php\/2026\/02\/06\/groupes-de-travail-sante-mentale-la-fnec-fp-fo-refuse-de-participer-a-la-destruction-de-la-sante-scolaire\/\">Groupes de travail \u00ab sant\u00e9 mentale \u00bb La FNEC FP-FO refuse de participer \u00e0 la destruction de la sant\u00e9 scolaire<\/a><div class=\"wp-block-latest-posts__post-excerpt\">La FNEC FP-FO ne participera pas aux groupes de travail convoqu\u00e9s par le minist\u00e8re cette semaine et qui ont pour objectif de mettre en place <a class=\"mh-excerpt-more\" href=\"http:\/\/snudifo34.fr\/index.php\/2026\/02\/06\/groupes-de-travail-sante-mentale-la-fnec-fp-fo-refuse-de-participer-a-la-destruction-de-la-sante-scolaire\/\" title=\"Groupes de travail \u00ab sant\u00e9 mentale \u00bb La FNEC FP-FO refuse de participer \u00e0 la destruction de la sant\u00e9 scolaire\">[&#8230;]<\/a><\/div><\/li>\n<li><a class=\"wp-block-latest-posts__post-title\" href=\"http:\/\/snudifo34.fr\/index.php\/2026\/02\/05\/non-a-la-militarisation-de-lecole\/\">Non \u00e0 la militarisation de l\u2019Ecole !<\/a><div class=\"wp-block-latest-posts__post-excerpt\">Courrier intersyndical au ministre de l&rsquo;Education Nationale<\/div><\/li>\n<li><a class=\"wp-block-latest-posts__post-title\" href=\"http:\/\/snudifo34.fr\/index.php\/2026\/02\/05\/enseignante-poignardee-dans-un-college-du-var-ca-suffit\/\">Enseignante poignard\u00e9e dans un coll\u00e8ge du Var : \u00c7A SUFFIT !<\/a><div class=\"wp-block-latest-posts__post-excerpt\">Vous trouverez ci-dessous le communiqu\u00e9 du SNFOLC 83 dont nous partageons les termes, et qui appelle \u00e0 la gr\u00e8ve et \u00e0 un rassemblement devant la <a class=\"mh-excerpt-more\" href=\"http:\/\/snudifo34.fr\/index.php\/2026\/02\/05\/enseignante-poignardee-dans-un-college-du-var-ca-suffit\/\" title=\"Enseignante poignard\u00e9e dans un coll\u00e8ge du Var : \u00c7A SUFFIT !\">[&#8230;]<\/a><\/div><\/li>\n<li><a class=\"wp-block-latest-posts__post-title\" href=\"http:\/\/snudifo34.fr\/index.php\/2026\/02\/05\/poles-dappui-a-la-scolarite-la-double-peine\/\">P\u00f4les d\u2019appui \u00e0 la scolarit\u00e9 : la double peine !<\/a><div class=\"wp-block-latest-posts__post-excerpt\">Les PAS c\u2019est la double peine : d\u2019une part l\u2019aggravation de l\u2019inclusion syst\u00e9matique et forc\u00e9e et de ses cons\u00e9quences destructrices pour les \u00e9l\u00e8ves et les <a class=\"mh-excerpt-more\" href=\"http:\/\/snudifo34.fr\/index.php\/2026\/02\/05\/poles-dappui-a-la-scolarite-la-double-peine\/\" title=\"P\u00f4les d\u2019appui \u00e0 la scolarit\u00e9 : la double peine !\">[&#8230;]<\/a><\/div><\/li>\n<li><a class=\"wp-block-latest-posts__post-title\" href=\"http:\/\/snudifo34.fr\/index.php\/2026\/01\/26\/psc-il-faut-denoncer-laccord-du-8-avril-2024-et-renegocier\/\">PSC: Il faut d\u00e9noncer l&rsquo;accord du 8 avril 2024 et ren\u00e9gocier!!<\/a><div class=\"wp-block-latest-posts__post-excerpt\">La FNEC FP-FO est la seule organisation \u00e0 ne pas avoir sign\u00e9 l \u2019accord minist\u00e9riel sur la PSC en sant\u00e9 l\u2019\u00c9ducation Nationale, \u00e0 Jeunesse et <a class=\"mh-excerpt-more\" href=\"http:\/\/snudifo34.fr\/index.php\/2026\/01\/26\/psc-il-faut-denoncer-laccord-du-8-avril-2024-et-renegocier\/\" title=\"PSC: Il faut d\u00e9noncer l&rsquo;accord du 8 avril 2024 et ren\u00e9gocier!!\">[&#8230;]<\/a><\/div><\/li>\n<li><a class=\"wp-block-latest-posts__post-title\" href=\"http:\/\/snudifo34.fr\/index.php\/2026\/01\/23\/concessions-avancees-sociales-non-lecornu-impose-par-49-3-son-budget-dausterite-et-de-guerre\/\">\u00ab Concessions \u00bb ? \u00ab Avanc\u00e9es sociales \u00bb ? Non ! Lecornu impose par 49-3 son budget d\u2019aust\u00e9rit\u00e9 et de guerre<\/a><div class=\"wp-block-latest-posts__post-excerpt\">La FNEC FP-FO n\u2019est pas dupe des derni\u00e8res annonces du premier ministre Lecornu : son budget, c\u2019est toujours plus d\u2019argent pour l\u2019arm\u00e9e, des cadeaux fiscaux <a class=\"mh-excerpt-more\" href=\"http:\/\/snudifo34.fr\/index.php\/2026\/01\/23\/concessions-avancees-sociales-non-lecornu-impose-par-49-3-son-budget-dausterite-et-de-guerre\/\" title=\"\u00ab Concessions \u00bb ? \u00ab Avanc\u00e9es sociales \u00bb ? Non ! Lecornu impose par 49-3 son budget d\u2019aust\u00e9rit\u00e9 et de guerre\">[&#8230;]<\/a><\/div><\/li>\n<li><a class=\"wp-block-latest-posts__post-title\" href=\"http:\/\/snudifo34.fr\/index.php\/2026\/01\/16\/aesh-pour-un-statut-a-24h-temps-plein-avec-un-vrai-salaire-pour-labandon-des-pas-et-des-pial\/\">AESH : pour un statut \u00e0 24h temps plein, avec un vrai salaire ! Pour l\u2019abandon des PAS et des PIAL !<\/a><div class=\"wp-block-latest-posts__post-excerpt\">Les AESH veulent un statut, mais pas d\u2019un statut qui ne les sort pas de la pr\u00e9carit\u00e9 ou les transforme en factotum des \u00e9tablissements !<\/div><\/li>\n<li><a class=\"wp-block-latest-posts__post-title\" href=\"http:\/\/snudifo34.fr\/index.php\/2026\/01\/16\/audience-fo-au-ministere-la-refondation-de-la-sante-scolaire-a-marche-forcee-compte-rendu\/\">Audience FO au Minist\u00e8re : la refondation de la sant\u00e9 scolaire \u00e0 marche forc\u00e9e ! Compte rendu.<\/a><div class=\"wp-block-latest-posts__post-excerpt\">La FNEC FP-FO a \u00e9t\u00e9 re\u00e7ue en audience au minist\u00e8re au sujet des assises de la sant\u00e9 scolaire avec des repr\u00e9sentants du SNFOIEN (personnels infirmiers), <a class=\"mh-excerpt-more\" href=\"http:\/\/snudifo34.fr\/index.php\/2026\/01\/16\/audience-fo-au-ministere-la-refondation-de-la-sante-scolaire-a-marche-forcee-compte-rendu\/\" title=\"Audience FO au Minist\u00e8re : la refondation de la sant\u00e9 scolaire \u00e0 marche forc\u00e9e ! Compte rendu.\">[&#8230;]<\/a><\/div><\/li>\n<\/ul>","protected":false},"excerpt":{"rendered":"<div class=\"mh-excerpt\"><p>Le SNUDI-FO 34 informe, aide et d\u00e9fend tous les personnels. Vous \u00eates contractuel ? Ne restez pas isol\u00e9 ! N&rsquo;h\u00e9sitez pas \u00e0 participer \u00e0 nos <a class=\"mh-excerpt-more\" href=\"http:\/\/snudifo34.fr\/index.php\/contractuels\/\" title=\"Contractuels\">[&#8230;]<\/a><\/p>\n<\/div>","protected":false},"author":1,"featured_media":0,"parent":0,"menu_order":0,"comment_status":"closed","ping_status":"closed","template":"","meta":{"cybocfi_hide_featured_image":"","footnotes":""},"class_list":["post-1366","page","type-page","status-publish","hentry"],"_links":{"self":[{"href":"http:\/\/snudifo34.fr\/index.php\/wp-json\/wp\/v2\/pages\/1366","targetHints":{"allow":["GET"]}}],"collection":[{"href":"http:\/\/snudifo34.fr\/index.php\/wp-json\/wp\/v2\/pages"}],"about":[{"href":"http:\/\/snudifo34.fr\/index.php\/wp-json\/wp\/v2\/types\/page"}],"author":[{"embeddable":true,"href":"http:\/\/snudifo34.fr\/index.php\/wp-json\/wp\/v2\/users\/1"}],"replies":[{"embeddable":true,"href":"http:\/\/snudifo34.fr\/index.php\/wp-json\/wp\/v2\/comments?post=1366"}],"version-history":[{"count":2,"href":"http:\/\/snudifo34.fr\/index.php\/wp-json\/wp\/v2\/pages\/1366\/revisions"}],"predecessor-version":[{"id":4610,"href":"http:\/\/snudifo34.fr\/index.php\/wp-json\/wp\/v2\/pages\/1366\/revisions\/4610"}],"wp:attachment":[{"href":"http:\/\/snudifo34.fr\/index.php\/wp-json\/wp\/v2\/media?parent=1366"}],"curies":[{"name":"wp","href":"https:\/\/api.w.org\/{rel}","templated":true}]}}