{"id":1392,"date":"2022-08-24T18:56:19","date_gmt":"2022-08-24T16:56:19","guid":{"rendered":"http:\/\/snudifo34.fr\/?page_id=1392"},"modified":"2022-11-09T11:10:19","modified_gmt":"2022-11-09T10:10:19","slug":"elections-professionnelles","status":"publish","type":"page","link":"http:\/\/snudifo34.fr\/index.php\/elections-professionnelles\/","title":{"rendered":"Elections professionnelles"},"content":{"rendered":"\n<div class=\"wp-block-media-text alignwide is-stacked-on-mobile\" style=\"grid-template-columns:31% auto\"><figure class=\"wp-block-media-text__media\"><img loading=\"lazy\" decoding=\"async\" width=\"593\" height=\"799\" src=\"http:\/\/snudifo34.fr\/wp-content\/uploads\/2022\/08\/petite-affiche-fo-jadhere-pour-ma-retraite-.jpg\" alt=\"\" class=\"wp-image-1393 size-full\" srcset=\"http:\/\/snudifo34.fr\/wp-content\/uploads\/2022\/08\/petite-affiche-fo-jadhere-pour-ma-retraite-.jpg 593w, http:\/\/snudifo34.fr\/wp-content\/uploads\/2022\/08\/petite-affiche-fo-jadhere-pour-ma-retraite--223x300.jpg 223w\" sizes=\"auto, (max-width: 593px) 100vw, 593px\" \/><\/figure><div class=\"wp-block-media-text__content\">\n<p style=\"font-size:16px\">Les \u00e9lections professionnelles se d\u00e9rouleront dans toute la Fonction publique, <strong>du 1er au 8 d\u00e9cembre 2022<\/strong>, <strong>par voie \u00e9lectronique<\/strong>. <\/p>\n\n\n\n<div class=\"wp-block-buttons is-vertical is-layout-flex wp-container-core-buttons-is-layout-8cf370e7 wp-block-buttons-is-layout-flex\">\n<div class=\"wp-block-button has-custom-font-size is-style-outline has-small-font-size is-style-outline--1\"><a class=\"wp-block-button__link has-vivid-red-color has-text-color\" href=\"http:\/\/snudifo34.fr\/index.php\/elections-professionnelles-pe\/\" target=\"_blank\" rel=\"noreferrer noopener\"><strong>Je suis Professeur.e des \u00e9coles<\/strong><\/a><\/div>\n\n\n\n<div class=\"wp-block-button has-custom-font-size is-style-outline has-small-font-size is-style-outline--2\"><a class=\"wp-block-button__link has-vivid-red-color has-text-color\" href=\"http:\/\/snudifo34.fr\/index.php\/elections-professionnelles-aesh-contractuels\/\" target=\"_blank\" rel=\"noreferrer noopener\"><strong>Je suis AESH<\/strong><\/a><\/div>\n\n\n\n<div class=\"wp-block-button has-custom-font-size is-style-outline has-small-font-size is-style-outline--3\"><a class=\"wp-block-button__link has-vivid-red-color has-text-color\" href=\"http:\/\/snudifo34.fr\/index.php\/elections-professionnelles-aesh-contractuels\/\" target=\"_blank\" rel=\"noreferrer noopener\"><strong>Je suis Contractuel<\/strong><\/a><\/div>\n<\/div>\n<\/div><\/div>\n\n\n\n<div style=\"height:24px\" aria-hidden=\"true\" class=\"wp-block-spacer\"><\/div>\n\n\n\n<p>Ces \u00e9lections auront lieu dans un <strong>contexte particulier<\/strong> qui verra l\u2019application de la loi de transformation de la Fonction publique en termes de modifications des instances statutaires, loi dont FO exige l\u2019abrogation !Au 1er janvier 2023 seront supprim\u00e9s dans l\u2019Education nationale les comit\u00e9s hygi\u00e8ne, s\u00e9curit\u00e9 et conditions de travail (CHSCT), les comit\u00e9s techniques sp\u00e9ciaux d\u00e9partementaux, acad\u00e9miques et minist\u00e9riel (CTSD, CTA, CTM) remplac\u00e9s par des comit\u00e9 sociaux d\u2019administration (CSA).<\/p>\n\n\n\n<p><strong>Les deux premiers scrutins pour lesquels les personnels devront voter seront donc les CSA minist\u00e9riel et acad\u00e9mique.<\/strong> Quant aux commissions administratives paritaires d\u00e9partementales<br>(CAPD), elles demeureront sans les pr\u00e9rogatives de contr\u00f4le des droits collectifs des professeurs des \u00e9coles. <strong>Les CAPD permettront n\u00e9anmoins toujours de d\u00e9fendre les recours des personnels<\/strong><br>(appr\u00e9ciation PPCR, refus de temps partiels\u2026) et pourront \u00e9galement \u00eatre r\u00e9unies en formation disciplinaire.<\/p>\n\n\n\n<p>Enfin, <strong>les personnels non titulaires (AESH et contractuels) devront voter pour la commission consultative paritaire (CCP)<\/strong> leur correspondant.<\/p>\n\n\n\n<p><\/p>\n\n\n\n<div style=\"height:40px\" aria-hidden=\"true\" class=\"wp-block-spacer\"><\/div>\n\n\n\n<h2 class=\"wp-block-heading\">Tout savoir sur les \u00e9lections professionnelles :<\/h2>\n\n\n\n<div style=\"height:40px\" aria-hidden=\"true\" class=\"wp-block-spacer\"><\/div>\n\n\n<ul class=\"wp-block-latest-posts__list wp-block-latest-posts\"><li><div class=\"wp-block-latest-posts__featured-image\"><a href=\"http:\/\/snudifo34.fr\/index.php\/2022\/12\/11\/elections-professionnelles-le-snudi-fo-34-double-ses-voix\/\" aria-label=\"Elections professionnelles : le SNUDI FO 34 double ses voix\u00a0!\"><img loading=\"lazy\" decoding=\"async\" width=\"678\" height=\"157\" src=\"http:\/\/snudifo34.fr\/wp-content\/uploads\/2022\/12\/ENTETE-progression.jpg\" class=\"attachment-mh-magazine-lite-content size-mh-magazine-lite-content wp-post-image\" alt=\"\" style=\"\" srcset=\"http:\/\/snudifo34.fr\/wp-content\/uploads\/2022\/12\/ENTETE-progression.jpg 678w, http:\/\/snudifo34.fr\/wp-content\/uploads\/2022\/12\/ENTETE-progression-300x69.jpg 300w\" sizes=\"auto, (max-width: 678px) 100vw, 678px\" \/><\/a><\/div><a class=\"wp-block-latest-posts__post-title\" href=\"http:\/\/snudifo34.fr\/index.php\/2022\/12\/11\/elections-professionnelles-le-snudi-fo-34-double-ses-voix\/\">Elections professionnelles : le SNUDI FO 34 double ses voix\u00a0!<\/a><div class=\"wp-block-latest-posts__post-excerpt\">Le SNUDI FO 34 double son score en nombre de voix\u00a0: il passe de 78 voix en 2018 \u00e0 165 voix cette ann\u00e9e. Nous remercions <a class=\"mh-excerpt-more\" href=\"http:\/\/snudifo34.fr\/index.php\/2022\/12\/11\/elections-professionnelles-le-snudi-fo-34-double-ses-voix\/\" title=\"Elections professionnelles : le SNUDI FO 34 double ses voix\u00a0!\">[&#8230;]<\/a><\/div><\/li>\n<li><div class=\"wp-block-latest-posts__featured-image\"><a href=\"http:\/\/snudifo34.fr\/index.php\/2022\/12\/03\/vote-reassort-et-coup-de-main\/\" aria-label=\"\u00c9lections professionnelles : vote, r\u00e9assort et coup de main !\"><img loading=\"lazy\" decoding=\"async\" width=\"678\" height=\"157\" src=\"http:\/\/snudifo34.fr\/wp-content\/uploads\/2022\/12\/ENETE-voter-FO.jpg\" class=\"attachment-mh-magazine-lite-content size-mh-magazine-lite-content wp-post-image\" alt=\"\" style=\"\" srcset=\"http:\/\/snudifo34.fr\/wp-content\/uploads\/2022\/12\/ENETE-voter-FO.jpg 678w, http:\/\/snudifo34.fr\/wp-content\/uploads\/2022\/12\/ENETE-voter-FO-300x69.jpg 300w\" sizes=\"auto, (max-width: 678px) 100vw, 678px\" \/><\/a><\/div><a class=\"wp-block-latest-posts__post-title\" href=\"http:\/\/snudifo34.fr\/index.php\/2022\/12\/03\/vote-reassort-et-coup-de-main\/\">\u00c9lections professionnelles : vote, r\u00e9assort et coup de main !<\/a><div class=\"wp-block-latest-posts__post-excerpt\">La Premi\u00e8re Ministre vient d&rsquo;annoncer que la r\u00e9forme des retraites serait pr\u00e9sent\u00e9e au Conseil des ministres vers le 15 d\u00e9cembre et soumise au Parlement en <a class=\"mh-excerpt-more\" href=\"http:\/\/snudifo34.fr\/index.php\/2022\/12\/03\/vote-reassort-et-coup-de-main\/\" title=\"\u00c9lections professionnelles : vote, r\u00e9assort et coup de main !\">[&#8230;]<\/a><\/div><\/li>\n<li><div class=\"wp-block-latest-posts__featured-image\"><a href=\"http:\/\/snudifo34.fr\/index.php\/2022\/11\/20\/alerte-au-trucage-electoral-du-snalc-plainte-en-cours\/\" aria-label=\"Alerte au trucage \u00e9lectoral du SNALC : plainte en cours\"><img loading=\"lazy\" decoding=\"async\" width=\"678\" height=\"157\" src=\"http:\/\/snudifo34.fr\/wp-content\/uploads\/2022\/11\/ENTETE-CP-trucage-snalc.jpg\" class=\"attachment-mh-magazine-lite-content size-mh-magazine-lite-content wp-post-image\" alt=\"\" style=\"\" srcset=\"http:\/\/snudifo34.fr\/wp-content\/uploads\/2022\/11\/ENTETE-CP-trucage-snalc.jpg 678w, http:\/\/snudifo34.fr\/wp-content\/uploads\/2022\/11\/ENTETE-CP-trucage-snalc-300x69.jpg 300w\" sizes=\"auto, (max-width: 678px) 100vw, 678px\" \/><\/a><\/div><a class=\"wp-block-latest-posts__post-title\" href=\"http:\/\/snudifo34.fr\/index.php\/2022\/11\/20\/alerte-au-trucage-electoral-du-snalc-plainte-en-cours\/\">Alerte au trucage \u00e9lectoral du SNALC : plainte en cours<\/a><div class=\"wp-block-latest-posts__post-excerpt\">Nous avons \u00e9t\u00e9 alert\u00e9s par de nombreux coll\u00e8gues qui ont re\u00e7u sur leurs messageries professionnelles ou personnelles, ainsi que par SMS, des messages envoy\u00e9s par <a class=\"mh-excerpt-more\" href=\"http:\/\/snudifo34.fr\/index.php\/2022\/11\/20\/alerte-au-trucage-electoral-du-snalc-plainte-en-cours\/\" title=\"Alerte au trucage \u00e9lectoral du SNALC : plainte en cours\">[&#8230;]<\/a><\/div><\/li>\n<li><div class=\"wp-block-latest-posts__featured-image\"><a href=\"http:\/\/snudifo34.fr\/index.php\/2022\/11\/06\/les-journaux-thematiques\/\" aria-label=\"Les journaux th\u00e9matiques\"><img loading=\"lazy\" decoding=\"async\" width=\"678\" height=\"157\" src=\"http:\/\/snudifo34.fr\/wp-content\/uploads\/2022\/11\/ENTETE-journaux-thema-1.jpg\" class=\"attachment-mh-magazine-lite-content size-mh-magazine-lite-content wp-post-image\" alt=\"\" style=\"\" srcset=\"http:\/\/snudifo34.fr\/wp-content\/uploads\/2022\/11\/ENTETE-journaux-thema-1.jpg 678w, http:\/\/snudifo34.fr\/wp-content\/uploads\/2022\/11\/ENTETE-journaux-thema-1-300x69.jpg 300w\" sizes=\"auto, (max-width: 678px) 100vw, 678px\" \/><\/a><\/div><a class=\"wp-block-latest-posts__post-title\" href=\"http:\/\/snudifo34.fr\/index.php\/2022\/11\/06\/les-journaux-thematiques\/\">Les journaux th\u00e9matiques<\/a><div class=\"wp-block-latest-posts__post-excerpt\">PPCR, inclusion, statuts des AESH et des contractuels, la\u00efcit\u00e9, CHSCT, action sociale&#8230; : retrouvez les analyses et les revendications du SNUDI-FO sur de nombreux sujets <a class=\"mh-excerpt-more\" href=\"http:\/\/snudifo34.fr\/index.php\/2022\/11\/06\/les-journaux-thematiques\/\" title=\"Les journaux th\u00e9matiques\">[&#8230;]<\/a><\/div><\/li>\n<li><div class=\"wp-block-latest-posts__featured-image\"><a href=\"http:\/\/snudifo34.fr\/index.php\/2022\/11\/06\/aesh-contractuels-pourquoi-voter-fo-a-la-ccp\/\" aria-label=\"AESH, contractuels : pourquoi voter FO \u00e0 la CCP ? Profession de foi et journaux sp\u00e9ciaux\"><img loading=\"lazy\" decoding=\"async\" width=\"678\" height=\"157\" src=\"http:\/\/snudifo34.fr\/wp-content\/uploads\/2022\/11\/ENTETE-PF-CCP-AESH-contractuels.jpg\" class=\"attachment-mh-magazine-lite-content size-mh-magazine-lite-content wp-post-image\" alt=\"\" style=\"\" srcset=\"http:\/\/snudifo34.fr\/wp-content\/uploads\/2022\/11\/ENTETE-PF-CCP-AESH-contractuels.jpg 678w, http:\/\/snudifo34.fr\/wp-content\/uploads\/2022\/11\/ENTETE-PF-CCP-AESH-contractuels-300x69.jpg 300w\" sizes=\"auto, (max-width: 678px) 100vw, 678px\" \/><\/a><\/div><a class=\"wp-block-latest-posts__post-title\" href=\"http:\/\/snudifo34.fr\/index.php\/2022\/11\/06\/aesh-contractuels-pourquoi-voter-fo-a-la-ccp\/\">AESH, contractuels : pourquoi voter FO \u00e0 la CCP ? Profession de foi et journaux sp\u00e9ciaux<\/a><div class=\"wp-block-latest-posts__post-excerpt\">AESH, contractuels de l&rsquo;Education Nationale, vous allez \u00eatre amen\u00e9s \u00e0 choisir vos repr\u00e9sentants \u00e0 la CCP lors des prochaines \u00e9lections professionnelles, du 1er au 8 <a class=\"mh-excerpt-more\" href=\"http:\/\/snudifo34.fr\/index.php\/2022\/11\/06\/aesh-contractuels-pourquoi-voter-fo-a-la-ccp\/\" title=\"AESH, contractuels : pourquoi voter FO \u00e0 la CCP ? Profession de foi et journaux sp\u00e9ciaux\">[&#8230;]<\/a><\/div><\/li>\n<li><div class=\"wp-block-latest-posts__featured-image\"><a href=\"http:\/\/snudifo34.fr\/index.php\/2022\/11\/06\/professeurs-des-ecoles-pourquoi-voter-fo-a-la-capd\/\" aria-label=\"Professeurs des \u00e9coles : pourquoi voter FO \u00e0 la CAPD ?\"><img loading=\"lazy\" decoding=\"async\" width=\"678\" height=\"157\" src=\"http:\/\/snudifo34.fr\/wp-content\/uploads\/2022\/11\/ENTETE-PF-CAPD-PE.jpg\" class=\"attachment-mh-magazine-lite-content size-mh-magazine-lite-content wp-post-image\" alt=\"\" style=\"\" srcset=\"http:\/\/snudifo34.fr\/wp-content\/uploads\/2022\/11\/ENTETE-PF-CAPD-PE.jpg 678w, http:\/\/snudifo34.fr\/wp-content\/uploads\/2022\/11\/ENTETE-PF-CAPD-PE-300x69.jpg 300w\" sizes=\"auto, (max-width: 678px) 100vw, 678px\" \/><\/a><\/div><a class=\"wp-block-latest-posts__post-title\" href=\"http:\/\/snudifo34.fr\/index.php\/2022\/11\/06\/professeurs-des-ecoles-pourquoi-voter-fo-a-la-capd\/\">Professeurs des \u00e9coles : pourquoi voter FO \u00e0 la CAPD ?<\/a><div class=\"wp-block-latest-posts__post-excerpt\">Professeurs des \u00e9coles, vous allez \u00eatre amen\u00e9 \u00e0 choisir vos repr\u00e9sentants \u00e0 la CAPD lors des prochaines \u00e9lections professionnelles, du 1er au 8 d\u00e9cembre 2022. <a class=\"mh-excerpt-more\" href=\"http:\/\/snudifo34.fr\/index.php\/2022\/11\/06\/professeurs-des-ecoles-pourquoi-voter-fo-a-la-capd\/\" title=\"Professeurs des \u00e9coles : pourquoi voter FO \u00e0 la CAPD ?\">[&#8230;]<\/a><\/div><\/li>\n<li><div class=\"wp-block-latest-posts__featured-image\"><a href=\"http:\/\/snudifo34.fr\/index.php\/2022\/11\/06\/ppcr-reforme-blanquer-quel-syndicat-a-vote-quoi\/\" aria-label=\"PPCR, R\u00e9forme Blanquer&#8230; : quel syndicat a vot\u00e9 quoi ?\"><img loading=\"lazy\" decoding=\"async\" width=\"678\" height=\"157\" src=\"http:\/\/snudifo34.fr\/wp-content\/uploads\/2022\/11\/ENTETE-qui-vote-quoi.jpg\" class=\"attachment-mh-magazine-lite-content size-mh-magazine-lite-content wp-post-image\" alt=\"\" style=\"\" srcset=\"http:\/\/snudifo34.fr\/wp-content\/uploads\/2022\/11\/ENTETE-qui-vote-quoi.jpg 678w, http:\/\/snudifo34.fr\/wp-content\/uploads\/2022\/11\/ENTETE-qui-vote-quoi-300x69.jpg 300w\" sizes=\"auto, (max-width: 678px) 100vw, 678px\" \/><\/a><\/div><a class=\"wp-block-latest-posts__post-title\" href=\"http:\/\/snudifo34.fr\/index.php\/2022\/11\/06\/ppcr-reforme-blanquer-quel-syndicat-a-vote-quoi\/\">PPCR, R\u00e9forme Blanquer&#8230; : quel syndicat a vot\u00e9 quoi ?<\/a><div class=\"wp-block-latest-posts__post-excerpt\">Avant de choisir votre bulletin de vote aux \u00e9lections professionelles de d\u00e9cembre, il est important de savoir quel syndicat a vot\u00e9 pour quelle contre-r\u00e9forme ces <a class=\"mh-excerpt-more\" href=\"http:\/\/snudifo34.fr\/index.php\/2022\/11\/06\/ppcr-reforme-blanquer-quel-syndicat-a-vote-quoi\/\" title=\"PPCR, R\u00e9forme Blanquer&#8230; : quel syndicat a vot\u00e9 quoi ?\">[&#8230;]<\/a><\/div><\/li>\n<li><div class=\"wp-block-latest-posts__featured-image\"><a href=\"http:\/\/snudifo34.fr\/index.php\/2022\/11\/06\/capd-la-liste-du-snudi-fo\/\" aria-label=\"CAPD : la liste du SNUDI-FO\"><img loading=\"lazy\" decoding=\"async\" width=\"678\" height=\"157\" src=\"http:\/\/snudifo34.fr\/wp-content\/uploads\/2022\/11\/ENTETE-CAPD-liste-2022.jpg\" class=\"attachment-mh-magazine-lite-content size-mh-magazine-lite-content wp-post-image\" alt=\"\" style=\"\" srcset=\"http:\/\/snudifo34.fr\/wp-content\/uploads\/2022\/11\/ENTETE-CAPD-liste-2022.jpg 678w, http:\/\/snudifo34.fr\/wp-content\/uploads\/2022\/11\/ENTETE-CAPD-liste-2022-300x69.jpg 300w\" sizes=\"auto, (max-width: 678px) 100vw, 678px\" \/><\/a><\/div><a class=\"wp-block-latest-posts__post-title\" href=\"http:\/\/snudifo34.fr\/index.php\/2022\/11\/06\/capd-la-liste-du-snudi-fo\/\">CAPD : la liste du SNUDI-FO<\/a><div class=\"wp-block-latest-posts__post-excerpt\">En CAPD (Commission Administrative Paritaire D\u00e9partementale) vos d\u00e9l\u00e9gu\u00e9s du personnel FO interviennent sur tout ce qui concerne votre carri\u00e8re : mouvement, avancement, temps partiel, mutations, <a class=\"mh-excerpt-more\" href=\"http:\/\/snudifo34.fr\/index.php\/2022\/11\/06\/capd-la-liste-du-snudi-fo\/\" title=\"CAPD : la liste du SNUDI-FO\">[&#8230;]<\/a><\/div><\/li>\n<li><div class=\"wp-block-latest-posts__featured-image\"><a href=\"http:\/\/snudifo34.fr\/index.php\/2022\/11\/05\/tutoriel-creer-son-espace-electeur\/\" aria-label=\"TUTORIEL : Cr\u00e9er son espace \u00e9lecteur\"><img loading=\"lazy\" decoding=\"async\" width=\"678\" height=\"157\" src=\"http:\/\/snudifo34.fr\/wp-content\/uploads\/2022\/11\/ENTETE-Tuto-Espace-Electeurs.jpg\" class=\"attachment-mh-magazine-lite-content size-mh-magazine-lite-content wp-post-image\" alt=\"\" style=\"\" srcset=\"http:\/\/snudifo34.fr\/wp-content\/uploads\/2022\/11\/ENTETE-Tuto-Espace-Electeurs.jpg 678w, http:\/\/snudifo34.fr\/wp-content\/uploads\/2022\/11\/ENTETE-Tuto-Espace-Electeurs-300x69.jpg 300w\" sizes=\"auto, (max-width: 678px) 100vw, 678px\" \/><\/a><\/div><a class=\"wp-block-latest-posts__post-title\" href=\"http:\/\/snudifo34.fr\/index.php\/2022\/11\/05\/tutoriel-creer-son-espace-electeur\/\">TUTORIEL : Cr\u00e9er son espace \u00e9lecteur<\/a><div class=\"wp-block-latest-posts__post-excerpt\">Depuis le 13 octobre, chacun a re\u00e7u un mail sur son adresse professionnelle, ayant pour objet Ouverture du portail \u00e9lections professionnelles, et permettant de cr\u00e9er <a class=\"mh-excerpt-more\" href=\"http:\/\/snudifo34.fr\/index.php\/2022\/11\/05\/tutoriel-creer-son-espace-electeur\/\" title=\"TUTORIEL : Cr\u00e9er son espace \u00e9lecteur\">[&#8230;]<\/a><\/div><\/li>\n<li><div class=\"wp-block-latest-posts__featured-image\"><a href=\"http:\/\/snudifo34.fr\/index.php\/2022\/10\/12\/journal-special-elections-professionnelles\/\" aria-label=\"Journal sp\u00e9cial \u00c9lections professionnelles\"><img loading=\"lazy\" decoding=\"async\" width=\"678\" height=\"157\" src=\"http:\/\/snudifo34.fr\/wp-content\/uploads\/2022\/10\/ENTETE-4pages-elections.jpg\" class=\"attachment-mh-magazine-lite-content size-mh-magazine-lite-content wp-post-image\" alt=\"\" style=\"\" srcset=\"http:\/\/snudifo34.fr\/wp-content\/uploads\/2022\/10\/ENTETE-4pages-elections.jpg 678w, http:\/\/snudifo34.fr\/wp-content\/uploads\/2022\/10\/ENTETE-4pages-elections-300x69.jpg 300w\" sizes=\"auto, (max-width: 678px) 100vw, 678px\" \/><\/a><\/div><a class=\"wp-block-latest-posts__post-title\" href=\"http:\/\/snudifo34.fr\/index.php\/2022\/10\/12\/journal-special-elections-professionnelles\/\">Journal sp\u00e9cial \u00c9lections professionnelles<\/a><div class=\"wp-block-latest-posts__post-excerpt\">Qui vote ? Pour quel scrutin ? Quelles sont les particularit\u00e9s de FO ? Ses revendications et ses actions ? Retrouvez toutes les informations dans <a class=\"mh-excerpt-more\" href=\"http:\/\/snudifo34.fr\/index.php\/2022\/10\/12\/journal-special-elections-professionnelles\/\" title=\"Journal sp\u00e9cial \u00c9lections professionnelles\">[&#8230;]<\/a><\/div><\/li>\n<li><div class=\"wp-block-latest-posts__featured-image\"><a href=\"http:\/\/snudifo34.fr\/index.php\/2022\/10\/12\/comite-de-soutien-pour-les-listes-fo-aux-elections-professionnelles\/\" aria-label=\"Comit\u00e9 de soutien pour les listes FO aux \u00e9lections professionnelles\"><img loading=\"lazy\" decoding=\"async\" width=\"678\" height=\"157\" src=\"http:\/\/snudifo34.fr\/wp-content\/uploads\/2022\/10\/ENTETE-comite-soutien.jpg\" class=\"attachment-mh-magazine-lite-content size-mh-magazine-lite-content wp-post-image\" alt=\"\" style=\"\" srcset=\"http:\/\/snudifo34.fr\/wp-content\/uploads\/2022\/10\/ENTETE-comite-soutien.jpg 678w, http:\/\/snudifo34.fr\/wp-content\/uploads\/2022\/10\/ENTETE-comite-soutien-300x69.jpg 300w\" sizes=\"auto, (max-width: 678px) 100vw, 678px\" \/><\/a><\/div><a class=\"wp-block-latest-posts__post-title\" href=\"http:\/\/snudifo34.fr\/index.php\/2022\/10\/12\/comite-de-soutien-pour-les-listes-fo-aux-elections-professionnelles\/\">Comit\u00e9 de soutien pour les listes FO aux \u00e9lections professionnelles<\/a><div class=\"wp-block-latest-posts__post-excerpt\">Les enseignants soussign\u00e9s voteront et appellent \u00e0 voter pour les listes FORCE OUVRIERE aux \u00e9lections professionnelles du 1er au 8 d\u00e9cembre 2022. Premiers signataires : <a class=\"mh-excerpt-more\" href=\"http:\/\/snudifo34.fr\/index.php\/2022\/10\/12\/comite-de-soutien-pour-les-listes-fo-aux-elections-professionnelles\/\" title=\"Comit\u00e9 de soutien pour les listes FO aux \u00e9lections professionnelles\">[&#8230;]<\/a><\/div><\/li>\n<li><div class=\"wp-block-latest-posts__featured-image\"><a href=\"http:\/\/snudifo34.fr\/index.php\/2022\/10\/05\/les-bonnes-raisons-de-voter-fo\/\" aria-label=\"Les bonnes raisons de voter FO\"><img loading=\"lazy\" decoding=\"async\" width=\"678\" height=\"157\" src=\"http:\/\/snudifo34.fr\/wp-content\/uploads\/2022\/10\/ENTETE-les-bonnes-raison-de-voter-fo.jpg\" class=\"attachment-mh-magazine-lite-content size-mh-magazine-lite-content wp-post-image\" alt=\"\" style=\"\" srcset=\"http:\/\/snudifo34.fr\/wp-content\/uploads\/2022\/10\/ENTETE-les-bonnes-raison-de-voter-fo.jpg 678w, http:\/\/snudifo34.fr\/wp-content\/uploads\/2022\/10\/ENTETE-les-bonnes-raison-de-voter-fo-300x69.jpg 300w\" sizes=\"auto, (max-width: 678px) 100vw, 678px\" \/><\/a><\/div><a class=\"wp-block-latest-posts__post-title\" href=\"http:\/\/snudifo34.fr\/index.php\/2022\/10\/05\/les-bonnes-raisons-de-voter-fo\/\">Les bonnes raisons de voter FO<\/a><div class=\"wp-block-latest-posts__post-excerpt\">Du 1er au 8 d\u00e9cembre 2022, se tiendront les \u00e9lections professionnelles pour d\u00e9signer vos repr\u00e9sentants du personnel. Pourquoi voter pour les listes FNEC FP FO <a class=\"mh-excerpt-more\" href=\"http:\/\/snudifo34.fr\/index.php\/2022\/10\/05\/les-bonnes-raisons-de-voter-fo\/\" title=\"Les bonnes raisons de voter FO\">[&#8230;]<\/a><\/div><\/li>\n<\/ul>","protected":false},"excerpt":{"rendered":"<div class=\"mh-excerpt\"><p>Ces \u00e9lections auront lieu dans un contexte particulier qui verra l\u2019application de la loi de transformation de la Fonction publique en termes de modifications des <a class=\"mh-excerpt-more\" href=\"http:\/\/snudifo34.fr\/index.php\/elections-professionnelles\/\" title=\"Elections professionnelles\">[&#8230;]<\/a><\/p>\n<\/div>","protected":false},"author":1,"featured_media":0,"parent":0,"menu_order":0,"comment_status":"closed","ping_status":"closed","template":"","meta":{"cybocfi_hide_featured_image":"","footnotes":""},"class_list":["post-1392","page","type-page","status-publish","hentry"],"_links":{"self":[{"href":"http:\/\/snudifo34.fr\/index.php\/wp-json\/wp\/v2\/pages\/1392","targetHints":{"allow":["GET"]}}],"collection":[{"href":"http:\/\/snudifo34.fr\/index.php\/wp-json\/wp\/v2\/pages"}],"about":[{"href":"http:\/\/snudifo34.fr\/index.php\/wp-json\/wp\/v2\/types\/page"}],"author":[{"embeddable":true,"href":"http:\/\/snudifo34.fr\/index.php\/wp-json\/wp\/v2\/users\/1"}],"replies":[{"embeddable":true,"href":"http:\/\/snudifo34.fr\/index.php\/wp-json\/wp\/v2\/comments?post=1392"}],"version-history":[{"count":18,"href":"http:\/\/snudifo34.fr\/index.php\/wp-json\/wp\/v2\/pages\/1392\/revisions"}],"predecessor-version":[{"id":1844,"href":"http:\/\/snudifo34.fr\/index.php\/wp-json\/wp\/v2\/pages\/1392\/revisions\/1844"}],"wp:attachment":[{"href":"http:\/\/snudifo34.fr\/index.php\/wp-json\/wp\/v2\/media?parent=1392"}],"curies":[{"name":"wp","href":"https:\/\/api.w.org\/{rel}","templated":true}]}}