{"id":1827,"date":"2022-11-09T10:52:05","date_gmt":"2022-11-09T09:52:05","guid":{"rendered":"http:\/\/snudifo34.fr\/?page_id=1827"},"modified":"2022-11-09T11:06:30","modified_gmt":"2022-11-09T10:06:30","slug":"elections-professionnelles-pe","status":"publish","type":"page","link":"http:\/\/snudifo34.fr\/index.php\/elections-professionnelles-pe\/","title":{"rendered":"Elections professionnelles"},"content":{"rendered":"\n<h2 class=\"wp-block-heading\">Je suis professeur.e des \u00e9coles, je vote :<\/h2>\n\n\n\n<ul class=\"wp-block-list\"><li><strong>Pour les CSA Acad\u00e9miques et Minist\u00e9riels :<\/strong><\/li><\/ul>\n\n\n\n<p>Les deux premiers scrutins pour lesquels les personnels devront voter seront les CSA minist\u00e9riel et acad\u00e9mique, qui remplaceront les comit\u00e9s hygi\u00e8ne, s\u00e9curit\u00e9 et conditions de travail (CHSCT) et les comit\u00e9s techniques sp\u00e9ciaux d\u00e9partementaux, acad\u00e9miques et minist\u00e9riel (CTSD, CTA, CTM)<\/p>\n\n\n\n<ul class=\"wp-block-list\"><li><strong>Pour la CAPD :<\/strong><\/li><\/ul>\n\n\n\n<p>Les aux commissions administratives paritaires d\u00e9partementales (CAPD), demeureront sans les pr\u00e9rogatives de contr\u00f4le des droits collectifs des professeurs des \u00e9coles. Elles permettront n\u00e9anmoins toujours de d\u00e9fendre les recours des personnels (appr\u00e9ciation PPCR, refus de temps partiels\u2026) et pourront \u00e9galement \u00eatre r\u00e9unies en formation disciplinaire.<\/p>\n\n\n\n<p><\/p>\n\n\n\n<h2 class=\"wp-block-heading\">Tout savoir pour voter :<\/h2>\n\n\n\n<div class=\"wp-block-columns is-layout-flex wp-container-core-columns-is-layout-9d6595d7 wp-block-columns-is-layout-flex\">\n<div class=\"wp-block-column is-layout-flow wp-block-column-is-layout-flow\" style=\"flex-basis:66.66%\">\n<div class=\"wp-block-buttons is-vertical is-content-justification-left is-layout-flex wp-container-core-buttons-is-layout-c0ca7d81 wp-block-buttons-is-layout-flex\">\n<div class=\"wp-block-button\"><a class=\"wp-block-button__link has-white-color has-vivid-red-background-color has-text-color has-background\" href=\"http:\/\/snudifo34.fr\/index.php\/2022\/11\/05\/tutoriel-creer-son-espace-electeur\/\" target=\"_blank\" rel=\"noreferrer noopener\"><strong>TUTO : Cr\u00e9er son espace \u00e9lecteur<\/strong><\/a><\/div>\n\n\n\n<div class=\"wp-block-button is-style-outline is-style-outline--1\"><a class=\"wp-block-button__link has-vivid-red-color has-text-color\" href=\"http:\/\/snudifo34.fr\/index.php\/2022\/11\/06\/professeurs-des-ecoles-pourquoi-voter-fo-a-la-capd\/\" target=\"_blank\" rel=\"noreferrer noopener\"><strong>Notre profession de foi pour la CAPD<\/strong><\/a><\/div>\n\n\n\n<div class=\"wp-block-button\"><a class=\"wp-block-button__link has-white-color has-vivid-red-background-color has-text-color has-background\" href=\"http:\/\/snudifo34.fr\/index.php\/2022\/11\/06\/capd-la-liste-du-snudi-fo\/\" target=\"_blank\" rel=\"noreferrer noopener\"><strong>Notre liste pour la CAPD<\/strong><\/a><\/div>\n\n\n\n<div class=\"wp-block-button is-style-outline is-style-outline--2\"><a class=\"wp-block-button__link has-vivid-red-color has-text-color\" href=\"http:\/\/snudifo34.fr\/index.php\/2022\/11\/06\/ppcr-reforme-blanquer-quel-syndicat-a-vote-quoi\/\" target=\"_blank\" rel=\"noreferrer noopener\"><strong>Savoir qui a vot\u00e9 quoi<\/strong><\/a><\/div>\n\n\n\n<div class=\"wp-block-button\"><a class=\"wp-block-button__link has-white-color has-vivid-red-background-color has-text-color has-background\" href=\"http:\/\/snudifo34.fr\/index.php\/2022\/11\/06\/les-journaux-thematiques\/\" target=\"_blank\" rel=\"noreferrer noopener\"><strong>Nos journaux th\u00e9matiques<\/strong><\/a><\/div>\n<\/div>\n<\/div>\n\n\n\n<div class=\"wp-block-column is-layout-flow wp-block-column-is-layout-flow\" style=\"flex-basis:33.33%\">\n<figure class=\"wp-block-image size-full\"><img loading=\"lazy\" decoding=\"async\" width=\"336\" height=\"500\" src=\"http:\/\/snudifo34.fr\/wp-content\/uploads\/2022\/11\/image_0995706_20170628_ob_00989c_urne-fo-2-2.jpg\" alt=\"\" class=\"wp-image-1829\" srcset=\"http:\/\/snudifo34.fr\/wp-content\/uploads\/2022\/11\/image_0995706_20170628_ob_00989c_urne-fo-2-2.jpg 336w, http:\/\/snudifo34.fr\/wp-content\/uploads\/2022\/11\/image_0995706_20170628_ob_00989c_urne-fo-2-2-202x300.jpg 202w\" sizes=\"auto, (max-width: 336px) 100vw, 336px\" \/><\/figure>\n<\/div>\n<\/div>\n","protected":false},"excerpt":{"rendered":"<div class=\"mh-excerpt\"><p>Je suis professeur.e des \u00e9coles, je vote : Pour les CSA Acad\u00e9miques et Minist\u00e9riels : Les deux premiers scrutins pour lesquels les personnels devront voter <a class=\"mh-excerpt-more\" href=\"http:\/\/snudifo34.fr\/index.php\/elections-professionnelles-pe\/\" title=\"Elections professionnelles\">[&#8230;]<\/a><\/p>\n<\/div>","protected":false},"author":1,"featured_media":0,"parent":0,"menu_order":0,"comment_status":"closed","ping_status":"closed","template":"","meta":{"cybocfi_hide_featured_image":"","footnotes":""},"class_list":["post-1827","page","type-page","status-publish","hentry"],"_links":{"self":[{"href":"http:\/\/snudifo34.fr\/index.php\/wp-json\/wp\/v2\/pages\/1827","targetHints":{"allow":["GET"]}}],"collection":[{"href":"http:\/\/snudifo34.fr\/index.php\/wp-json\/wp\/v2\/pages"}],"about":[{"href":"http:\/\/snudifo34.fr\/index.php\/wp-json\/wp\/v2\/types\/page"}],"author":[{"embeddable":true,"href":"http:\/\/snudifo34.fr\/index.php\/wp-json\/wp\/v2\/users\/1"}],"replies":[{"embeddable":true,"href":"http:\/\/snudifo34.fr\/index.php\/wp-json\/wp\/v2\/comments?post=1827"}],"version-history":[{"count":3,"href":"http:\/\/snudifo34.fr\/index.php\/wp-json\/wp\/v2\/pages\/1827\/revisions"}],"predecessor-version":[{"id":1839,"href":"http:\/\/snudifo34.fr\/index.php\/wp-json\/wp\/v2\/pages\/1827\/revisions\/1839"}],"wp:attachment":[{"href":"http:\/\/snudifo34.fr\/index.php\/wp-json\/wp\/v2\/media?parent=1827"}],"curies":[{"name":"wp","href":"https:\/\/api.w.org\/{rel}","templated":true}]}}