{"id":2753,"date":"2023-04-01T12:46:58","date_gmt":"2023-04-01T10:46:58","guid":{"rendered":"http:\/\/snudifo34.fr\/?page_id=2753"},"modified":"2023-04-12T11:32:34","modified_gmt":"2023-04-12T09:32:34","slug":"dossier-mouvement-2023","status":"publish","type":"page","link":"http:\/\/snudifo34.fr\/index.php\/dossier-mouvement-2023\/","title":{"rendered":"Dossier &#8211; Mouvement 2023"},"content":{"rendered":"\n<h2 class=\"wp-block-heading\">Calendrier :<\/h2>\n\n\n\n<ul class=\"wp-block-list\"><li><strong>Du 4 avril (14h) au 13 avril 2023 (minuit) <\/strong>: Saisie des voeux sur <a rel=\"noreferrer noopener\" href=\"https:\/\/si2d.ac-montpellier.fr\/login\/ct_logon_mixte.jsp\" target=\"_blank\"><strong>le serveur d\u00e9di\u00e9<\/strong><\/a> (Attention : seuls les navigateurs Firefox et Chrome sont compatibles !)<\/li><li><strong>4 mai 2023 (14h) :<\/strong> Accus\u00e9 de r\u00e9ception avec bar\u00e8me<\/li><li><strong>Du 4 au 13 mai 2023 (minuit) : <\/strong>Demandes de correction de bar\u00e8me<\/li><li><strong>25 mai 2023 (14h) : <\/strong>Bar\u00e8mes d\u00e9finitifs<\/li><li><strong>8 juin 2023 (14h) : <\/strong>R\u00e9sultats sur I-Prof<\/li><\/ul>\n\n\n\n<h2 class=\"wp-block-heading\">Liens et documents officiels :<\/h2>\n\n\n\n<p>Voici le <strong>lien pour se connecter au serveur<\/strong> pour la saisie des voeux :<\/p>\n\n\n\n<div class=\"wp-block-buttons is-layout-flex wp-block-buttons-is-layout-flex\">\n<div class=\"wp-block-button has-custom-font-size\" style=\"font-size:16px\"><a class=\"wp-block-button__link has-white-color has-vivid-red-background-color has-text-color has-background\" href=\"https:\/\/si2d.ac-montpellier.fr\/login\/ct_logon_mixte.jsp\" target=\"_blank\" rel=\"noreferrer noopener\"><strong>Se connecter au serveur pour la saisie des voeux<\/strong><\/a><\/div>\n<\/div>\n\n\n\n<div style=\"height:47px\" aria-hidden=\"true\" class=\"wp-block-spacer\"><\/div>\n\n\n\n<p>Voici les <strong>documents de cadrage<\/strong> publi\u00e9s par l&rsquo;Administration :<\/p>\n\n\n\n<div class=\"wp-block-buttons is-vertical is-layout-flex wp-container-core-buttons-is-layout-8cf370e7 wp-block-buttons-is-layout-flex\">\n<div class=\"wp-block-button has-custom-font-size is-style-fill\" style=\"font-size:16px\"><a class=\"wp-block-button__link has-white-color has-cyan-bluish-gray-background-color has-text-color has-background\" href=\"http:\/\/snudifo34.fr\/wp-content\/uploads\/2023\/04\/Note-mouvement-2023.pdf\" target=\"_blank\" rel=\"noreferrer noopener\"><strong>Note Mouvement 2023<\/strong><\/a><\/div>\n\n\n\n<div class=\"wp-block-button has-custom-font-size\" style=\"font-size:16px\"><a class=\"wp-block-button__link has-white-color has-cyan-bluish-gray-background-color has-text-color has-background\" href=\"http:\/\/snudifo34.fr\/wp-content\/uploads\/2023\/04\/Guide-mobilite-2023-Version-finale-1.pdf\" target=\"_blank\" rel=\"noreferrer noopener\"><strong>Guide Mobilit\u00e9 2023<\/strong><\/a><\/div>\n\n\n\n<div class=\"wp-block-button has-custom-font-size\" style=\"font-size:16px\"><a class=\"wp-block-button__link has-white-color has-cyan-bluish-gray-background-color has-text-color has-background\" href=\"http:\/\/snudifo34.fr\/wp-content\/uploads\/2023\/04\/DSDEN-34-Circulaire-du-30-11-2022-Bonification-au-titre-du-handicap-1er-degre-Herault-Rentree-2023.pdf\" target=\"_blank\" rel=\"noreferrer noopener\"><strong>Note service Bonification Handicap<\/strong><\/a><\/div>\n\n\n\n<div class=\"wp-block-button has-custom-font-size\" style=\"font-size:16px\"><a class=\"wp-block-button__link has-white-color has-cyan-bluish-gray-background-color has-text-color has-background\" href=\"http:\/\/snudifo34.fr\/wp-content\/uploads\/2023\/04\/Info_enseignants_LA_DE_2023.pdf\" target=\"_blank\" rel=\"noreferrer noopener\"><strong>Proc\u00e9dure pour les directions d&rsquo;\u00e9cole<\/strong><\/a><\/div>\n\n\n\n<div class=\"wp-block-button has-custom-font-size\" style=\"font-size:16px\"><a class=\"wp-block-button__link has-white-color has-cyan-bluish-gray-background-color has-text-color has-background\" href=\"http:\/\/snudifo34.fr\/wp-content\/uploads\/2023\/04\/liste_des_postes_de_pes_bloque_s.pdf\" target=\"_blank\" rel=\"noreferrer noopener\"><strong>Liste des postes bloqu\u00e9s PES (professeurs des \u00e9coles stagiaires)<\/strong><\/a><\/div>\n<\/div>\n\n\n\n<div style=\"height:52px\" aria-hidden=\"true\" class=\"wp-block-spacer\"><\/div>\n\n\n\n<p>Pour y voir plus clair, le SNUDI-FO 34 vous propose quelques <strong>documents synth\u00e9tiques <\/strong>:<\/p>\n\n\n\n<div class=\"wp-block-columns is-layout-flex wp-container-core-columns-is-layout-9d6595d7 wp-block-columns-is-layout-flex\">\n<div class=\"wp-block-column is-layout-flow wp-block-column-is-layout-flow\">\n<figure class=\"wp-block-image size-large is-resized\"><a href=\"http:\/\/snudifo34.fr\/wp-content\/uploads\/2023\/04\/Recp-Voeux-2023.pdf\" target=\"_blank\" rel=\"noreferrer noopener\"><img loading=\"lazy\" decoding=\"async\" src=\"http:\/\/snudifo34.fr\/wp-content\/uploads\/2023\/04\/Recap-Voeux-2023-1-1080x810.jpg\" alt=\"\" class=\"wp-image-2793\" width=\"359\" height=\"269\" srcset=\"http:\/\/snudifo34.fr\/wp-content\/uploads\/2023\/04\/Recap-Voeux-2023-1-1080x810.jpg 1080w, http:\/\/snudifo34.fr\/wp-content\/uploads\/2023\/04\/Recap-Voeux-2023-1-300x225.jpg 300w, http:\/\/snudifo34.fr\/wp-content\/uploads\/2023\/04\/Recap-Voeux-2023-1-768x576.jpg 768w, http:\/\/snudifo34.fr\/wp-content\/uploads\/2023\/04\/Recap-Voeux-2023-1-1536x1152.jpg 1536w, http:\/\/snudifo34.fr\/wp-content\/uploads\/2023\/04\/Recap-Voeux-2023-1-678x509.jpg 678w, http:\/\/snudifo34.fr\/wp-content\/uploads\/2023\/04\/Recap-Voeux-2023-1-326x245.jpg 326w, http:\/\/snudifo34.fr\/wp-content\/uploads\/2023\/04\/Recap-Voeux-2023-1-80x60.jpg 80w, http:\/\/snudifo34.fr\/wp-content\/uploads\/2023\/04\/Recap-Voeux-2023-1.jpg 1844w\" sizes=\"auto, (max-width: 359px) 100vw, 359px\" \/><\/a><\/figure>\n<\/div>\n\n\n\n<div class=\"wp-block-column is-layout-flow wp-block-column-is-layout-flow\">\n<figure class=\"wp-block-image size-large is-resized\"><a href=\"http:\/\/snudifo34.fr\/wp-content\/uploads\/2023\/04\/Synthese-Bareme-Snudi-FO-2023.pdf\" target=\"_blank\" rel=\"noreferrer noopener\"><img loading=\"lazy\" decoding=\"async\" src=\"http:\/\/snudifo34.fr\/wp-content\/uploads\/2023\/04\/Recap-Bareme-2023-1080x764.jpg\" alt=\"\" class=\"wp-image-2792\" width=\"397\" height=\"280\" srcset=\"http:\/\/snudifo34.fr\/wp-content\/uploads\/2023\/04\/Recap-Bareme-2023-1080x764.jpg 1080w, http:\/\/snudifo34.fr\/wp-content\/uploads\/2023\/04\/Recap-Bareme-2023-300x212.jpg 300w, http:\/\/snudifo34.fr\/wp-content\/uploads\/2023\/04\/Recap-Bareme-2023-768x543.jpg 768w, http:\/\/snudifo34.fr\/wp-content\/uploads\/2023\/04\/Recap-Bareme-2023-1536x1086.jpg 1536w, http:\/\/snudifo34.fr\/wp-content\/uploads\/2023\/04\/Recap-Bareme-2023.jpg 1844w\" sizes=\"auto, (max-width: 397px) 100vw, 397px\" \/><\/a><\/figure>\n<\/div>\n<\/div>\n\n\n\n<div class=\"wp-block-buttons is-vertical is-layout-flex wp-container-core-buttons-is-layout-8cf370e7 wp-block-buttons-is-layout-flex\">\n<div class=\"wp-block-button has-custom-font-size\" style=\"font-size:16px\"><a class=\"wp-block-button__link has-white-color has-vivid-red-background-color has-text-color has-background\" href=\"http:\/\/snudifo34.fr\/wp-content\/uploads\/2023\/04\/Carte-des-4-zones-MOB-SnudiFo34.pdf\" target=\"_blank\" rel=\"noreferrer noopener\"><strong>Carte des 4 Zones MOB<\/strong><\/a><\/div>\n\n\n\n<div class=\"wp-block-button has-custom-font-size\" style=\"font-size:16px\"><a class=\"wp-block-button__link has-white-color has-vivid-red-background-color has-text-color has-background\" href=\"http:\/\/snudifo34.fr\/wp-content\/uploads\/2023\/04\/Carte-des-12-zones-SnudiFo34.pdf\" target=\"_blank\" rel=\"noreferrer noopener\"><strong>Cartes des 12 Zones g\u00e9ographiques<\/strong><\/a><\/div>\n\n\n\n<div class=\"wp-block-button has-custom-font-size\" style=\"font-size:16px\"><a class=\"wp-block-button__link has-white-color has-vivid-red-background-color has-text-color has-background\" href=\"http:\/\/snudifo34.fr\/wp-content\/uploads\/2023\/04\/Synthese-Bareme-Snudi-FO-2023.pdf\" target=\"_blank\" rel=\"noreferrer noopener\"><strong>Synth\u00e8se &#8211; Calcul du Bar\u00e8me<\/strong><\/a><\/div>\n\n\n\n<div class=\"wp-block-button has-custom-font-size\" style=\"font-size:16px\"><a class=\"wp-block-button__link has-white-color has-vivid-red-background-color has-text-color has-background\" href=\"http:\/\/snudifo34.fr\/wp-content\/uploads\/2023\/04\/Recp-Voeux-2023.pdf\" target=\"_blank\" rel=\"noreferrer noopener\"><strong>Synth\u00e8se &#8211; Type de Voeux<\/strong><\/a><\/div>\n<\/div>\n\n\n\n<div style=\"height:56px\" aria-hidden=\"true\" class=\"wp-block-spacer\"><\/div>\n\n\n\n<h2 class=\"wp-block-heading\">Le Snudi-FO vous accompagne :<\/h2>\n\n\n\n<h3 class=\"wp-block-heading\">R\u00e9unions d&rsquo;informations syndicales (RIS)<\/h3>\n\n\n\n<p id=\"block-17acd9c3-4698-4f29-838b-0f7ec85fa7ec\">Pour vous informer et vous accompagner dans vos choix, nous organisons plusieurs<strong> RIS (r\u00e9unions d\u2019informations syndicales) d\u00e9di\u00e9es. <\/strong>Elles sont ouvertes \u00e0 tou.te.s, syndiqu\u00e9s et non-syndiqu\u00e9s.<\/p>\n\n\n\n<div class=\"wp-block-media-text alignwide is-stacked-on-mobile\" style=\"grid-template-columns:19% auto\"><figure class=\"wp-block-media-text__media\"><img loading=\"lazy\" decoding=\"async\" width=\"547\" height=\"692\" src=\"http:\/\/snudifo34.fr\/wp-content\/uploads\/2022\/08\/image_2021-09-16_200255-31d71.png\" alt=\"\" class=\"wp-image-1414 size-full\" srcset=\"http:\/\/snudifo34.fr\/wp-content\/uploads\/2022\/08\/image_2021-09-16_200255-31d71.png 547w, http:\/\/snudifo34.fr\/wp-content\/uploads\/2022\/08\/image_2021-09-16_200255-31d71-237x300.png 237w\" sizes=\"auto, (max-width: 547px) 100vw, 547px\" \/><\/figure><div class=\"wp-block-media-text__content\">\n<ul class=\"wp-block-list\"><li><strong>Mercredi 5 avril \u2013 9h \u00e0 12h<\/strong> \u2013 Maison des Syndicats (Montpellier) ou en visioconf\u00e9rence (demandez le lien par mail)<\/li><li><strong>Vendredi 7 avril \u2013 12h \u00e0 14h : <\/strong><em><strong>sp\u00e9ciale PES<\/strong><\/em> (FDE, Salle B303)<\/li><li><strong>Mercredi 12 avril \u2013 9h \u00e0 12h : <\/strong><em><strong>sp\u00e9ciale PES<\/strong><\/em> (FDE, Salle B303)<\/li><\/ul>\n<\/div><\/div>\n\n\n\n<p>Vous pouvez d\u2019ors et d\u00e9j\u00e0 <strong>vous inscrire<\/strong> :<\/p>\n\n\n\n<ul class=\"wp-block-list\"><li>par mail : <a rel=\"noreferrer noopener\" href=\"mailto:snudi.fo34@gmail.com\" target=\"_blank\">snudi.fo34@gmail.com<\/a><\/li><li>ou par SMS : 06 76 14 03 27 (pour les RIS du 5 et du 12 avril).<\/li><\/ul>\n\n\n\n<h3 class=\"wp-block-heading\">Fiche de suivi<\/h3>\n\n\n\n<p>Chaque participant doit <strong>v\u00e9rifier son bar\u00e8me p<\/strong>our le contester le cas \u00e9ch\u00e9ant. Le SNUDI-FO 34 vous propose de <strong>calculer votre bar\u00e8me en renseignant <a href=\"http:\/\/snudifo34.fr\/wp-content\/uploads\/2023\/04\/Fiche-de-suivi-MOUVEMENT-2023-1.pdf\" target=\"_blank\" rel=\"noreferrer noopener\">la fiche de suivi<\/a><\/strong> et en nous la retournant par mail (<a rel=\"noreferrer noopener\" href=\"mailto:snudi.fo34@gmail.com\" target=\"_blank\">snudi.fo34@gmail.com<\/a>) pour que vous puissiez ainsi le v\u00e9rifier :<\/p>\n\n\n\n<div class=\"wp-block-buttons is-layout-flex wp-block-buttons-is-layout-flex\">\n<div class=\"wp-block-button has-custom-font-size\" style=\"font-size:16px\"><a class=\"wp-block-button__link has-white-color has-vivid-red-background-color has-text-color has-background\" href=\"http:\/\/snudifo34.fr\/wp-content\/uploads\/2023\/04\/Fiche-de-suivi-MOUVEMENT-2023-1.pdf\" target=\"_blank\" rel=\"noreferrer noopener\"><strong>T\u00e9l\u00e9charger la fiche de suivi<\/strong><\/a><\/div>\n<\/div>\n\n\n\n<div style=\"height:51px\" aria-hidden=\"true\" class=\"wp-block-spacer\"><\/div>\n\n\n\n<h3 class=\"wp-block-heading\">Tutoriels<\/h3>\n\n\n\n<p>Parce que les op\u00e9rations de mouvement sont de plus en plus complexes, le SNUDI-FO 34 vous propose des <strong>tutoriels <\/strong>pour vous faciliter la vie :<\/p>\n\n\n\n<div class=\"wp-block-buttons is-vertical is-layout-flex wp-container-core-buttons-is-layout-8cf370e7 wp-block-buttons-is-layout-flex\">\n<div class=\"wp-block-button has-custom-font-size is-style-fill\" style=\"font-size:16px\"><a class=\"wp-block-button__link has-white-color has-vivid-red-background-color has-text-color has-background\" href=\"http:\/\/snudifo34.fr\/wp-content\/uploads\/2023\/04\/Tutoriel-Se-connecter-au-serveur.pdf\" target=\"_blank\" rel=\"noreferrer noopener\"><strong>Tutoriel : Comment se connecter au Serveur de saisie des voeux<\/strong><\/a><\/div>\n\n\n\n<div class=\"wp-block-button has-custom-font-size is-style-fill\" style=\"font-size:16px\"><a class=\"wp-block-button__link has-white-color has-vivid-red-background-color has-text-color has-background\" href=\"http:\/\/snudifo34.fr\/wp-content\/uploads\/2023\/04\/Tutoriel-Verifier-son-AGS.pdf\" target=\"_blank\" rel=\"noreferrer noopener\"><strong>Tutoriel : Comment v\u00e9rifier son AGS ?<\/strong><\/a><\/div>\n\n\n\n<div class=\"wp-block-button has-custom-font-size is-style-fill\" style=\"font-size:16px\"><a class=\"wp-block-button__link has-white-color has-vivid-red-background-color has-text-color has-background\" href=\"http:\/\/snudifo34.fr\/wp-content\/uploads\/2023\/04\/Tutoriel-Comment-trouver-les-voeux-commune.pdf\" target=\"_blank\" rel=\"noreferrer noopener\"><strong>Tutoriel : Comment trouver les voeux \u00ab\u00a0communes\u00a0\u00bb ?<\/strong><\/a><\/div>\n\n\n\n<div class=\"wp-block-button has-custom-font-size is-style-fill\" style=\"font-size:16px\"><a class=\"wp-block-button__link has-white-color has-vivid-red-background-color has-text-color has-background\" href=\"http:\/\/snudifo34.fr\/wp-content\/uploads\/2023\/04\/Tutoriel-Comment-trouver-les-voeux-MOB.pdf\" target=\"_blank\" rel=\"noreferrer noopener\"><strong>Tutoriel : Comment trouver les voeux \u00ab\u00a0MOB\u00a0\u00bb ?<\/strong><\/a><\/div>\n\n\n\n<div class=\"wp-block-button has-custom-font-size is-style-fill\" style=\"font-size:16px\"><a class=\"wp-block-button__link has-white-color has-vivid-red-background-color has-text-color has-background\" href=\"http:\/\/snudifo34.fr\/wp-content\/uploads\/2023\/04\/Tutoriel-Voeux-groupe-Modifier-lordre-des-voeux.pdf\" target=\"_blank\" rel=\"noreferrer noopener\"><strong>Tutoriel : Comment modifier l&rsquo;ordre des voeux dans un voeu groupe ?<\/strong><\/a><\/div>\n<\/div>\n\n\n\n<p><\/p>\n","protected":false},"excerpt":{"rendered":"<div class=\"mh-excerpt\"><p>Calendrier : Du 4 avril (14h) au 13 avril 2023 (minuit) : Saisie des voeux sur le serveur d\u00e9di\u00e9 (Attention : seuls les navigateurs Firefox <a class=\"mh-excerpt-more\" href=\"http:\/\/snudifo34.fr\/index.php\/dossier-mouvement-2023\/\" title=\"Dossier &#8211; Mouvement 2023\">[&#8230;]<\/a><\/p>\n<\/div>","protected":false},"author":1,"featured_media":0,"parent":0,"menu_order":0,"comment_status":"closed","ping_status":"closed","template":"","meta":{"cybocfi_hide_featured_image":"","footnotes":""},"class_list":["post-2753","page","type-page","status-publish","hentry"],"_links":{"self":[{"href":"http:\/\/snudifo34.fr\/index.php\/wp-json\/wp\/v2\/pages\/2753","targetHints":{"allow":["GET"]}}],"collection":[{"href":"http:\/\/snudifo34.fr\/index.php\/wp-json\/wp\/v2\/pages"}],"about":[{"href":"http:\/\/snudifo34.fr\/index.php\/wp-json\/wp\/v2\/types\/page"}],"author":[{"embeddable":true,"href":"http:\/\/snudifo34.fr\/index.php\/wp-json\/wp\/v2\/users\/1"}],"replies":[{"embeddable":true,"href":"http:\/\/snudifo34.fr\/index.php\/wp-json\/wp\/v2\/comments?post=2753"}],"version-history":[{"count":43,"href":"http:\/\/snudifo34.fr\/index.php\/wp-json\/wp\/v2\/pages\/2753\/revisions"}],"predecessor-version":[{"id":2856,"href":"http:\/\/snudifo34.fr\/index.php\/wp-json\/wp\/v2\/pages\/2753\/revisions\/2856"}],"wp:attachment":[{"href":"http:\/\/snudifo34.fr\/index.php\/wp-json\/wp\/v2\/media?parent=2753"}],"curies":[{"name":"wp","href":"https:\/\/api.w.org\/{rel}","templated":true}]}}