{"id":870,"date":"2022-04-02T14:20:23","date_gmt":"2022-04-02T12:20:23","guid":{"rendered":"http:\/\/snudifo34.fr\/?page_id=870"},"modified":"2022-05-11T19:05:35","modified_gmt":"2022-05-11T17:05:35","slug":"dossier-mouvement-2022","status":"publish","type":"page","link":"http:\/\/snudifo34.fr\/index.php\/dossier-mouvement-2022\/","title":{"rendered":"Dossier &#8211; Mouvement 2022"},"content":{"rendered":"\n<h2 class=\"has-vivid-red-color has-text-color wp-block-heading\">Calendrier et nouveaut\u00e9s<\/h2>\n\n\n\n<p class=\"has-normal-font-size\"><strong>Du 5 au 19 mai : <\/strong>vous pouvez consulter votre accus\u00e9 de r\u00e9ception avec bar\u00e8me sur le serveur du mouvement. Pensez \u00e0 bien <strong>v\u00e9rifier votre bar\u00e8me <\/strong>et \u00e0 <strong>nous contacter en cas d&rsquo;erreur<\/strong> de l&rsquo;administration.<\/p>\n\n\n\n<p>Pour vous connecter au serveur : <a rel=\"noreferrer noopener\" href=\"http:\/\/snudifo34.fr\/wp-content\/uploads\/2022\/04\/Tutoriel-Se-connecter-au-serveur.pdf\" target=\"_blank\">suivez le guide<\/a> !<\/p>\n\n\n\n<p>Depuis l\u2019application de la loi de Transformation de la Fonction Publique, chaque participant doit v\u00e9rifier son bar\u00e8me pour le contester le cas \u00e9ch\u00e9ant.<\/p>\n\n\n\n<p>Depuis la loi de transformation de la Fonction publique et la multiplication des postes \u00e0 profil, c\u2019est le fait du prince qui s\u2019installe.<\/p>\n\n\n\n<p>Le SNUDI-FO 34 revendique :<\/p>\n\n\n\n<div class=\"wp-block-media-text alignwide has-media-on-the-right is-stacked-on-mobile\" style=\"grid-template-columns:auto 32%\"><figure class=\"wp-block-media-text__media\"><img loading=\"lazy\" decoding=\"async\" width=\"322\" height=\"332\" src=\"http:\/\/snudifo34.fr\/wp-content\/uploads\/2022\/04\/Carte.jpg\" alt=\"\" class=\"wp-image-894 size-full\" srcset=\"http:\/\/snudifo34.fr\/wp-content\/uploads\/2022\/04\/Carte.jpg 322w, http:\/\/snudifo34.fr\/wp-content\/uploads\/2022\/04\/Carte-291x300.jpg 291w\" sizes=\"auto, (max-width: 322px) 100vw, 322px\" \/><\/figure><div class=\"wp-block-media-text__content\">\n<ul class=\"wp-block-list\"><li>l\u2019abrogation de la loi de transformation de la fonction publique<\/li><li>le retour \u00e0 des r\u00e8gles claires et \u00e9quitables,<\/li><li>le retour \u00e0 un bar\u00e8me essentiellement bas\u00e9 sur l&rsquo;anciennet\u00e9 g\u00e9n\u00e9rale de service<\/li><li>le retour au contr\u00f4le des mutations par les repr\u00e9sentants des personnels<\/li><li>l&rsquo;arr\u00eat des postes \u00e0 profil et des postes r\u00e9serv\u00e9s<\/li><li>l&rsquo;abandon de la mast\u00e9risation et le retour \u00e0 recrutement \u00e0 Bac +3 avec une v\u00e9ritable formation initiale apr\u00e8s le concours<\/li><\/ul>\n<\/div><\/div>\n\n\n\n<div class=\"wp-block-buttons is-content-justification-center is-layout-flex wp-block-buttons-is-layout-flex\">\n<div class=\"wp-block-button\"><a class=\"wp-block-button__link has-white-color has-vivid-red-background-color has-text-color has-background\" href=\"https:\/\/www.petitionenligne.fr\/mouvement_stop_a_larbitraire_signez_et_partagez?uv=42922778\" target=\"_blank\" rel=\"noreferrer noopener\"><strong>Signer la p\u00e9tition &#8211; Mouvement : stop \u00e0 l&rsquo;arbitraire !<\/strong><\/a><\/div>\n<\/div>\n\n\n\n<h2 class=\"has-vivid-red-color has-text-color wp-block-heading\">Nos rendez-vous<\/h2>\n\n\n\n<p>Malgr\u00e9 tout, le SNUDI-FO 34 continue \u00e0 vous d\u00e9fendre, \u00e0 demander des audiences, \u00e0 argumenter par mail\u2026 Il continue \u00e9galement \u00e0 vous aider en vous renseignant sur la meilleure strat\u00e9gie \u00e0 mettre en place en fonction de votre situation personnelle, \u00e0 organiser des RIS&nbsp;et des permanences&#8230;<\/p>\n\n\n\n<ul class=\"has-normal-font-size wp-block-list\"><li><strong>R\u00e9union d&rsquo;information syndicale (RIS)<\/strong> sp\u00e9ciale mouvement <strong>le mercredi 6 avril de 9h \u00e0 12h <\/strong>\u00e0 la maison des syndicats \u00e0 Montpellier.<\/li><\/ul>\n\n\n\n<ul class=\"has-normal-font-size wp-block-list\"><li><strong>Permanence le samedi 9 avril de 10h \u00e0 12h<\/strong> \u00e0 la maison des syndicats \u00e0 Montpellier<\/li><\/ul>\n\n\n\n<h2 class=\"has-vivid-red-color has-text-color wp-block-heading\">Nos outils<\/h2>\n\n\n\n<h4 class=\"wp-block-heading\">Guide mobilit\u00e9 et carte des zones :<\/h4>\n\n\n\n<div class=\"wp-block-media-text alignwide is-stacked-on-mobile is-vertically-aligned-center\" style=\"grid-template-columns:24% auto\"><figure class=\"wp-block-media-text__media\"><img loading=\"lazy\" decoding=\"async\" width=\"958\" height=\"1024\" src=\"http:\/\/snudifo34.fr\/wp-content\/uploads\/2022\/04\/bousolle_fo_jpg__1834812-958x1024.jpg\" alt=\"\" class=\"wp-image-901 size-full\" srcset=\"http:\/\/snudifo34.fr\/wp-content\/uploads\/2022\/04\/bousolle_fo_jpg__1834812-958x1024.jpg 958w, http:\/\/snudifo34.fr\/wp-content\/uploads\/2022\/04\/bousolle_fo_jpg__1834812-281x300.jpg 281w, http:\/\/snudifo34.fr\/wp-content\/uploads\/2022\/04\/bousolle_fo_jpg__1834812-768x821.jpg 768w, http:\/\/snudifo34.fr\/wp-content\/uploads\/2022\/04\/bousolle_fo_jpg__1834812-1437x1536.jpg 1437w, http:\/\/snudifo34.fr\/wp-content\/uploads\/2022\/04\/bousolle_fo_jpg__1834812.jpg 1684w\" sizes=\"auto, (max-width: 958px) 100vw, 958px\" \/><\/figure><div class=\"wp-block-media-text__content\">\n<div class=\"wp-block-file\"><a href=\"http:\/\/snudifo34.fr\/wp-content\/uploads\/2022\/04\/Guide_mobilite_2022.pdf\">Guide mobilit\u00e9 de l&rsquo;H\u00e9rault <\/a><a href=\"http:\/\/snudifo34.fr\/wp-content\/uploads\/2022\/04\/Guide_mobilite_2022.pdf\" class=\"wp-block-file__button\" download>T\u00e9l\u00e9charger<\/a><\/div>\n\n\n\n<div class=\"wp-block-file\"><a href=\"http:\/\/snudifo34.fr\/wp-content\/uploads\/2022\/04\/Carte-des-12-zones-SnudiFo34.pdf\">Carte synth\u00e9tique des 12 \u00ab\u00a0petites\u00a0\u00bb zones<\/a><a href=\"http:\/\/snudifo34.fr\/wp-content\/uploads\/2022\/04\/Carte-des-12-zones-SnudiFo34.pdf\" class=\"wp-block-file__button\" download>T\u00e9l\u00e9charger<\/a><\/div>\n\n\n\n<div class=\"wp-block-file\"><a href=\"http:\/\/snudifo34.fr\/wp-content\/uploads\/2022\/04\/Carte-des-4-zones-MOB-SnudiFo34.pdf\">Carte synth\u00e9tique des 4 zones \u00ab\u00a0MOB\u00a0\u00bb<\/a><a href=\"http:\/\/snudifo34.fr\/wp-content\/uploads\/2022\/04\/Carte-des-4-zones-MOB-SnudiFo34.pdf\" class=\"wp-block-file__button\" download>T\u00e9l\u00e9charger<\/a><\/div>\n<\/div><\/div>\n\n\n\n<h4 class=\"wp-block-heading\"><strong>Calcul du bar\u00e8me : <\/strong><\/h4>\n\n\n\n<p>Voici un <a href=\"http:\/\/snudifo34.fr\/wp-content\/uploads\/2022\/04\/Synthese-Bareme-Snudi-FO.pdf\" target=\"_blank\" rel=\"noreferrer noopener\">document r\u00e9capitulatif<\/a> pour vous aider \u00e0 calculer votre bar\u00e8me :<\/p>\n\n\n\n<figure class=\"wp-block-image size-large\"><a href=\"http:\/\/snudifo34.fr\/wp-content\/uploads\/2022\/04\/Synthese-Bareme-Snudi-FO.pdf\"><img loading=\"lazy\" decoding=\"async\" width=\"1080\" height=\"764\" src=\"http:\/\/snudifo34.fr\/wp-content\/uploads\/2022\/04\/Recap-Bareme-2022-1080x764.jpg\" alt=\"\" class=\"wp-image-890\" srcset=\"http:\/\/snudifo34.fr\/wp-content\/uploads\/2022\/04\/Recap-Bareme-2022-1080x764.jpg 1080w, http:\/\/snudifo34.fr\/wp-content\/uploads\/2022\/04\/Recap-Bareme-2022-300x212.jpg 300w, http:\/\/snudifo34.fr\/wp-content\/uploads\/2022\/04\/Recap-Bareme-2022-768x543.jpg 768w, http:\/\/snudifo34.fr\/wp-content\/uploads\/2022\/04\/Recap-Bareme-2022.jpg 1174w\" sizes=\"auto, (max-width: 1080px) 100vw, 1080px\" \/><\/a><\/figure>\n\n\n\n<p>Vous pouvez facilement <strong>v\u00e9rifier votre AGS<\/strong> sur I-Prof en suivant le <a rel=\"noreferrer noopener\" href=\"http:\/\/snudifo34.fr\/wp-content\/uploads\/2022\/04\/Tutoriel-Verifier-son-AGS-5.pdf\" target=\"_blank\">tutoriel<\/a><a rel=\"noreferrer noopener\" href=\"http:\/\/snudifo34.fr\/wp-content\/uploads\/2022\/04\/Tutoriel-Verifier-son-AGS.pdf\" target=\"_blank\"> <\/a>pr\u00e9par\u00e9 par le Snudi-FO 34.<\/p>\n\n\n\n<p><strong>Le SNUDI-FO 34 vous propose de le calculer<\/strong> pour que vous puissiez ainsi le v\u00e9rifier. Pour ce faire, il suffit de <strong><a rel=\"noreferrer noopener\" href=\"http:\/\/snudifo34.fr\/wp-content\/uploads\/2022\/04\/Fiche-de-suivi-MOUVEMENT-2022.docx\" target=\"_blank\">compl\u00e9ter le formulaire de suivi <\/a><\/strong>et nous vous enverrons en retour le r\u00e9sultat de notre calcul prochainement.<\/p>\n\n\n\n<p>Vous pouvez nous aider&nbsp;: si vous avez particip\u00e9 au mouvement l&rsquo;an dernier, merci de nous indiquer par mail le bar\u00e8me avec lequel vous avez obtenu votre poste.<\/p>\n\n\n\n<h2 class=\"has-vivid-red-color has-text-color wp-block-heading\">Accompagnement individuel :<\/h2>\n\n\n\n<p>Le SNUDI-FO 34 se tient \u00e0 votre disposition pour toute question par mail&nbsp;(<a href=\"mailto:snudi.fo34@gmail.com\">snudi.fo34@gmail.com<\/a>) ou par t\u00e9l\u00e9phone&nbsp;:<\/p>\n\n\n\n<ul class=\"wp-block-list\"><li><strong>Maxence&nbsp;<\/strong>: 06 76 14 03 27 <\/li><li><strong>Sabine <\/strong>: 06 64 62 70 20 <\/li><li><strong>Sandrine&nbsp;<\/strong>: 06 77 40 28 13 <\/li><li><strong>R\u00e9gis&nbsp;<\/strong>: 06 78 22 94 53<\/li><\/ul>\n\n\n\n<h2 class=\"has-vivid-red-color has-text-color wp-block-heading\">Nos tutoriels<\/h2>\n\n\n\n<div class=\"wp-block-media-text alignwide is-stacked-on-mobile\" style=\"grid-template-columns:21% auto\"><figure class=\"wp-block-media-text__media\"><img loading=\"lazy\" decoding=\"async\" width=\"360\" height=\"360\" src=\"http:\/\/snudifo34.fr\/wp-content\/uploads\/2022\/04\/Tuto.jpg\" alt=\"\" class=\"wp-image-989 size-full\" srcset=\"http:\/\/snudifo34.fr\/wp-content\/uploads\/2022\/04\/Tuto.jpg 360w, http:\/\/snudifo34.fr\/wp-content\/uploads\/2022\/04\/Tuto-300x300.jpg 300w, http:\/\/snudifo34.fr\/wp-content\/uploads\/2022\/04\/Tuto-150x150.jpg 150w\" sizes=\"auto, (max-width: 360px) 100vw, 360px\" \/><\/figure><div class=\"wp-block-media-text__content\">\n<h4 class=\"wp-block-heading\">Serveur mouvement : comment se connecter ?<\/h4>\n\n\n\n<div class=\"wp-block-file\"><a href=\"http:\/\/snudifo34.fr\/wp-content\/uploads\/2022\/04\/Tutoriel-Se-connecter-au-serveur.pdf\">Tutoriel &#8211; Se connecter au serveur<\/a><a href=\"http:\/\/snudifo34.fr\/wp-content\/uploads\/2022\/04\/Tutoriel-Se-connecter-au-serveur.pdf\" class=\"wp-block-file__button\" download>T\u00e9l\u00e9charger<\/a><\/div>\n\n\n\n<h4 class=\"wp-block-heading\">Bar\u00e8me : comment v\u00e9rifier son AGS sur Iprof ?<\/h4>\n\n\n\n<div class=\"wp-block-file\"><a href=\"http:\/\/snudifo34.fr\/wp-content\/uploads\/2022\/04\/Tutoriel-Verifier-son-AGS-5.pdf\">Tutoriel &#8211; V\u00e9rifier son AGS<\/a><a href=\"http:\/\/snudifo34.fr\/wp-content\/uploads\/2022\/04\/Tutoriel-Verifier-son-AGS-5.pdf\" class=\"wp-block-file__button\" download>T\u00e9l\u00e9charger<\/a><\/div>\n<\/div><\/div>\n\n\n\n<h4 class=\"wp-block-heading\">Voeu groupe : comment changer l&rsquo;ordre des voeux ?<\/h4>\n\n\n\n<div class=\"wp-block-file\"><a href=\"http:\/\/snudifo34.fr\/wp-content\/uploads\/2022\/04\/Tutoriel-Voeux-groupe-Modifier-lordre-des-voeux-1.pdf\">Tutoriel &#8211; Voeux groupe : Modifier l&rsquo;ordre des voeux<\/a><a href=\"http:\/\/snudifo34.fr\/wp-content\/uploads\/2022\/04\/Tutoriel-Voeux-groupe-Modifier-lordre-des-voeux-1.pdf\" class=\"wp-block-file__button\" download>T\u00e9l\u00e9charger<\/a><\/div>\n\n\n\n<h4 class=\"wp-block-heading\">Voeux \u00ab\u00a0MOB\u00a0\u00bb : comment les retrouver sur le serveur ?<\/h4>\n\n\n\n<div class=\"wp-block-file\"><a href=\"http:\/\/snudifo34.fr\/wp-content\/uploads\/2022\/04\/Tutoriel-Comment-trouver-les-voeux-MOB.pdf\">Tutoriel &#8211; Comment trouver les voeux MOB<\/a><a href=\"http:\/\/snudifo34.fr\/wp-content\/uploads\/2022\/04\/Tutoriel-Comment-trouver-les-voeux-MOB.pdf\" class=\"wp-block-file__button\" download>T\u00e9l\u00e9charger<\/a><\/div>\n\n\n\n<h4 class=\"wp-block-heading\">Voeux assimil\u00e9s \u00ab\u00a0Commune\u00a0\u00bb : comment les retrouver sur le serveur ?<\/h4>\n\n\n\n<div class=\"wp-block-file\"><a href=\"http:\/\/snudifo34.fr\/wp-content\/uploads\/2022\/04\/Tutoriel-Comment-trouver-les-voeux-commune.pdf\">Tutoriel &#8211; Comment trouver les voeux commune<\/a><a href=\"http:\/\/snudifo34.fr\/wp-content\/uploads\/2022\/04\/Tutoriel-Comment-trouver-les-voeux-commune.pdf\" class=\"wp-block-file__button\" download>T\u00e9l\u00e9charger<\/a><\/div>\n\n\n\n<h2 class=\"has-vivid-red-color has-text-color wp-block-heading\">FAQ : Questions \/ R\u00e9ponses<\/h2>\n\n\n\n<p>Interpell\u00e9 par des coll\u00e8gues que nous accompagnons, nous avons pos\u00e9 un certain nombre de questions pr\u00e9cises sur le Mouvement \u00e0 l&rsquo;administration qui nous a r\u00e9pondu. Nous avons d\u00e9cid\u00e9 d&rsquo;en faire profiter l&rsquo;ensemble des coll\u00e8gues :<\/p>\n\n\n\n<p class=\"has-vivid-red-color has-text-color\">1\/ Lorsqu&rsquo;on vient d&rsquo;obtenir une <strong>mutation interd\u00e9partementale pour rapprochement de conjoint<\/strong>, b\u00e9n\u00e9ficie-t-on \u00e9galement des <strong>10 points de rapprochement de conjoint <\/strong>au mouvement intrad\u00e9partemental pour son premier mouvement dans le nouveau d\u00e9partement ? <\/p>\n\n\n\n<p>R\u00e9ponse de l&rsquo;administration : \u00ab\u00a0<strong>Cette bonification peut \u00eatre demand\u00e9e par un entrant et pourra lui \u00eatre accord\u00e9e sous r\u00e9serve qu&rsquo;il remplisse les conditions \u00e9nonc\u00e9es dans le Guide de la Mobilit\u00e9 page 17 (\u00eatre en position d&rsquo;activit\u00e9, conjoint avec une activit\u00e9 professionnelle etc&#8230;)<\/strong>\u00ab\u00a0<\/p>\n\n\n\n<p class=\"has-vivid-red-color has-text-color\">2\/ Si l&rsquo;on b\u00e9n\u00e9ficie d&rsquo;une priorit\u00e9 absolue apr\u00e8s <strong>mesure de carte scolaire<\/strong>, et si l&rsquo;on met le poste en question en <strong>dernier voeu<\/strong> pour b\u00e9n\u00e9ficier de la <strong>priorit\u00e9<\/strong>, est-ce qu&rsquo;on doit mettre le <strong>MOB <\/strong>en avant-dernier v\u0153u ? et si oui, le MOB est-il examin\u00e9 avant la priorit\u00e9 ?<\/p>\n\n\n\n<p class=\"has-black-color has-text-color\">R\u00e9ponse de l&rsquo;administration : \u00ab\u00a0<strong>L&rsquo;algorithme examine les voeux dans l&rsquo;ordre d\u00e9fini par le candidat.<\/strong>\u00ab\u00a0<\/p>\n\n\n\n<p class=\"has-vivid-red-color has-text-color\">3\/ Un <strong>agr\u00e9ment classes d\u00e9doubl\u00e9es obtenu dans un autre d\u00e9partement <\/strong>est-il valable dans le nouveau d\u00e9partement apr\u00e8s mutation inter ? <\/p>\n\n\n\n<p>R\u00e9ponse de l&rsquo;administration : \u00ab\u00a0<strong>L&rsquo;inscription dans un vivier dans le d\u00e9partement d&rsquo;origine peut \u00eatre prise en compte. Il convient de nous fournir les justificatifs aff\u00e9rents afin d&rsquo;\u00e9tudier la situation.<\/strong>\u00ab\u00a0<\/p>\n","protected":false},"excerpt":{"rendered":"<div class=\"mh-excerpt\"><p>Calendrier et nouveaut\u00e9s Du 5 au 19 mai : vous pouvez consulter votre accus\u00e9 de r\u00e9ception avec bar\u00e8me sur le serveur du mouvement. Pensez \u00e0 <a class=\"mh-excerpt-more\" href=\"http:\/\/snudifo34.fr\/index.php\/dossier-mouvement-2022\/\" title=\"Dossier &#8211; Mouvement 2022\">[&#8230;]<\/a><\/p>\n<\/div>","protected":false},"author":1,"featured_media":730,"parent":0,"menu_order":0,"comment_status":"closed","ping_status":"closed","template":"","meta":{"cybocfi_hide_featured_image":"","footnotes":""},"class_list":["post-870","page","type-page","status-publish","has-post-thumbnail","hentry"],"_links":{"self":[{"href":"http:\/\/snudifo34.fr\/index.php\/wp-json\/wp\/v2\/pages\/870","targetHints":{"allow":["GET"]}}],"collection":[{"href":"http:\/\/snudifo34.fr\/index.php\/wp-json\/wp\/v2\/pages"}],"about":[{"href":"http:\/\/snudifo34.fr\/index.php\/wp-json\/wp\/v2\/types\/page"}],"author":[{"embeddable":true,"href":"http:\/\/snudifo34.fr\/index.php\/wp-json\/wp\/v2\/users\/1"}],"replies":[{"embeddable":true,"href":"http:\/\/snudifo34.fr\/index.php\/wp-json\/wp\/v2\/comments?post=870"}],"version-history":[{"count":55,"href":"http:\/\/snudifo34.fr\/index.php\/wp-json\/wp\/v2\/pages\/870\/revisions"}],"predecessor-version":[{"id":1058,"href":"http:\/\/snudifo34.fr\/index.php\/wp-json\/wp\/v2\/pages\/870\/revisions\/1058"}],"wp:featuredmedia":[{"embeddable":true,"href":"http:\/\/snudifo34.fr\/index.php\/wp-json\/wp\/v2\/media\/730"}],"wp:attachment":[{"href":"http:\/\/snudifo34.fr\/index.php\/wp-json\/wp\/v2\/media?parent=870"}],"curies":[{"name":"wp","href":"https:\/\/api.w.org\/{rel}","templated":true}]}}