{"id":1341,"date":"2022-08-21T17:16:34","date_gmt":"2022-08-21T15:16:34","guid":{"rendered":"http:\/\/snudifo34.fr\/?page_id=1341"},"modified":"2025-03-30T21:03:42","modified_gmt":"2025-03-30T19:03:42","slug":"mouvement","status":"publish","type":"page","link":"https:\/\/snudifo34.fr\/index.php\/mouvement\/","title":{"rendered":"Mouvement intra-d\u00e9partemental"},"content":{"rendered":"\n<p>Le SNUDI-FO 34 vous informe, vous conseille et vous d\u00e9fend tout au long des proc\u00e9dures de mouvement  intra-d\u00e9partementales.<\/p>\n\n\n\n<p>N&rsquo;h\u00e9sitez pas \u00e0 nous contacter  !<\/p>\n\n\n\n<div class=\"wp-block-columns is-layout-flex wp-container-core-columns-is-layout-9d6595d7 wp-block-columns-is-layout-flex\">\n<div class=\"wp-block-column is-layout-flow wp-block-column-is-layout-flow\" style=\"flex-basis:33.33%\">\n<figure class=\"wp-block-image size-full\"><a href=\"http:\/\/snudifo34.fr\/index.php\/dossier-mouvement-2023\/\" target=\"_blank\" rel=\"noreferrer noopener\"><img loading=\"lazy\" decoding=\"async\" width=\"500\" height=\"500\" src=\"http:\/\/snudifo34.fr\/wp-content\/uploads\/2023\/04\/IMAGE-DOSSIER-mouvement-2023.jpg\" alt=\"\" class=\"wp-image-2811\" srcset=\"https:\/\/snudifo34.fr\/wp-content\/uploads\/2023\/04\/IMAGE-DOSSIER-mouvement-2023.jpg 500w, https:\/\/snudifo34.fr\/wp-content\/uploads\/2023\/04\/IMAGE-DOSSIER-mouvement-2023-300x300.jpg 300w, https:\/\/snudifo34.fr\/wp-content\/uploads\/2023\/04\/IMAGE-DOSSIER-mouvement-2023-150x150.jpg 150w\" sizes=\"auto, (max-width: 500px) 100vw, 500px\" \/><\/a><figcaption class=\"wp-element-caption\">Created with GIMP<\/figcaption><\/figure>\n<\/div>\n\n\n\n<div class=\"wp-block-column is-layout-flow wp-block-column-is-layout-flow\" style=\"flex-basis:66.66%\"><ul class=\"wp-block-latest-posts__list wp-block-latest-posts\"><li><a class=\"wp-block-latest-posts__post-title\" href=\"https:\/\/snudifo34.fr\/index.php\/2024\/10\/13\/compte-rendu-du-csa-ministeriel-du-9-octobre-2024-declaration-de-la-fnec-fp-fo\/\">Compte-rendu du CSA minist\u00e9riel du 9 octobre 2024; d\u00e9claration de la FNEC FP FO<\/a><div class=\"wp-block-latest-posts__post-excerpt\">3 textes soumis au vote :<\/div><\/li>\n<li><a class=\"wp-block-latest-posts__post-title\" href=\"https:\/\/snudifo34.fr\/index.php\/2024\/03\/10\/mouvement-interdepartemental-2024-des-resultats-toujours-aussi-catastrophiques\/\">Mouvement interd\u00e9partemental 2024 : Des r\u00e9sultats toujours aussi catastrophiques !<\/a><div class=\"wp-block-latest-posts__post-excerpt\">Selon le minist\u00e8re lui-m\u00eame, seuls 3190 coll\u00e8gues (contre 3488 l\u2019ann\u00e9e derni\u00e8re) ont obtenu satisfaction sur 15 390, soit 20,72% ! Ce taux \u00e9tait de 20,84% <a class=\"mh-excerpt-more\" href=\"https:\/\/snudifo34.fr\/index.php\/2024\/03\/10\/mouvement-interdepartemental-2024-des-resultats-toujours-aussi-catastrophiques\/\" title=\"Mouvement interd\u00e9partemental 2024 : Des r\u00e9sultats toujours aussi catastrophiques !\">[&#8230;]<\/a><\/div><\/li>\n<li><a class=\"wp-block-latest-posts__post-title\" href=\"https:\/\/snudifo34.fr\/index.php\/2024\/03\/10\/ris-mouvement-departemental\/\">RIS MOUVEMENT d\u00e9partemental<\/a><div class=\"wp-block-latest-posts__post-excerpt\">jeudi 28 mars, de 14h \u00e0 16h30, \u00e0 la maison des syndicats (Montpellier) et en visio SPECIALE MOUVEMENT r\u00e8gles, v\u0153ux, priorit\u00e9s, bar\u00e8me, postes,strat\u00e9gies: Venez pr\u00e9parer <a class=\"mh-excerpt-more\" href=\"https:\/\/snudifo34.fr\/index.php\/2024\/03\/10\/ris-mouvement-departemental\/\" title=\"RIS MOUVEMENT d\u00e9partemental\">[&#8230;]<\/a><\/div><\/li>\n<li><div class=\"wp-block-latest-posts__featured-image\"><img loading=\"lazy\" decoding=\"async\" width=\"678\" height=\"157\" src=\"https:\/\/snudifo34.fr\/wp-content\/uploads\/2023\/03\/ENTETE-Mouvement2023.jpg\" class=\"attachment-mh-magazine-lite-content size-mh-magazine-lite-content wp-post-image\" alt=\"\" style=\"\" srcset=\"https:\/\/snudifo34.fr\/wp-content\/uploads\/2023\/03\/ENTETE-Mouvement2023.jpg 678w, https:\/\/snudifo34.fr\/wp-content\/uploads\/2023\/03\/ENTETE-Mouvement2023-300x69.jpg 300w\" sizes=\"auto, (max-width: 678px) 100vw, 678px\" \/><\/div><a class=\"wp-block-latest-posts__post-title\" href=\"https:\/\/snudifo34.fr\/index.php\/2023\/04\/12\/mouvement-2023-la-liste-des-postes-bloques-pour-les-pes\/\">Mouvement 2023 :  la liste des postes bloqu\u00e9s pour les PES<\/a><div class=\"wp-block-latest-posts__post-excerpt\">L&rsquo;administration vient de publier la liste des postes bloqu\u00e9s pour les PES (professeurs des \u00e9coles stagiaires) que nous vous mettons \u00e0 disposition ci-dessous. Pour tout <a class=\"mh-excerpt-more\" href=\"https:\/\/snudifo34.fr\/index.php\/2023\/04\/12\/mouvement-2023-la-liste-des-postes-bloques-pour-les-pes\/\" title=\"Mouvement 2023 :  la liste des postes bloqu\u00e9s pour les PES\">[&#8230;]<\/a><\/div><\/li>\n<li><div class=\"wp-block-latest-posts__featured-image\"><img loading=\"lazy\" decoding=\"async\" width=\"678\" height=\"157\" src=\"https:\/\/snudifo34.fr\/wp-content\/uploads\/2021\/11\/ENTETE-mutations.jpg\" class=\"attachment-mh-magazine-lite-content size-mh-magazine-lite-content wp-post-image\" alt=\"\" style=\"\" srcset=\"https:\/\/snudifo34.fr\/wp-content\/uploads\/2021\/11\/ENTETE-mutations.jpg 678w, https:\/\/snudifo34.fr\/wp-content\/uploads\/2021\/11\/ENTETE-mutations-300x69.jpg 300w\" sizes=\"auto, (max-width: 678px) 100vw, 678px\" \/><\/div><a class=\"wp-block-latest-posts__post-title\" href=\"https:\/\/snudifo34.fr\/index.php\/2023\/03\/29\/ris-speciales-mouvement-2023\/\">RIS \u00ab\u00a0Mouvement 2023\u00a0\u00bb \u00e0 la Maison des syndicats (pour tous) et \u00e0 la FDE (pour les PES)<\/a><div class=\"wp-block-latest-posts__post-excerpt\">Dans le cadre du Mouvement intra-d\u00e9partemental 2023, nous organisons plusieurs RIS (r\u00e9unions d&rsquo;informations syndicales) pour vous informer, r\u00e9pondre \u00e0 vos questions et vous aider \u00e0 <a class=\"mh-excerpt-more\" href=\"https:\/\/snudifo34.fr\/index.php\/2023\/03\/29\/ris-speciales-mouvement-2023\/\" title=\"RIS \u00ab\u00a0Mouvement 2023\u00a0\u00bb \u00e0 la Maison des syndicats (pour tous) et \u00e0 la FDE (pour les PES)\">[&#8230;]<\/a><\/div><\/li>\n<\/ul><\/div>\n<\/div>\n","protected":false},"excerpt":{"rendered":"<div class=\"mh-excerpt\"><p>Le SNUDI-FO 34 vous informe, vous conseille et vous d\u00e9fend tout au long des proc\u00e9dures de mouvement intra-d\u00e9partementales. N&rsquo;h\u00e9sitez pas \u00e0 nous contacter !<\/p>\n<\/div>","protected":false},"author":1,"featured_media":0,"parent":0,"menu_order":0,"comment_status":"closed","ping_status":"closed","template":"","meta":{"cybocfi_hide_featured_image":"","footnotes":""},"class_list":["post-1341","page","type-page","status-publish","hentry"],"_links":{"self":[{"href":"https:\/\/snudifo34.fr\/index.php\/wp-json\/wp\/v2\/pages\/1341","targetHints":{"allow":["GET"]}}],"collection":[{"href":"https:\/\/snudifo34.fr\/index.php\/wp-json\/wp\/v2\/pages"}],"about":[{"href":"https:\/\/snudifo34.fr\/index.php\/wp-json\/wp\/v2\/types\/page"}],"author":[{"embeddable":true,"href":"https:\/\/snudifo34.fr\/index.php\/wp-json\/wp\/v2\/users\/1"}],"replies":[{"embeddable":true,"href":"https:\/\/snudifo34.fr\/index.php\/wp-json\/wp\/v2\/comments?post=1341"}],"version-history":[{"count":8,"href":"https:\/\/snudifo34.fr\/index.php\/wp-json\/wp\/v2\/pages\/1341\/revisions"}],"predecessor-version":[{"id":6654,"href":"https:\/\/snudifo34.fr\/index.php\/wp-json\/wp\/v2\/pages\/1341\/revisions\/6654"}],"wp:attachment":[{"href":"https:\/\/snudifo34.fr\/index.php\/wp-json\/wp\/v2\/media?parent=1341"}],"curies":[{"name":"wp","href":"https:\/\/api.w.org\/{rel}","templated":true}]}}