{"id":271,"date":"2020-11-15T19:11:02","date_gmt":"2020-11-15T18:11:02","guid":{"rendered":"http:\/\/snudifo34.fr\/?page_id=271"},"modified":"2021-02-03T10:41:50","modified_gmt":"2021-02-03T09:41:50","slug":"carriere","status":"publish","type":"page","link":"https:\/\/snudifo34.fr\/index.php\/carriere\/","title":{"rendered":"Carri\u00e8re"},"content":{"rendered":"\n<p>Mouvement, avancement, formation&#8230; Retrouvez ici toutes les informations relative \u00e0 votre carri\u00e8re :<\/p>\n\n\n<ul class=\"wp-block-latest-posts__list wp-block-latest-posts\"><li><a class=\"wp-block-latest-posts__post-title\" href=\"https:\/\/snudifo34.fr\/index.php\/2025\/11\/09\/le-budget-macron-lecornu-doit-tomber\/\">Le budget Macron-Lecornu doit tomber !<\/a><div class=\"wp-block-latest-posts__post-excerpt\">C\u2019est un v\u00e9ritable budget de guerre contre l\u2019Ecole publique, la Culture, la Formation professionnelle, qui est discut\u00e9 en ce moment \u00e0 l\u2019Assembl\u00e9e Nationale.<\/div><\/li>\n<li><a class=\"wp-block-latest-posts__post-title\" href=\"https:\/\/snudifo34.fr\/index.php\/2025\/10\/01\/ppcr-cest-toujours-non-augmentation-de-10-tout-de-suite-toutes-les-infos-carriere-mises-a-jour-dans-ce-journal\/\">PPCR c\u2019est toujours non ! Augmentation de 10% tout de suite ! Toutes les infos carri\u00e8re  mises \u00e0 jour dans ce journal.<\/a><div class=\"wp-block-latest-posts__post-excerpt\">L es diff\u00e9rents gouvernements du pr\u00e9sident Macron entendent nous imposer une aust\u00e9rit\u00e9 jamais vue, en particulier avec le blocage de la valeur du point d\u2019indice.<\/div><\/li>\n<li><a class=\"wp-block-latest-posts__post-title\" href=\"https:\/\/snudifo34.fr\/index.php\/2025\/10\/01\/le-code-des-pensions-civiles-et-militaires-dans-le-viseur-de-lausterite\/\">Le code des pensions civiles et militaires dans le viseur de l\u2019aust\u00e9rit\u00e9 !<\/a><div class=\"wp-block-latest-posts__post-excerpt\">Une fois encore, ce sont les fonctionnaires et les pensionn\u00e9s de l\u2019Etat qui sont vis\u00e9s par une s\u00e9rie de rapports, dont celui du rapporteur de <a class=\"mh-excerpt-more\" href=\"https:\/\/snudifo34.fr\/index.php\/2025\/10\/01\/le-code-des-pensions-civiles-et-militaires-dans-le-viseur-de-lausterite\/\" title=\"Le code des pensions civiles et militaires dans le viseur de l\u2019aust\u00e9rit\u00e9 !\">[&#8230;]<\/a><\/div><\/li>\n<li><a class=\"wp-block-latest-posts__post-title\" href=\"https:\/\/snudifo34.fr\/index.php\/2025\/06\/27\/compte-rendu-de-laudience-du-25-juin-2025-de-la-fnec-fp-fo-avec-le-dgrh\/\">Compte rendu de l\u2019audience du 25 juin 2025 de la FNEC FP-FO avec le DGRH<\/a><div class=\"wp-block-latest-posts__post-excerpt\">Elle a permis \u00e0 la FNEC FP-FO de porter certaines situations individuelles et certains dossiers g\u00e9n\u00e9raux tant au niveau Education nationale que del\u2019Enseignement sup\u00e9rieur et <a class=\"mh-excerpt-more\" href=\"https:\/\/snudifo34.fr\/index.php\/2025\/06\/27\/compte-rendu-de-laudience-du-25-juin-2025-de-la-fnec-fp-fo-avec-le-dgrh\/\" title=\"Compte rendu de l\u2019audience du 25 juin 2025 de la FNEC FP-FO avec le DGRH\">[&#8230;]<\/a><\/div><\/li>\n<li><a class=\"wp-block-latest-posts__post-title\" href=\"https:\/\/snudifo34.fr\/index.php\/2025\/06\/22\/resultats-des-concours-de-recrutement-de-professeurs-des-ecoles-toujours-moins-denseignants-dans-les-ecoles\/\">R\u00e9sultats des concours de recrutement de professeurs des \u00e9coles : toujours moins d\u2019enseignants dans les \u00e9coles !<\/a><div class=\"wp-block-latest-posts__post-excerpt\">Les r\u00e9sultats des concours de recrutement de professeurs des \u00e9coles (CRPE) ont \u00e9t\u00e9 rendus publics \u00e0 la mi-juin dans un contexte o\u00f9 le gouvernement Bayrou-Borne <a class=\"mh-excerpt-more\" href=\"https:\/\/snudifo34.fr\/index.php\/2025\/06\/22\/resultats-des-concours-de-recrutement-de-professeurs-des-ecoles-toujours-moins-denseignants-dans-les-ecoles\/\" title=\"R\u00e9sultats des concours de recrutement de professeurs des \u00e9coles : toujours moins d\u2019enseignants dans les \u00e9coles !\">[&#8230;]<\/a><\/div><\/li>\n<\/ul>","protected":false},"excerpt":{"rendered":"<div class=\"mh-excerpt\"><p>Mouvement, avancement, formation&#8230; Retrouvez ici toutes les informations relative \u00e0 votre carri\u00e8re :<\/p>\n<\/div>","protected":false},"author":1,"featured_media":0,"parent":0,"menu_order":0,"comment_status":"closed","ping_status":"closed","template":"","meta":{"cybocfi_hide_featured_image":"","footnotes":""},"class_list":["post-271","page","type-page","status-publish","hentry"],"_links":{"self":[{"href":"https:\/\/snudifo34.fr\/index.php\/wp-json\/wp\/v2\/pages\/271","targetHints":{"allow":["GET"]}}],"collection":[{"href":"https:\/\/snudifo34.fr\/index.php\/wp-json\/wp\/v2\/pages"}],"about":[{"href":"https:\/\/snudifo34.fr\/index.php\/wp-json\/wp\/v2\/types\/page"}],"author":[{"embeddable":true,"href":"https:\/\/snudifo34.fr\/index.php\/wp-json\/wp\/v2\/users\/1"}],"replies":[{"embeddable":true,"href":"https:\/\/snudifo34.fr\/index.php\/wp-json\/wp\/v2\/comments?post=271"}],"version-history":[{"count":2,"href":"https:\/\/snudifo34.fr\/index.php\/wp-json\/wp\/v2\/pages\/271\/revisions"}],"predecessor-version":[{"id":430,"href":"https:\/\/snudifo34.fr\/index.php\/wp-json\/wp\/v2\/pages\/271\/revisions\/430"}],"wp:attachment":[{"href":"https:\/\/snudifo34.fr\/index.php\/wp-json\/wp\/v2\/media?parent=271"}],"curies":[{"name":"wp","href":"https:\/\/api.w.org\/{rel}","templated":true}]}}