{"id":433,"date":"2021-02-03T11:13:01","date_gmt":"2021-02-03T10:13:01","guid":{"rendered":"http:\/\/snudifo34.fr\/?page_id=433"},"modified":"2026-01-24T10:07:59","modified_gmt":"2026-01-24T09:07:59","slug":"le-syndicat","status":"publish","type":"page","link":"https:\/\/snudifo34.fr\/index.php\/le-syndicat\/","title":{"rendered":"Le syndicat"},"content":{"rendered":"\n<p>Le <strong>Syndicat National Unifi\u00e9 des Directeurs, Instituteurs, Professeurs des \u00e9coles, PsyEN EDA, AESH, contractuels de l\u2019Education nationale<\/strong> (SNUDI-FO) est un syndicat pour les personnels du 1er degr\u00e9. Il est organis\u00e9 en syndicats d\u00e9partementaux et un syndicat national. Il fait partie de la FNEC FP FO (f\u00e9d\u00e9ration nationale de l&rsquo;Enseignement, de la culture et de la Formation Professionnelle Force Ouvri\u00e8re) et de la conf\u00e9d\u00e9ration Force Ouvri\u00e8re.<\/p>\n\n\n\n<p>Le SNUDI-FO 34 est un syndicat :<\/p>\n\n\n\n<p><mark style=\"background-color:rgba(0, 0, 0, 0);color:#f80808\" class=\"has-inline-color\"><strong>repr\u00e9sentatif<\/strong><\/mark> : le SNUDI-FO est le troisi\u00e8me syndicat chez les PE. Par ailleurs FO est le premier syndicat dans la fonction publique d\u2019Etat.<\/p>\n\n\n\n<p><mark style=\"background-color:rgba(0, 0, 0, 0);color:#fc0707\" class=\"has-inline-color\"><strong>d\u00e9mocratique<\/strong><\/mark> : avec des d\u00e9l\u00e9gu\u00e9s \u00e9lus, mandat\u00e9s et contr\u00f4l\u00e9s par les syndiqu\u00e9s dans le cadre de ses instances (Assembl\u00e9e g\u00e9n\u00e9rale, conseil syndical);<\/p>\n\n\n\n<p><mark style=\"background-color:rgba(0, 0, 0, 0);color:#f90707\" class=\"has-inline-color\"><strong>ind\u00e9pendant<\/strong><\/mark> : notre fil conducteur, c&rsquo;est la d\u00e9fense des int\u00e9r\u00eats moraux et mat\u00e9riels des agents et des salari\u00e9s sur la base du mandat confi\u00e9 par les syndiqu\u00e9s. Nous rejetons toutes les tentatives pour \u00eatre int\u00e9gr\u00e9s en courroie de transmission d&rsquo;un gouvernement, quel qu&rsquo;il soit, ou en adjoint de l&rsquo;administration. Non \u00e0 la cogestion!<\/p>\n\n\n\n<p>A Force Ouvri\u00e8re, \u00eatre syndiqu\u00e9 c&rsquo;est donc \u00eatre f\u00e9d\u00e9r\u00e9, et conf\u00e9d\u00e9r\u00e9, &nbsp;c\u2019est-\u00e0-dire \u00eatre en lien avec l\u2019ensemble des salari\u00e9s des autres professions pour la d\u00e9fense de nos droits communs (s\u00e9cu, services publics, droit du travail, etc). <\/p>\n\n\n\n<p><\/p>\n\n\n\n<p>La Cgt-Force Ouvri\u00e8re entend&nbsp;rester fid\u00e8le \u00e0 la Charte d\u2019Amiens de 1906 qui affirme la n\u00e9cessaire ind\u00e9pendance du syndicat vis-\u00e0-vis de l\u2019Etat, du patronat, des partis politiques, des gouvernements et des \u00c9glises.<\/p>\n\n\n\n<p>Au SNUDI-FO, m\u00eame si nous pouvons \u00eatre passionn\u00e9s par la p\u00e9dagogie, nous consid\u00e9rons que ce n\u2019est pas au syndicat de se m\u00ealer de cet aspect, mais plut\u00f4t de d\u00e9fendre la libert\u00e9 p\u00e9dagogique. Nous agissons donc pour revendiquer et d\u00e9fendre les revendications, inlassablement. <\/p>\n\n\n\n<p>Le SNUDI FO 34 est compos\u00e9 de coll\u00e8gues qui travaillent dans les \u00e9coles et qui, en plus, sont engag\u00e9s dans le combat quotidien pour l&rsquo;am\u00e9lioration de nos conditions de travail et le respect des statuts.<\/p>\n\n\n\n<h2 class=\"wp-block-heading\">Les d\u00e9l\u00e9gu\u00e9s<\/h2>\n\n\n\n<div class=\"wp-block-columns is-layout-flex wp-container-core-columns-is-layout-9d6595d7 wp-block-columns-is-layout-flex\">\n<div class=\"wp-block-column is-layout-flow wp-block-column-is-layout-flow\"><div class=\"wp-block-image is-style-rounded\">\n<figure class=\"aligncenter size-large is-resized\"><img loading=\"lazy\" decoding=\"async\" width=\"986\" height=\"1024\" src=\"http:\/\/snudifo34.fr\/wp-content\/uploads\/2022\/08\/Sabine-1-986x1024.jpg\" alt=\"\" class=\"wp-image-1400\" style=\"width:183px;height:190px\" srcset=\"https:\/\/snudifo34.fr\/wp-content\/uploads\/2022\/08\/Sabine-1-986x1024.jpg 986w, https:\/\/snudifo34.fr\/wp-content\/uploads\/2022\/08\/Sabine-1-289x300.jpg 289w, https:\/\/snudifo34.fr\/wp-content\/uploads\/2022\/08\/Sabine-1-768x798.jpg 768w, https:\/\/snudifo34.fr\/wp-content\/uploads\/2022\/08\/Sabine-1.jpg 1249w\" sizes=\"auto, (max-width: 986px) 100vw, 986px\" \/><\/figure>\n<\/div>\n\n\n<p class=\"has-text-align-center\"><strong>Sabine Raynaud<\/strong><\/p>\n\n\n\n<p class=\"has-text-align-center\">ULIS<\/p>\n\n\n\n<p class=\"has-text-align-center\">Secr\u00e9taire d\u00e9partementale<\/p>\n\n\n\n<p class=\"has-text-align-center\">CSA SD, CDEN<\/p>\n\n\n\n<p class=\"has-text-align-center\">06 64 62 70 20<\/p>\n\n\n\n<p class=\"has-text-align-center has-small-font-size\"><\/p>\n\n\n<div class=\"wp-block-image is-style-rounded\">\n<figure class=\"aligncenter size-large is-resized\"><img loading=\"lazy\" decoding=\"async\" width=\"865\" height=\"1024\" src=\"http:\/\/snudifo34.fr\/wp-content\/uploads\/2023\/07\/8985464582871363641-1-865x1024.jpg\" alt=\"\" class=\"wp-image-4660\" style=\"width:182px;height:209px\" srcset=\"https:\/\/snudifo34.fr\/wp-content\/uploads\/2023\/07\/8985464582871363641-1-865x1024.jpg 865w, https:\/\/snudifo34.fr\/wp-content\/uploads\/2023\/07\/8985464582871363641-1-253x300.jpg 253w, https:\/\/snudifo34.fr\/wp-content\/uploads\/2023\/07\/8985464582871363641-1-768x910.jpg 768w, https:\/\/snudifo34.fr\/wp-content\/uploads\/2023\/07\/8985464582871363641-1.jpg 1286w\" sizes=\"auto, (max-width: 865px) 100vw, 865px\" \/><\/figure>\n<\/div>\n\n\n<p class=\"has-text-align-center\"><strong><strong>Salom\u00e9 Ayral<\/strong><\/strong><\/p>\n\n\n\n<p class=\"has-text-align-center\">ZIL<\/p>\n\n\n\n<p class=\"has-text-align-center\">06 11 02 42 44<\/p>\n<\/div>\n\n\n\n<div class=\"wp-block-column is-layout-flow wp-block-column-is-layout-flow\"><div class=\"wp-block-image is-style-rounded\">\n<figure class=\"aligncenter size-full is-resized\"><img loading=\"lazy\" decoding=\"async\" width=\"400\" height=\"451\" src=\"http:\/\/snudifo34.fr\/wp-content\/uploads\/2022\/08\/Regis-2.jpg\" alt=\"\" class=\"wp-image-1406\" style=\"width:171px;height:192px\" srcset=\"https:\/\/snudifo34.fr\/wp-content\/uploads\/2022\/08\/Regis-2.jpg 400w, https:\/\/snudifo34.fr\/wp-content\/uploads\/2022\/08\/Regis-2-266x300.jpg 266w\" sizes=\"auto, (max-width: 400px) 100vw, 400px\" \/><\/figure>\n<\/div>\n\n\n<p class=\"has-text-align-center\"><strong>R\u00e9gis Thiriet<\/strong><\/p>\n\n\n\n<p class=\"has-text-align-center\">retrait\u00e9<\/p>\n\n\n\n<p class=\"has-text-align-center\">06 78 22 94 53<\/p>\n\n\n\n<p class=\"has-text-align-center\"><\/p>\n\n\n\n<p class=\"has-text-align-center\"><\/p>\n\n\n\n<p><\/p>\n\n\n<div class=\"wp-block-image is-style-rounded\">\n<figure class=\"aligncenter size-full is-resized\"><img loading=\"lazy\" decoding=\"async\" width=\"661\" height=\"940\" src=\"https:\/\/snudifo34.fr\/wp-content\/uploads\/2026\/01\/corentin.jpg\" alt=\"\" class=\"wp-image-7644\" style=\"aspect-ratio:0.703197432544871;width:157px;height:auto\" srcset=\"https:\/\/snudifo34.fr\/wp-content\/uploads\/2026\/01\/corentin.jpg 661w, https:\/\/snudifo34.fr\/wp-content\/uploads\/2026\/01\/corentin-211x300.jpg 211w\" sizes=\"auto, (max-width: 661px) 100vw, 661px\" \/><\/figure>\n<\/div>\n\n\n<p class=\"has-text-align-center\"><strong>Corentin Maltret<\/strong><\/p>\n\n\n\n<p class=\"has-text-align-center\">Brigade<\/p>\n\n\n\n<p class=\"has-text-align-center\">06 12 80 53 26<\/p>\n<\/div>\n<\/div>\n\n\n\n<h2 class=\"wp-block-heading\" id=\"referents-secteurs\">Les r\u00e9f\u00e9rents de secteur<\/h2>\n\n\n\n<figure class=\"wp-block-table is-style-stripes\"><table class=\"has-pale-pink-background-color has-background has-fixed-layout\"><tbody><tr><td><\/td><td><\/td><td><\/td><\/tr><tr><td>Montpellier &#8211; est<\/td><td><strong>Claude Wagner<\/strong><\/td><td>04 67 60 64 10<\/td><\/tr><tr><td>Montpellier &#8211; centre<br>Montpellier &#8211; ouest<br><\/td><td><strong>Mehdi Kamel<\/strong><br><strong>Yseult Menardo<\/strong><br><\/td><td>07 62 65 50 61<br>06 99 19 02 22<br><\/td><\/tr><tr><td>Montpellier &#8211; sud<\/td><td><strong>Audrey Etienne<\/strong><\/td><td>06 52 86 30 22<\/td><\/tr><tr><td>B\u00e9ziers<br>Lunel<\/td><td><strong>Romain Huertas<\/strong><br><strong>Rapha\u00eblle Rouvi\u00e8re<\/strong><\/td><td>06 95 41 07 71<br>06 63 44 03 25<\/td><\/tr><tr><td>Clermont l&rsquo;H\u00e9rault<br>S\u00e8te <\/td><td><strong>Julie Rastoul<\/strong><br><strong>Marianne Manassero<\/strong><\/td><td>06 03 02 86 27<br>07 86 95 53 76<\/td><\/tr><\/tbody><\/table><\/figure>\n\n\n\n<div class=\"wp-block-columns is-layout-flex wp-container-core-columns-is-layout-9d6595d7 wp-block-columns-is-layout-flex\">\n<div class=\"wp-block-column is-layout-flow wp-block-column-is-layout-flow\">\n<figure class=\"wp-block-image size-full is-resized\"><img loading=\"lazy\" decoding=\"async\" width=\"129\" height=\"148\" src=\"http:\/\/snudifo34.fr\/wp-content\/uploads\/2024\/08\/Capture-decran-2024-08-24-090549.png\" alt=\"\" class=\"wp-image-5857\" style=\"width:98px;height:auto\"\/><\/figure>\n\n\n\n<p class=\"has-text-align-left\">Mehdi<\/p>\n<\/div>\n\n\n\n<div class=\"wp-block-column is-layout-flow wp-block-column-is-layout-flow\">\n<figure class=\"wp-block-image size-full is-resized\"><img loading=\"lazy\" decoding=\"async\" width=\"120\" height=\"158\" src=\"http:\/\/snudifo34.fr\/wp-content\/uploads\/2024\/08\/Capture-decran-2024-08-24-090655.png\" alt=\"\" class=\"wp-image-5856\" style=\"width:89px;height:auto\"\/><\/figure>\n\n\n\n<p>Yseult<\/p>\n<\/div>\n\n\n\n<div class=\"wp-block-column is-layout-flow wp-block-column-is-layout-flow\">\n<figure class=\"wp-block-image size-full is-resized\"><img loading=\"lazy\" decoding=\"async\" width=\"133\" height=\"186\" src=\"http:\/\/snudifo34.fr\/wp-content\/uploads\/2024\/08\/Capture-decran-2024-08-24-091627.png\" alt=\"\" class=\"wp-image-5859\" style=\"width:93px;height:auto\"\/><\/figure>\n\n\n\n<p>Marianne<\/p>\n<\/div>\n<\/div>\n\n\n\n<h2 class=\"wp-block-heading\">Quelques-unes des positions et revendications du SNUDI-FO:<\/h2>\n\n\n\n<ul class=\"wp-block-list\">\n<li>Une augmentation imm\u00e9diate de 10% de la valeur du point d\u2019indice sans contrepartie! Rattrapage des pertes subies depuis 2000 (32,7%)! Retrait du pacte Macron Ndiaye<\/li>\n\n\n\n<li>Un statut de fonctionnaire avec un temps plein pour 24h, un vrai salaire pour les AESH ; abandon des PIAL et des PAS !<\/li>\n\n\n\n<li>La d\u00e9fense de l\u2019enseignement sp\u00e9cialis\u00e9 et adapt\u00e9 ; maintien et la cr\u00e9ation des places dans les \u00e9tablissements sociaux et m\u00e9dico-sociaux ; retrait de l\u2019acte 2 de l\u2019Ecole inclusive et du d\u00e9cret visant \u00e0 g\u00e9n\u00e9raliser l\u2019externalisation des ESMS ; recrutement d\u2019enseignants sp\u00e9cialis\u00e9s et d\u2019AESH; cr\u00e9ation des postes et des places n\u00e9cessaires (psychologues, ma\u00eetres E et G, ULIS, SEGPA, IME, ITEP)<\/li>\n\n\n\n<li>L\u2019abrogation de la loi de transformation de la fonction publique et le r\u00e9tablissement de toutes les pr\u00e9rogatives de la CAPD ! Arr\u00eat des postes \u00e0 profils<\/li>\n\n\n\n<li>Non \u00e0 l\u2019accord sur la protection sociale compl\u00e9mentaire, abandon de tous les jours de carence et de la baisse \u00e0 90% du traitement en cas d\u2019arr\u00eat maladie.<\/li>\n\n\n\n<li>retour \u00e0 la d\u00e9finition des obligations r\u00e9glementaires de service exclusivement en heures hebdomadaires d\u2019enseignement : 24 heures sur 36 semaines; retrait du d\u00e9cret du 29 mars 2017 modifiant les ORS des PE, abandon des 108 heures<\/li>\n\n\n\n<li>Le recrutement sous statut de tous les candidats aux concours inscrits sur les listes compl\u00e9mentaires et le r\u00e9-abondement de celles-ci \u00e0 hauteur des besoins !<\/li>\n\n\n\n<li>Fonds publics \u00e0 l\u2019\u00e9cole publique, fonds priv\u00e9s \u00e0 l\u2019\u00e9cole priv\u00e9e ! Abrogation de la loi Debr\u00e9 de 1959 et de toutes les lois anti-la\u00efques.<\/li>\n\n\n\n<li>L&rsquo;abrogation de la r\u00e9forme Macron-Borne des retraites, non \u00e0 la retraite par points ou par capitalisation<\/li>\n\n\n\n<li>L\u2019arr\u00eat des mesures remettant en cause nos statuts et l\u2019Ecole publique : \u00ab pacte \u00bb, exp\u00e9rimentation marseillaise, \u00e9valuations d\u2019\u00e9coles, formations impos\u00e9es, projets NEFLE; abrogation des d\u00e9crets Peillon et Hamon, non \u00e0 la municipalisation et la territorialisation de l\u2019\u00c9cole.<\/li>\n\n\n\n<li>L\u2019annulation des suppressions de postes, des fermetures, des fusions et les cr\u00e9ations de postes n\u00e9cessaires pour all\u00e9ger les effectifs, assurer le remplacement des enseignants absents, former des enseignants sp\u00e9cialis\u00e9s et ouvrir des places dans les \u00e9tablissements sociaux et m\u00e9dico-sociaux !<\/li>\n\n\n\n<li>Non \u00e0 la loi Rilhac, 100 points d&rsquo;indice pour les directeurs, une aide administrative, des d\u00e9charges pour toutes les \u00e9coles et am\u00e9lioration des d\u00e9charges existantes !<\/li>\n\n\n\n<li>L\u2019abandon de la masterisation, concours au niveau licence avec une formation r\u00e9mun\u00e9r\u00e9e \u00e0 plein temps sous statut<\/li>\n\n\n\n<li>l\u2019abandon des mesures des \u00ab assises \u00bb de la sant\u00e9 scolaire et la cr\u00e9ation de la fonction de PsyEN conseiller technique en sant\u00e9 mentale<\/li>\n\n\n\n<li>Abrogation de PPCR et son accompagnement, aux constellations, formation continue sur le temps de travail, sur la base du volontariat et de l\u2019\u00e9galit\u00e9 de droit entre coll\u00e8gues (maintien du bar\u00e8me, pas de public d\u00e9sign\u00e9)<\/li>\n\n\n\n<li>Recrutement de m\u00e9decins du travail, d&rsquo;infirmi\u00e8res et de m\u00e9decins scolaires<\/li>\n\n\n\n<li>Respect de la libert\u00e9 p\u00e9dagogique : non aux \u00e9valuations nationales!<\/li>\n\n\n\n<li>retour du cadre national et la\u00efque de l\u2019Ecole Publique et d\u00e9fense du statut g\u00e9n\u00e9ral et des statuts particuliers<\/li>\n<\/ul>\n\n\n\n<h2 class=\"wp-block-heading\">Pour mieux nous conna\u00eetre, le mieux reste de lire la r\u00e9solution adopt\u00e9e par le Congr\u00e8s du SNUDI FO en d\u00e9cembre 2025. Cette r\u00e9solution est la \u00ab feuille de route \u00bb du syndicat pour les mois \u00e0 venir, avec les revendications que nous d\u00e9fendons.<\/h2>\n\n\n<a href=\"https:\/\/snudifo34.fr\/wp-content\/uploads\/2025\/12\/Resolution-XV-Congres-SNUDI-1.pdf\" class=\"pdfemb-viewer\" style=\"\" data-width=\"max\" data-height=\"max\" data-toolbar=\"bottom\" data-toolbar-fixed=\"off\">Resolution-XV-Congres-SNUDI-1<\/a>\n\n\n<h2 class=\"wp-block-heading\">R\u00e9solution de la Commission Ex\u00e9cutive de la FNEC FP FO d&rsquo;octobre 2025 :<\/h2>\n\n\n<a href=\"https:\/\/snudifo34.fr\/wp-content\/uploads\/2025\/11\/25-10-15-Resolution-de-la-CEF-de-la-FNEC-FP-FO-15-octobre-2025.pdf\" class=\"pdfemb-viewer\" style=\"\" data-width=\"max\" data-height=\"max\" data-toolbar=\"bottom\" data-toolbar-fixed=\"off\">25-10-15-Resolution-de-la-CEF-de-la-FNEC-FP-FO-15-octobre-2025<\/a>\n\n\n<h2 class=\"wp-block-heading\">R\u00e9solution du Bureau national des 22 et 23 janvier 2026 :<\/h2>\n\n\n<a href=\"https:\/\/snudifo34.fr\/wp-content\/uploads\/2026\/01\/Resolution-BN-22-et-23-janvier-2026.pdf\" class=\"pdfemb-viewer\" style=\"\" data-width=\"max\" data-height=\"max\" data-toolbar=\"bottom\" data-toolbar-fixed=\"off\">Resolution-BN-22-et-23-janvier-2026<\/a>\n\n\n<h2 class=\"wp-block-heading\">R\u00e9solution du Bureau National du SNUDI FO de novembre 2025 :<\/h2>\n\n\n<a href=\"https:\/\/snudifo34.fr\/wp-content\/uploads\/2025\/11\/Resolution-BN-6-et-7-novembre.pdf\" class=\"pdfemb-viewer\" style=\"\" data-width=\"max\" data-height=\"max\" data-toolbar=\"bottom\" data-toolbar-fixed=\"off\">Resolution-BN-6-et-7-novembre<\/a>\n\n\n<ul class=\"wp-block-list\">\n<li><strong>R\u00e9solution de juin 2023<\/strong><\/li>\n<\/ul>\n\n\n<a href=\"https:\/\/snudifo34.fr\/wp-content\/uploads\/2023\/08\/230608-Resolution-Congres-SNUDI-FO-Angers-1.pdf\" class=\"pdfemb-viewer\" style=\"\" data-width=\"max\" data-height=\"max\" data-toolbar=\"bottom\" data-toolbar-fixed=\"off\">230608-Resolution-Congres-SNUDI-FO-Angers-1<\/a>","protected":false},"excerpt":{"rendered":"<div class=\"mh-excerpt\"><p>Le Syndicat National Unifi\u00e9 des Directeurs, Instituteurs, Professeurs des \u00e9coles, PsyEN EDA, AESH, contractuels de l\u2019Education nationale (SNUDI-FO) est un syndicat pour les personnels du <a class=\"mh-excerpt-more\" href=\"https:\/\/snudifo34.fr\/index.php\/le-syndicat\/\" title=\"Le syndicat\">[&#8230;]<\/a><\/p>\n<\/div>","protected":false},"author":1,"featured_media":0,"parent":0,"menu_order":0,"comment_status":"closed","ping_status":"closed","template":"","meta":{"cybocfi_hide_featured_image":"","footnotes":""},"class_list":["post-433","page","type-page","status-publish","hentry"],"_links":{"self":[{"href":"https:\/\/snudifo34.fr\/index.php\/wp-json\/wp\/v2\/pages\/433","targetHints":{"allow":["GET"]}}],"collection":[{"href":"https:\/\/snudifo34.fr\/index.php\/wp-json\/wp\/v2\/pages"}],"about":[{"href":"https:\/\/snudifo34.fr\/index.php\/wp-json\/wp\/v2\/types\/page"}],"author":[{"embeddable":true,"href":"https:\/\/snudifo34.fr\/index.php\/wp-json\/wp\/v2\/users\/1"}],"replies":[{"embeddable":true,"href":"https:\/\/snudifo34.fr\/index.php\/wp-json\/wp\/v2\/comments?post=433"}],"version-history":[{"count":51,"href":"https:\/\/snudifo34.fr\/index.php\/wp-json\/wp\/v2\/pages\/433\/revisions"}],"predecessor-version":[{"id":7657,"href":"https:\/\/snudifo34.fr\/index.php\/wp-json\/wp\/v2\/pages\/433\/revisions\/7657"}],"wp:attachment":[{"href":"https:\/\/snudifo34.fr\/index.php\/wp-json\/wp\/v2\/media?parent=433"}],"curies":[{"name":"wp","href":"https:\/\/api.w.org\/{rel}","templated":true}]}}