{"id":437,"date":"2021-02-03T11:16:22","date_gmt":"2021-02-03T10:16:22","guid":{"rendered":"http:\/\/snudifo34.fr\/?page_id=437"},"modified":"2021-04-23T19:27:04","modified_gmt":"2021-04-23T17:27:04","slug":"publications-militantes","status":"publish","type":"page","link":"https:\/\/snudifo34.fr\/index.php\/publications-militantes\/","title":{"rendered":"Publications militantes"},"content":{"rendered":"\n<p>Vous trouverez ci-dessous les derni\u00e8res publications de notre syndicat et des f\u00e9d\u00e9rations :<\/p>\n\n\n\n<p><strong>Avril 2021<\/strong><\/p>\n\n\n\n<div class=\"wp-block-file\"><a href=\"http:\/\/snudifo34.fr\/wp-content\/uploads\/2021\/04\/motion-snudiFO34-charte-laicite.pdf\">Motion du CS du SNUDI-FO 34 relative \u00e0 la charte de la la\u00efcit\u00e9 mise en place par la Mairie de Montpellier<\/a><a href=\"http:\/\/snudifo34.fr\/wp-content\/uploads\/2021\/04\/motion-snudiFO34-charte-laicite.pdf\" class=\"wp-block-file__button\" download>T\u00e9l\u00e9charger<\/a><\/div>\n\n\n\n<div class=\"wp-block-file\"><a href=\"http:\/\/snudifo34.fr\/wp-content\/uploads\/2021\/04\/special_impots_2021.pdf\">Dossier sp\u00e9cial IMP\u00d4TS 2021 de la CGT-FO<\/a><a href=\"http:\/\/snudifo34.fr\/wp-content\/uploads\/2021\/04\/special_impots_2021.pdf\" class=\"wp-block-file__button\" download>T\u00e9l\u00e9charger<\/a><\/div>\n\n\n\n<p><strong>Mars 2021<\/strong><\/p>\n\n\n\n<div class=\"wp-block-file\"><a href=\"http:\/\/snudifo34.fr\/wp-content\/uploads\/2021\/03\/21-03-12-CEF-Motion-soutien-culture-.pdf\">Soutien aux mobilisations pour la r\u00e9ouverture des lieux de culture du 12\/03\/2021<\/a><a href=\"http:\/\/snudifo34.fr\/wp-content\/uploads\/2021\/03\/21-03-12-CEF-Motion-soutien-culture-.pdf\" class=\"wp-block-file__button\" download>T\u00e9l\u00e9charger<\/a><\/div>\n\n\n\n<div class=\"wp-block-file\"><a href=\"http:\/\/snudifo34.fr\/wp-content\/uploads\/2021\/03\/21-03-12-CEF-resolution-spec-J-et-S.pdf\">R\u00e9solution sp\u00e9ciale Jeunesse et Sport de la CEF<\/a><a href=\"http:\/\/snudifo34.fr\/wp-content\/uploads\/2021\/03\/21-03-12-CEF-resolution-spec-J-et-S.pdf\" class=\"wp-block-file__button\" download>T\u00e9l\u00e9charger<\/a><\/div>\n\n\n\n<div class=\"wp-block-file\"><a href=\"http:\/\/snudifo34.fr\/wp-content\/uploads\/2021\/03\/21-03-12-Resolution-generale-CEF-des-11-et-12-mars-2021.pdf\">R\u00e9solution g\u00e9n\u00e9rale de la CEF des 11 et 12 mars 2021<\/a><a href=\"http:\/\/snudifo34.fr\/wp-content\/uploads\/2021\/03\/21-03-12-Resolution-generale-CEF-des-11-et-12-mars-2021.pdf\" class=\"wp-block-file__button\" download>T\u00e9l\u00e9charger<\/a><\/div>\n\n\n\n<p class=\"has-black-color has-text-color\"><strong>Janvier 2021<\/strong><\/p>\n\n\n\n<div class=\"wp-block-file\"><a href=\"http:\/\/snudifo34.fr\/wp-content\/uploads\/2021\/02\/Appel-de-la-CEF-du-25-janvier-2021.pdf\">Appel de la CEF du 25 janvier 2020<\/a><a href=\"http:\/\/snudifo34.fr\/wp-content\/uploads\/2021\/02\/Appel-de-la-CEF-du-25-janvier-2021.pdf\" class=\"wp-block-file__button\" download>T\u00e9l\u00e9charger<\/a><\/div>\n\n\n\n<div class=\"wp-block-file\"><a href=\"http:\/\/snudifo34.fr\/wp-content\/uploads\/2021\/02\/Resolution-BN-28-29-janvier-2021.pdf\">R\u00e9solution du Bureau National du 28 et 29 janvier 2021<\/a><a href=\"http:\/\/snudifo34.fr\/wp-content\/uploads\/2021\/02\/Resolution-BN-28-29-janvier-2021.pdf\" class=\"wp-block-file__button\" download>T\u00e9l\u00e9charger<\/a><\/div>\n","protected":false},"excerpt":{"rendered":"<div class=\"mh-excerpt\"><p>Vous trouverez ci-dessous les derni\u00e8res publications de notre syndicat et des f\u00e9d\u00e9rations : Avril 2021 Mars 2021 Janvier 2021<\/p>\n<\/div>","protected":false},"author":1,"featured_media":0,"parent":0,"menu_order":0,"comment_status":"closed","ping_status":"closed","template":"","meta":{"cybocfi_hide_featured_image":"","footnotes":""},"class_list":["post-437","page","type-page","status-publish","hentry"],"_links":{"self":[{"href":"https:\/\/snudifo34.fr\/index.php\/wp-json\/wp\/v2\/pages\/437","targetHints":{"allow":["GET"]}}],"collection":[{"href":"https:\/\/snudifo34.fr\/index.php\/wp-json\/wp\/v2\/pages"}],"about":[{"href":"https:\/\/snudifo34.fr\/index.php\/wp-json\/wp\/v2\/types\/page"}],"author":[{"embeddable":true,"href":"https:\/\/snudifo34.fr\/index.php\/wp-json\/wp\/v2\/users\/1"}],"replies":[{"embeddable":true,"href":"https:\/\/snudifo34.fr\/index.php\/wp-json\/wp\/v2\/comments?post=437"}],"version-history":[{"count":12,"href":"https:\/\/snudifo34.fr\/index.php\/wp-json\/wp\/v2\/pages\/437\/revisions"}],"predecessor-version":[{"id":559,"href":"https:\/\/snudifo34.fr\/index.php\/wp-json\/wp\/v2\/pages\/437\/revisions\/559"}],"wp:attachment":[{"href":"https:\/\/snudifo34.fr\/index.php\/wp-json\/wp\/v2\/media?parent=437"}],"curies":[{"name":"wp","href":"https:\/\/api.w.org\/{rel}","templated":true}]}}