{"id":47,"date":"2020-09-21T18:08:43","date_gmt":"2020-09-21T16:08:43","guid":{"rendered":"http:\/\/snudifo34.fr\/?page_id=47"},"modified":"2025-08-11T10:11:04","modified_gmt":"2025-08-11T08:11:04","slug":"stages","status":"publish","type":"page","link":"https:\/\/snudifo34.fr\/index.php\/stages\/","title":{"rendered":"Stages syndicaux"},"content":{"rendered":"\n<p>Participer \u00e0 des stages syndicaux est un droit : les professeurs des \u00e9coles, les AESH, les PsyEN ont la possibilit\u00e9 de participer \u00e0\u00a0<strong>12 jours de formation\u00a0<\/strong>dans l\u2019ann\u00e9e.<\/p>\n\n\n\n<p>Chaque ann\u00e9e le SNUDI FO 34 en programme sur des th\u00e8mes particuliers. Ils sont ouverts \u00e0 tous: syndiqu\u00e9s ou non, adh\u00e9rents d&rsquo;une autre organisation syndicale. Ces stages ne sont pas des stages p\u00e9dagogiques mais des stages syndicaux (droits, conditions de travail, r\u00e9formes en cours, mobilisations \u2026) pour mieux conna\u00eetre ses droits notamment.<\/p>\n\n\n\n<p><strong>Les inscriptions se font par mail: snudi.fo34@gmail.com. <\/strong>Nous vous enverrons les documents pour faire votre demande de cong\u00e9 pour formation syndicale aupr\u00e8s de l&rsquo;IEN.<\/p>\n\n\n\n<p>Il faut d\u00e9poser la demande d&rsquo;autorisation d&rsquo;absence au moins <strong>30 jours<\/strong> avant le d\u00e9but de la formation.<\/p>\n\n\n\n<p>Retrouvez ci-dessous les informations relatives \u00e0 nos stages syndicaux :<\/p>\n\n\n<ul class=\"wp-block-latest-posts__list wp-block-latest-posts\"><li><div class=\"wp-block-latest-posts__featured-image\"><a href=\"https:\/\/snudifo34.fr\/index.php\/2023\/09\/09\/calendrier-des-stages-2023\/\" aria-label=\"Calendrier des stages 2025 2026: inscrivez vous!\"><img loading=\"lazy\" decoding=\"async\" width=\"423\" height=\"381\" src=\"https:\/\/snudifo34.fr\/wp-content\/uploads\/2023\/06\/FB_IMG_1677762750022-423x381.jpg\" class=\"attachment-mh-magazine-lite-content size-mh-magazine-lite-content wp-post-image\" alt=\"\" style=\"\" \/><\/a><\/div><a class=\"wp-block-latest-posts__post-title\" href=\"https:\/\/snudifo34.fr\/index.php\/2023\/09\/09\/calendrier-des-stages-2023\/\">Calendrier des stages 2025 2026: inscrivez vous!<\/a><div class=\"wp-block-latest-posts__post-excerpt\">ATTENTION: il est n\u00e9cessaire de demander l&rsquo;autorisation d&rsquo;absence 1 mois avant. Comment faire? Inscrivez vous par mail: snudi.fo34@gmail.com ou par SMS 0664627020, et nous vous <a class=\"mh-excerpt-more\" href=\"https:\/\/snudifo34.fr\/index.php\/2023\/09\/09\/calendrier-des-stages-2023\/\" title=\"Calendrier des stages 2025 2026: inscrivez vous!\">[&#8230;]<\/a><\/div><\/li>\n<li><div class=\"wp-block-latest-posts__featured-image\"><a href=\"https:\/\/snudifo34.fr\/index.php\/2023\/09\/09\/inclusion-scolaire-systematique-stop-au-chaos-et-a-la-mise-en-danger-des-personnels-et-des-eleves-dans-les-etablissements-scolaires-non-a-lacte-ii-de-lecole-inclusive\/\" aria-label=\"Inclusion scolaire syst\u00e9matique : STOP au chaos et \u00e0 la mise en danger des personnels et des \u00e9l\u00e8ves dans les \u00e9tablissements scolaires, NON \u00e0 l\u2019Acte II de l\u2019Ecole Inclusive !\"><img loading=\"lazy\" decoding=\"async\" width=\"313\" height=\"167\" src=\"https:\/\/snudifo34.fr\/wp-content\/uploads\/2023\/09\/inFO.jpg\" class=\"attachment-mh-magazine-lite-content size-mh-magazine-lite-content wp-post-image\" alt=\"\" style=\"\" srcset=\"https:\/\/snudifo34.fr\/wp-content\/uploads\/2023\/09\/inFO.jpg 313w, https:\/\/snudifo34.fr\/wp-content\/uploads\/2023\/09\/inFO-300x160.jpg 300w\" sizes=\"auto, (max-width: 313px) 100vw, 313px\" \/><\/a><\/div><a class=\"wp-block-latest-posts__post-title\" href=\"https:\/\/snudifo34.fr\/index.php\/2023\/09\/09\/inclusion-scolaire-systematique-stop-au-chaos-et-a-la-mise-en-danger-des-personnels-et-des-eleves-dans-les-etablissements-scolaires-non-a-lacte-ii-de-lecole-inclusive\/\">Inclusion scolaire syst\u00e9matique : STOP au chaos et \u00e0 la mise en danger des personnels et des \u00e9l\u00e8ves dans les \u00e9tablissements scolaires, NON \u00e0 l\u2019Acte II de l\u2019Ecole Inclusive !<\/a><div class=\"wp-block-latest-posts__post-excerpt\">LE SNUDI FO 34 A FINI PAR AVOIR LA REPONSE : actuellement 490 enfants sont en attente de places en IME, ITEP et ULIS dans <a class=\"mh-excerpt-more\" href=\"https:\/\/snudifo34.fr\/index.php\/2023\/09\/09\/inclusion-scolaire-systematique-stop-au-chaos-et-a-la-mise-en-danger-des-personnels-et-des-eleves-dans-les-etablissements-scolaires-non-a-lacte-ii-de-lecole-inclusive\/\" title=\"Inclusion scolaire syst\u00e9matique : STOP au chaos et \u00e0 la mise en danger des personnels et des \u00e9l\u00e8ves dans les \u00e9tablissements scolaires, NON \u00e0 l\u2019Acte II de l\u2019Ecole Inclusive !\">[&#8230;]<\/a><\/div><\/li>\n<li><div class=\"wp-block-latest-posts__featured-image\"><a href=\"https:\/\/snudifo34.fr\/index.php\/2023\/03\/15\/stage-syndical-droits-et-retraite-des-pe-le-21-avril-de-9h-a-16h\/\" aria-label=\"Stage syndical \u00ab\u00a0Droits et retraite des PE\u00a0\u00bb le 21 avril de 9h \u00e0 16h\"><img loading=\"lazy\" decoding=\"async\" width=\"678\" height=\"157\" src=\"https:\/\/snudifo34.fr\/wp-content\/uploads\/2023\/03\/ENTETE-stage-droits.jpg\" class=\"attachment-mh-magazine-lite-content size-mh-magazine-lite-content wp-post-image\" alt=\"\" style=\"\" srcset=\"https:\/\/snudifo34.fr\/wp-content\/uploads\/2023\/03\/ENTETE-stage-droits.jpg 678w, https:\/\/snudifo34.fr\/wp-content\/uploads\/2023\/03\/ENTETE-stage-droits-300x69.jpg 300w\" sizes=\"auto, (max-width: 678px) 100vw, 678px\" \/><\/a><\/div><a class=\"wp-block-latest-posts__post-title\" href=\"https:\/\/snudifo34.fr\/index.php\/2023\/03\/15\/stage-syndical-droits-et-retraite-des-pe-le-21-avril-de-9h-a-16h\/\">Stage syndical \u00ab\u00a0Droits et retraite des PE\u00a0\u00bb le 21 avril de 9h \u00e0 16h<\/a><div class=\"wp-block-latest-posts__post-excerpt\">Depuis la loi de transformation de la Fonction Publique, conna\u00eetre ses droits est devenu indispensable. Il s\u2019agira \u00e9galement de comprendre les enjeux des r\u00e9formes en <a class=\"mh-excerpt-more\" href=\"https:\/\/snudifo34.fr\/index.php\/2023\/03\/15\/stage-syndical-droits-et-retraite-des-pe-le-21-avril-de-9h-a-16h\/\" title=\"Stage syndical \u00ab\u00a0Droits et retraite des PE\u00a0\u00bb le 21 avril de 9h \u00e0 16h\">[&#8230;]<\/a><\/div><\/li>\n<li><div class=\"wp-block-latest-posts__featured-image\"><a href=\"https:\/\/snudifo34.fr\/index.php\/2023\/02\/05\/stager-syndical-ash-et-inclusion-scolaire-systematique-le-14-mars\/\" aria-label=\"Stage syndical \u00ab\u00a0ASH et inclusion scolaire syst\u00e9matique\u00a0\u00bb le 14 mars\"><img loading=\"lazy\" decoding=\"async\" width=\"678\" height=\"157\" src=\"https:\/\/snudifo34.fr\/wp-content\/uploads\/2022\/11\/ENTETE-petition-inclusion.jpg\" class=\"attachment-mh-magazine-lite-content size-mh-magazine-lite-content wp-post-image\" alt=\"\" style=\"\" srcset=\"https:\/\/snudifo34.fr\/wp-content\/uploads\/2022\/11\/ENTETE-petition-inclusion.jpg 678w, https:\/\/snudifo34.fr\/wp-content\/uploads\/2022\/11\/ENTETE-petition-inclusion-300x69.jpg 300w\" sizes=\"auto, (max-width: 678px) 100vw, 678px\" \/><\/a><\/div><a class=\"wp-block-latest-posts__post-title\" href=\"https:\/\/snudifo34.fr\/index.php\/2023\/02\/05\/stager-syndical-ash-et-inclusion-scolaire-systematique-le-14-mars\/\">Stage syndical \u00ab\u00a0ASH et inclusion scolaire syst\u00e9matique\u00a0\u00bb le 14 mars<\/a><div class=\"wp-block-latest-posts__post-excerpt\">L&rsquo;inclusion scolaire syst\u00e9matique produit des effets d\u00e9sastreux&nbsp;: ins\u00e9curit\u00e9, et conditions de travail intenables aussi bien pour les \u00e9l\u00e8ves que pour les personnels. STOP A LA <a class=\"mh-excerpt-more\" href=\"https:\/\/snudifo34.fr\/index.php\/2023\/02\/05\/stager-syndical-ash-et-inclusion-scolaire-systematique-le-14-mars\/\" title=\"Stage syndical \u00ab\u00a0ASH et inclusion scolaire syst\u00e9matique\u00a0\u00bb le 14 mars\">[&#8230;]<\/a><\/div><\/li>\n<li><div class=\"wp-block-latest-posts__featured-image\"><a href=\"https:\/\/snudifo34.fr\/index.php\/2022\/11\/20\/compte-rendu-du-stage-ash-et-inclusion-systematique-du-15-11-2022\/\" aria-label=\"Compte-rendu du Stage \u00ab\u00a0ASH et inclusion syst\u00e9matique\u00a0\u00bb du 15\/11\/2022\"><img loading=\"lazy\" decoding=\"async\" width=\"678\" height=\"157\" src=\"https:\/\/snudifo34.fr\/wp-content\/uploads\/2022\/11\/ENTETE-stage-15-nov-2022.jpg\" class=\"attachment-mh-magazine-lite-content size-mh-magazine-lite-content wp-post-image\" alt=\"\" style=\"\" srcset=\"https:\/\/snudifo34.fr\/wp-content\/uploads\/2022\/11\/ENTETE-stage-15-nov-2022.jpg 678w, https:\/\/snudifo34.fr\/wp-content\/uploads\/2022\/11\/ENTETE-stage-15-nov-2022-300x69.jpg 300w\" sizes=\"auto, (max-width: 678px) 100vw, 678px\" \/><\/a><\/div><a class=\"wp-block-latest-posts__post-title\" href=\"https:\/\/snudifo34.fr\/index.php\/2022\/11\/20\/compte-rendu-du-stage-ash-et-inclusion-systematique-du-15-11-2022\/\">Compte-rendu du Stage \u00ab\u00a0ASH et inclusion syst\u00e9matique\u00a0\u00bb du 15\/11\/2022<\/a><div class=\"wp-block-latest-posts__post-excerpt\">38 coll\u00e8gues regroupant toutes les composantes des personnels de l&rsquo;Education Nationale se sont r\u00e9unis&nbsp;: PE adjoint, TR ZIL, AESH, psychologue, directeur, enseignant sp\u00e9cialis\u00e9 en RASED, <a class=\"mh-excerpt-more\" href=\"https:\/\/snudifo34.fr\/index.php\/2022\/11\/20\/compte-rendu-du-stage-ash-et-inclusion-systematique-du-15-11-2022\/\" title=\"Compte-rendu du Stage \u00ab\u00a0ASH et inclusion syst\u00e9matique\u00a0\u00bb du 15\/11\/2022\">[&#8230;]<\/a><\/div><\/li>\n<li><div class=\"wp-block-latest-posts__featured-image\"><a href=\"https:\/\/snudifo34.fr\/index.php\/2022\/10\/19\/stage-de-formation-syndicale-connaitre-ses-droits-le-25-11\/\" aria-label=\"Stage de formation syndicale \u00ab\u00a0Conna\u00eetre ses droits\u00a0\u00bb le 25\/11 (inscriptions avant le 25\/10)\"><img loading=\"lazy\" decoding=\"async\" width=\"678\" height=\"157\" src=\"https:\/\/snudifo34.fr\/wp-content\/uploads\/2022\/10\/ENTETE-droits.jpg\" class=\"attachment-mh-magazine-lite-content size-mh-magazine-lite-content wp-post-image\" alt=\"\" style=\"\" srcset=\"https:\/\/snudifo34.fr\/wp-content\/uploads\/2022\/10\/ENTETE-droits.jpg 678w, https:\/\/snudifo34.fr\/wp-content\/uploads\/2022\/10\/ENTETE-droits-300x69.jpg 300w\" sizes=\"auto, (max-width: 678px) 100vw, 678px\" \/><\/a><\/div><a class=\"wp-block-latest-posts__post-title\" href=\"https:\/\/snudifo34.fr\/index.php\/2022\/10\/19\/stage-de-formation-syndicale-connaitre-ses-droits-le-25-11\/\">Stage de formation syndicale \u00ab\u00a0Conna\u00eetre ses droits\u00a0\u00bb le 25\/11 (inscriptions avant le 25\/10)<\/a><div class=\"wp-block-latest-posts__post-excerpt\">Au moment o\u00f9 nos droits sont remis en cause, que l&rsquo;on soit fonctionnaire ou contractuel, entrainant des conditions de travail de plus en plus difficiles, <a class=\"mh-excerpt-more\" href=\"https:\/\/snudifo34.fr\/index.php\/2022\/10\/19\/stage-de-formation-syndicale-connaitre-ses-droits-le-25-11\/\" title=\"Stage de formation syndicale \u00ab\u00a0Conna\u00eetre ses droits\u00a0\u00bb le 25\/11 (inscriptions avant le 25\/10)\">[&#8230;]<\/a><\/div><\/li>\n<li><div class=\"wp-block-latest-posts__featured-image\"><a href=\"https:\/\/snudifo34.fr\/index.php\/2022\/09\/25\/stage-ash-inclusion-scolaire-systematique-le-mardi-15-11-9h-16h\/\" aria-label=\"Stage \u00ab\u00a0ASH, inclusion scolaire syst\u00e9matique\u00a0\u00bb le mardi 15\/11 (9h-16h)\"><img loading=\"lazy\" decoding=\"async\" width=\"678\" height=\"157\" src=\"https:\/\/snudifo34.fr\/wp-content\/uploads\/2022\/05\/ENTETE-Pial-zone-non-droit.jpg\" class=\"attachment-mh-magazine-lite-content size-mh-magazine-lite-content wp-post-image\" alt=\"\" style=\"\" srcset=\"https:\/\/snudifo34.fr\/wp-content\/uploads\/2022\/05\/ENTETE-Pial-zone-non-droit.jpg 678w, https:\/\/snudifo34.fr\/wp-content\/uploads\/2022\/05\/ENTETE-Pial-zone-non-droit-300x69.jpg 300w\" sizes=\"auto, (max-width: 678px) 100vw, 678px\" \/><\/a><\/div><a class=\"wp-block-latest-posts__post-title\" href=\"https:\/\/snudifo34.fr\/index.php\/2022\/09\/25\/stage-ash-inclusion-scolaire-systematique-le-mardi-15-11-9h-16h\/\">Stage \u00ab\u00a0ASH, inclusion scolaire syst\u00e9matique\u00a0\u00bb le mardi 15\/11 (9h-16h)<\/a><div class=\"wp-block-latest-posts__post-excerpt\">L&rsquo;inclusion scolaire syst\u00e9matique produit des effets d\u00e9sastreux&nbsp;: ins\u00e9curit\u00e9, et conditions de travail intenables aussi bien pour les \u00e9l\u00e8ves que pour les personnels. Cette approche id\u00e9ologique, <a class=\"mh-excerpt-more\" href=\"https:\/\/snudifo34.fr\/index.php\/2022\/09\/25\/stage-ash-inclusion-scolaire-systematique-le-mardi-15-11-9h-16h\/\" title=\"Stage \u00ab\u00a0ASH, inclusion scolaire syst\u00e9matique\u00a0\u00bb le mardi 15\/11 (9h-16h)\">[&#8230;]<\/a><\/div><\/li>\n<\/ul>\n\n\n<p><\/p>\n","protected":false},"excerpt":{"rendered":"<div class=\"mh-excerpt\"><p>Participer \u00e0 des stages syndicaux est un droit : les professeurs des \u00e9coles, les AESH, les PsyEN ont la possibilit\u00e9 de participer \u00e0\u00a012 jours de <a class=\"mh-excerpt-more\" href=\"https:\/\/snudifo34.fr\/index.php\/stages\/\" title=\"Stages syndicaux\">[&#8230;]<\/a><\/p>\n<\/div>","protected":false},"author":1,"featured_media":0,"parent":0,"menu_order":0,"comment_status":"closed","ping_status":"closed","template":"","meta":{"cybocfi_hide_featured_image":"","footnotes":""},"class_list":["post-47","page","type-page","status-publish","hentry"],"_links":{"self":[{"href":"https:\/\/snudifo34.fr\/index.php\/wp-json\/wp\/v2\/pages\/47","targetHints":{"allow":["GET"]}}],"collection":[{"href":"https:\/\/snudifo34.fr\/index.php\/wp-json\/wp\/v2\/pages"}],"about":[{"href":"https:\/\/snudifo34.fr\/index.php\/wp-json\/wp\/v2\/types\/page"}],"author":[{"embeddable":true,"href":"https:\/\/snudifo34.fr\/index.php\/wp-json\/wp\/v2\/users\/1"}],"replies":[{"embeddable":true,"href":"https:\/\/snudifo34.fr\/index.php\/wp-json\/wp\/v2\/comments?post=47"}],"version-history":[{"count":17,"href":"https:\/\/snudifo34.fr\/index.php\/wp-json\/wp\/v2\/pages\/47\/revisions"}],"predecessor-version":[{"id":7025,"href":"https:\/\/snudifo34.fr\/index.php\/wp-json\/wp\/v2\/pages\/47\/revisions\/7025"}],"wp:attachment":[{"href":"https:\/\/snudifo34.fr\/index.php\/wp-json\/wp\/v2\/media?parent=47"}],"curies":[{"name":"wp","href":"https:\/\/api.w.org\/{rel}","templated":true}]}}