{"id":5350,"date":"2024-03-10T17:18:19","date_gmt":"2024-03-10T16:18:19","guid":{"rendered":"http:\/\/snudifo34.fr\/?page_id=5350"},"modified":"2024-04-08T16:29:24","modified_gmt":"2024-04-08T14:29:24","slug":"dossier-mouvement-2024","status":"publish","type":"page","link":"https:\/\/snudifo34.fr\/index.php\/dossier-mouvement-2024\/","title":{"rendered":"Dossier &#8211; Mouvement 2024"},"content":{"rendered":"\n<h2 class=\"wp-block-heading\">Calendrier :<\/h2>\n\n\n\n<ul class=\"wp-block-list\">\n<li><strong>du 4 (16h) au 15 avril 2024 (12h) :<\/strong> saisie des v\u0153ux sur&nbsp;<a rel=\"noreferrer noopener\" href=\"https:\/\/si2d.ac-montpellier.fr\/login\/ct_logon_mixte.jsp\" target=\"_blank\"><strong>le serveur d\u00e9di\u00e9<\/strong><\/a>&nbsp;(Attention : seuls les navigateurs Firefox et Chrome sont compatibles !)<\/li>\n\n\n\n<li><strong>6 mai 2024 (14h) :<\/strong> accus\u00e9 de r\u00e9ception avec bar\u00e8me<\/li>\n\n\n\n<li><strong>du 6 au 20 mai 2024 (minuit) :<\/strong> demandes de correction de bar\u00e8me<\/li>\n\n\n\n<li><strong>23 mai 2024 (14h) :<\/strong> bar\u00e8mes d\u00e9finitifs<\/li>\n\n\n\n<li><strong>6 juin 2024 (14h) :<\/strong> r\u00e9sultats sur I-Prof<\/li>\n<\/ul>\n\n\n\n<h2 class=\"wp-block-heading\">Liens et documents officiels : <\/h2>\n\n\n\n<div class=\"wp-block-buttons is-layout-flex wp-block-buttons-is-layout-flex\">\n<div class=\"wp-block-button\"><a class=\"wp-block-button__link wp-element-button\" href=\"https:\/\/si2d.ac-montpellier.fr\/login\/ct_logon_mixte.jsp\"><strong>se connecter au serveur pour la saisie des v\u0153ux<\/strong><\/a><\/div>\n<\/div>\n\n\n\n<p><strong>Mise \u00e0 jour 8\/4 postes rempla\u00e7ants:<\/strong> <\/p>\n\n\n\n<ul class=\"wp-block-list\">\n<li>les postes TRZIL REP+ sont \u00e9tiquet\u00e9s TR polonais<\/li>\n\n\n\n<li>ZSA = zone circonscription<\/li>\n\n\n\n<li>ZDA= zone d\u00e9partementale d&rsquo;ajustement<\/li>\n<\/ul>\n\n\n\n<p><strong>Mise \u00e0 jour 31\/3: arr\u00eat du profilage des postes d\u00e9doubl\u00e9s. Le mouvement s&rsquo;en trouve modifi\u00e9 de fa\u00e7on cons\u00e9quente, avec la disparition du vivier pour acc\u00e9der \u00e0 ces postes, mais \u00e9galement l&rsquo;impact sur les mesures de carte scolaire, puisque la r\u00e8gle du dernier arriv\u00e9 va s&rsquo;appliquer \u00e0 tous.<\/strong><\/p>\n\n\n\n<p><strong>Permanences t\u00e9l\u00e9phoniques : Salom\u00e9: 06 11 02 42 44, Corentin: 06 12 80 53 26, Sabine: 06 64 62 70 20<\/strong><\/p>\n\n\n<div class=\"wp-block-image\">\n<figure class=\"aligncenter size-large is-resized\"><img loading=\"lazy\" decoding=\"async\" src=\"http:\/\/snudifo34.fr\/wp-content\/uploads\/2024\/04\/Mouvement-du-4-au-15-avril-2024-1-724x1024.jpg\" alt=\"\" class=\"wp-image-5465\" width=\"543\" height=\"768\" srcset=\"https:\/\/snudifo34.fr\/wp-content\/uploads\/2024\/04\/Mouvement-du-4-au-15-avril-2024-1-724x1024.jpg 724w, https:\/\/snudifo34.fr\/wp-content\/uploads\/2024\/04\/Mouvement-du-4-au-15-avril-2024-1-212x300.jpg 212w, https:\/\/snudifo34.fr\/wp-content\/uploads\/2024\/04\/Mouvement-du-4-au-15-avril-2024-1-768x1086.jpg 768w, https:\/\/snudifo34.fr\/wp-content\/uploads\/2024\/04\/Mouvement-du-4-au-15-avril-2024-1-1086x1536.jpg 1086w, https:\/\/snudifo34.fr\/wp-content\/uploads\/2024\/04\/Mouvement-du-4-au-15-avril-2024-1.jpg 1414w\" sizes=\"auto, (max-width: 543px) 100vw, 543px\" \/><\/figure>\n<\/div>\n\n\n<p>Voici les documents publi\u00e9s par l&rsquo;administration (cette ann\u00e9e le guide mobilit\u00e9 n&rsquo;a \u00e9t\u00e9 publi\u00e9 qu&rsquo;au moment de l&rsquo;ouverture du serveur le 4 avril: premi\u00e8re difficult\u00e9! Et les cong\u00e9s d\u00e9butent le 6 avril: 2\u00e8me difficult\u00e9 pour tous les participants!) :<\/p>\n\n\n\n<div class=\"wp-block-buttons is-layout-flex wp-block-buttons-is-layout-flex\">\n<div class=\"wp-block-button\"><a class=\"wp-block-button__link wp-element-button\" href=\"http:\/\/snudifo34.fr\/wp-content\/uploads\/2024\/04\/Note-mouvement-2024.pdf\"><strong>Note mouvement 2024<\/strong><\/a><\/div>\n<\/div>\n\n\n\n<div class=\"wp-block-buttons is-layout-flex wp-block-buttons-is-layout-flex\">\n<div class=\"wp-block-button\"><a class=\"wp-block-button__link wp-element-button\" href=\"http:\/\/snudifo34.fr\/wp-content\/uploads\/2024\/04\/Guide-mobilite-2024.pdf\"><strong>Guide mobilit\u00e9 2024<\/strong><\/a><\/div>\n<\/div>\n\n\n\n<div class=\"wp-block-buttons is-layout-flex wp-block-buttons-is-layout-flex\">\n<div class=\"wp-block-button\"><a class=\"wp-block-button__link wp-element-button\" href=\"http:\/\/snudifo34.fr\/wp-content\/uploads\/2024\/04\/FAQ-MVT-2024.pdf\"><strong>FAQ mouvement 2024<\/strong><\/a><\/div>\n<\/div>\n\n\n\n<div class=\"wp-block-buttons is-layout-flex wp-block-buttons-is-layout-flex\">\n<div class=\"wp-block-button\"><a class=\"wp-block-button__link wp-element-button\" href=\"http:\/\/snudifo34.fr\/wp-content\/uploads\/2024\/04\/Guide-relatif-a-la-saisie-des-voeux.pdf\"><strong>Guide saisie des v\u0153ux<\/strong><\/a><\/div>\n<\/div>\n\n\n\n<div class=\"wp-block-buttons is-layout-flex wp-block-buttons-is-layout-flex\">\n<div class=\"wp-block-button\"><a class=\"wp-block-button__link wp-element-button\" href=\"http:\/\/snudifo34.fr\/wp-content\/uploads\/2024\/04\/POSTES-BLOQUES-POUR-STAGIAIRES-R2024.pdf\"><strong>Postes bloqu\u00e9s PES<\/strong><\/a><\/div>\n<\/div>\n\n\n\n<div class=\"wp-block-buttons is-layout-flex wp-block-buttons-is-layout-flex\">\n<div class=\"wp-block-button\"><a class=\"wp-block-button__link wp-element-button\" href=\"http:\/\/snudifo34.fr\/wp-content\/uploads\/2024\/04\/Info_enseignants_LA_DE_2024.pdf\"><strong>Proc\u00e9dure pour les directions d&rsquo;\u00e9cole<\/strong><\/a><\/div>\n<\/div>\n\n\n\n<div class=\"wp-block-buttons is-layout-flex wp-block-buttons-is-layout-flex\">\n<div class=\"wp-block-button\"><a class=\"wp-block-button__link wp-element-button\" href=\"http:\/\/snudifo34.fr\/wp-content\/uploads\/2024\/04\/DSDEN-34-Circulaire-du-20-11-2023-Bonification-au-titre-du-handicap-1er-degre-Herault-Rentree-2024-5.pdf\"><strong>Circulaire bonification handicap<\/strong><\/a><\/div>\n<\/div>\n\n\n\n<figure class=\"wp-block-image size-large\"><img loading=\"lazy\" decoding=\"async\" width=\"1080\" height=\"810\" src=\"http:\/\/snudifo34.fr\/wp-content\/uploads\/2023\/04\/Recap-Voeux-2023-1-1080x810.jpg\" alt=\"\" class=\"wp-image-2793\" srcset=\"https:\/\/snudifo34.fr\/wp-content\/uploads\/2023\/04\/Recap-Voeux-2023-1-1080x810.jpg 1080w, https:\/\/snudifo34.fr\/wp-content\/uploads\/2023\/04\/Recap-Voeux-2023-1-300x225.jpg 300w, https:\/\/snudifo34.fr\/wp-content\/uploads\/2023\/04\/Recap-Voeux-2023-1-768x576.jpg 768w, https:\/\/snudifo34.fr\/wp-content\/uploads\/2023\/04\/Recap-Voeux-2023-1-1536x1152.jpg 1536w, https:\/\/snudifo34.fr\/wp-content\/uploads\/2023\/04\/Recap-Voeux-2023-1-678x509.jpg 678w, https:\/\/snudifo34.fr\/wp-content\/uploads\/2023\/04\/Recap-Voeux-2023-1-326x245.jpg 326w, https:\/\/snudifo34.fr\/wp-content\/uploads\/2023\/04\/Recap-Voeux-2023-1-80x60.jpg 80w, https:\/\/snudifo34.fr\/wp-content\/uploads\/2023\/04\/Recap-Voeux-2023-1.jpg 1844w\" sizes=\"auto, (max-width: 1080px) 100vw, 1080px\" \/><\/figure>\n\n\n<a href=\"https:\/\/snudifo34.fr\/wp-content\/uploads\/2024\/04\/Recap-Bareme-2024-768x543-1.pdf\" class=\"pdfemb-viewer\" style=\"\" data-width=\"max\" data-height=\"max\" data-toolbar=\"bottom\" data-toolbar-fixed=\"off\">Recap-Bareme-2024-768&#215;543-1<\/a>\n<p class=\"wp-block-pdfemb-pdf-embedder-viewer\"><\/p>\n\n\n\n<h2 class=\"wp-block-heading\">Fiche de suivi :<\/h2>\n\n\n\n<p>Chaque participant doit&nbsp;<strong>v\u00e9rifier son bar\u00e8me p<\/strong>our le faire corriger le cas \u00e9ch\u00e9ant. Le SNUDI-FO 34 vous propose de&nbsp;<strong>calculer votre bar\u00e8me en renseignant&nbsp;la fiche de suivi<\/strong>&nbsp;et en nous la retournant par mail (<a rel=\"noreferrer noopener\" href=\"mailto:snudi.fo34@gmail.com\" target=\"_blank\">snudi.fo34@gmail.com<\/a>) pour que vous puissiez ainsi le v\u00e9rifier :<\/p>\n\n\n<a href=\"https:\/\/snudifo34.fr\/wp-content\/uploads\/2024\/03\/Fiche-de-suivi-MOUVEMENT-2024.pdf\" class=\"pdfemb-viewer\" style=\"\" data-width=\"max\" data-height=\"max\" data-toolbar=\"bottom\" data-toolbar-fixed=\"off\">Fiche-de-suivi-MOUVEMENT-2024<\/a>\n<p class=\"wp-block-pdfemb-pdf-embedder-viewer\"><\/p>\n","protected":false},"excerpt":{"rendered":"<div class=\"mh-excerpt\"><p>Calendrier : Liens et documents officiels : Mise \u00e0 jour 8\/4 postes rempla\u00e7ants: Mise \u00e0 jour 31\/3: arr\u00eat du profilage des postes d\u00e9doubl\u00e9s. Le mouvement <a class=\"mh-excerpt-more\" href=\"https:\/\/snudifo34.fr\/index.php\/dossier-mouvement-2024\/\" title=\"Dossier &#8211; Mouvement 2024\">[&#8230;]<\/a><\/p>\n<\/div>","protected":false},"author":1,"featured_media":0,"parent":0,"menu_order":0,"comment_status":"closed","ping_status":"closed","template":"","meta":{"cybocfi_hide_featured_image":"","footnotes":""},"class_list":["post-5350","page","type-page","status-publish","hentry"],"_links":{"self":[{"href":"https:\/\/snudifo34.fr\/index.php\/wp-json\/wp\/v2\/pages\/5350","targetHints":{"allow":["GET"]}}],"collection":[{"href":"https:\/\/snudifo34.fr\/index.php\/wp-json\/wp\/v2\/pages"}],"about":[{"href":"https:\/\/snudifo34.fr\/index.php\/wp-json\/wp\/v2\/types\/page"}],"author":[{"embeddable":true,"href":"https:\/\/snudifo34.fr\/index.php\/wp-json\/wp\/v2\/users\/1"}],"replies":[{"embeddable":true,"href":"https:\/\/snudifo34.fr\/index.php\/wp-json\/wp\/v2\/comments?post=5350"}],"version-history":[{"count":20,"href":"https:\/\/snudifo34.fr\/index.php\/wp-json\/wp\/v2\/pages\/5350\/revisions"}],"predecessor-version":[{"id":6672,"href":"https:\/\/snudifo34.fr\/index.php\/wp-json\/wp\/v2\/pages\/5350\/revisions\/6672"}],"wp:attachment":[{"href":"https:\/\/snudifo34.fr\/index.php\/wp-json\/wp\/v2\/media?parent=5350"}],"curies":[{"name":"wp","href":"https:\/\/api.w.org\/{rel}","templated":true}]}}