{"id":6648,"date":"2025-03-30T20:57:13","date_gmt":"2025-03-30T18:57:13","guid":{"rendered":"https:\/\/snudifo34.fr\/?page_id=6648"},"modified":"2025-06-11T13:07:13","modified_gmt":"2025-06-11T11:07:13","slug":"dossier-mouvement-2025","status":"publish","type":"page","link":"https:\/\/snudifo34.fr\/index.php\/dossier-mouvement-2025\/","title":{"rendered":"Dossier &#8211; mouvement 2025"},"content":{"rendered":"\n<h2 class=\"wp-block-heading\">Calendrier :<\/h2>\n\n\n\n<ul class=\"wp-block-list\">\n<li><strong>du 7 (14h) au 16 avril (12h) :<\/strong> saisie des v\u0153ux sur&nbsp;<a href=\"https:\/\/si2d.ac-montpellier.fr\/login\/ct_logon_mixte.jsp\" target=\"_blank\" rel=\"noreferrer noopener\"><strong>le serveur d\u00e9di\u00e9<\/strong><\/a>&nbsp;(Attention : seuls les navigateurs Firefox et Chrome sont compatibles!)<\/li>\n\n\n\n<li><strong>13 mai (14h) :<\/strong> accus\u00e9 de r\u00e9ception  avec bar\u00e8me<\/li>\n\n\n\n<li><strong>du 13 mai (14h) au 27 mai (minuit) :<\/strong> demandes de correction de bar\u00e8me<\/li>\n\n\n\n<li><strong>3 juin (14h) :<\/strong> bar\u00e8mes d\u00e9finitifs<\/li>\n\n\n\n<li><strong>11 juin (14h) :<\/strong> r\u00e9sultats sur I-Prof<\/li>\n<\/ul>\n\n\n\n<h2 class=\"wp-block-heading\">R\u00e9sultats:<\/h2>\n\n\n\n<p>Les r\u00e9sultats du mouvement intra-d\u00e9partemental sont disponibles \u00e0 partir de 14h le 11 juin sur le serveur SIAM d\u2019Iprof.\u00a0<\/p>\n\n\n\n<p>Dans le cadre de la loi de transformation de la Fonction Publique, dont le SNUDI-FO exige l\u2019abrogation, ils ne sont plus communiqu\u00e9s aux organisations syndicales.<\/p>\n\n\n\n<p>N\u00e9anmoins, le syndicat peut jouer un r\u00f4le important sur la question des recours, suite aux r\u00e9sultats du mouvement d\u00e9partemental et dans la suite des op\u00e9rations de mouvement.<\/p>\n\n\n\n<ul class=\"wp-block-list\">\n<li><strong>VOUS N\u2019\u00caTES PAS SATISFAIT DE VOTRE AFFECTATION<\/strong><\/li>\n<\/ul>\n\n\n\n<p>Tout coll\u00e8gue s\u2019estimant l\u00e9s\u00e9 suite aux r\u00e9sultats du mouvement peut effectuer un recours \u00e0 l\u2019attention de l\u2019IA-DASEN.<\/p>\n\n\n\n<p>Officiellement, les coll\u00e8gues peuvent effectuer un recours en mandatant le SNUDI-FO dans deux cas de figure&nbsp;:<\/p>\n\n\n\n<p>\u2013&nbsp;&nbsp;&nbsp;&nbsp;&nbsp;&nbsp;&nbsp;&nbsp;S\u2019ils n\u2019ont obtenu aucun v\u0153u<br>\u2013&nbsp;&nbsp;&nbsp;&nbsp;&nbsp;&nbsp;&nbsp;&nbsp;S\u2019ils ont obtenu un v\u0153u non demand\u00e9<\/p>\n\n\n\n<p>Cependant, nous vous conseillons de ne vous mettre aucune limite. Tous les recours peuvent \u00eatre pr\u00e9sent\u00e9s.\u00a0Avec la mise en place des v\u0153ux MOB, des coll\u00e8gues sont affect\u00e9s sur un v\u0153u qu\u2019ils ont effectu\u00e9, mais qui peut les mettre en difficult\u00e9 (type de poste, affectation trop \u00e9loign\u00e9e, \u2026).<\/p>\n\n\n\n<p>Avec les recours, le syndicat peut accompagner ces coll\u00e8gues pour faire une demande de r\u00e9-affectation.<\/p>\n\n\n\n<p>N\u2019attendez pas pour nous saisir, contacter nous par t\u00e9l\u00e9phone et par mail!<\/p>\n\n\n\n<h2 class=\"wp-block-heading\">Pour pr\u00e9parer votre mouvement, inscrivez vous:<\/h2>\n\n\n<a href=\"https:\/\/snudifo34.fr\/wp-content\/uploads\/2023\/09\/ris-9-avril-mvmt.pdf\" class=\"pdfemb-viewer\" style=\"\" data-width=\"max\" data-height=\"max\" data-toolbar=\"bottom\" data-toolbar-fixed=\"off\">ris-9-avril-mvmt<\/a>\n\n\n<figure class=\"wp-block-image size-large\"><img loading=\"lazy\" decoding=\"async\" width=\"724\" height=\"1024\" src=\"https:\/\/snudifo34.fr\/wp-content\/uploads\/2025\/04\/Mouvement-du-7-au-16-avril-2025-724x1024.png\" alt=\"\" class=\"wp-image-6682\" srcset=\"https:\/\/snudifo34.fr\/wp-content\/uploads\/2025\/04\/Mouvement-du-7-au-16-avril-2025-724x1024.png 724w, https:\/\/snudifo34.fr\/wp-content\/uploads\/2025\/04\/Mouvement-du-7-au-16-avril-2025-212x300.png 212w, https:\/\/snudifo34.fr\/wp-content\/uploads\/2025\/04\/Mouvement-du-7-au-16-avril-2025-768x1086.png 768w, https:\/\/snudifo34.fr\/wp-content\/uploads\/2025\/04\/Mouvement-du-7-au-16-avril-2025-1086x1536.png 1086w, https:\/\/snudifo34.fr\/wp-content\/uploads\/2025\/04\/Mouvement-du-7-au-16-avril-2025.png 1414w\" sizes=\"auto, (max-width: 724px) 100vw, 724px\" \/><\/figure>\n\n\n\n<h2 class=\"wp-block-heading\">Liens et documents officiels :<\/h2>\n\n\n\n<div class=\"wp-block-buttons is-layout-flex wp-block-buttons-is-layout-flex\">\n<div class=\"wp-block-button\"><a class=\"wp-block-button__link wp-element-button\" href=\"http:\/\/snudifo34.fr\/wp-content\/uploads\/2025\/03\/NOTE-MOUVEMENT-2025.pdf\">Note mouvement 2025<\/a><\/div>\n<\/div>\n\n\n\n<p><\/p>\n\n\n\n<div class=\"wp-block-buttons is-layout-flex wp-block-buttons-is-layout-flex\">\n<div class=\"wp-block-button\"><a class=\"wp-block-button__link wp-element-button\" href=\"http:\/\/snudifo34.fr\/wp-content\/uploads\/2025\/03\/Guide-mobilite-2025.pdf\">Guide mobilit\u00e9 2025<\/a><\/div>\n<\/div>\n\n\n\n<p><\/p>\n\n\n\n<div class=\"wp-block-buttons is-layout-flex wp-block-buttons-is-layout-flex\">\n<div class=\"wp-block-button\"><a class=\"wp-block-button__link wp-element-button\" href=\"http:\/\/snudifo34.fr\/wp-content\/uploads\/2025\/03\/Guide-relatif-a-la-saisie-des-voeux-2025-1.pdf\">Guide saisie des v\u0153ux<\/a><\/div>\n<\/div>\n\n\n\n<p><\/p>\n\n\n\n<div class=\"wp-block-buttons is-layout-flex wp-block-buttons-is-layout-flex\">\n<div class=\"wp-block-button\"><a class=\"wp-block-button__link wp-element-button\" href=\"http:\/\/snudifo34.fr\/wp-content\/uploads\/2025\/03\/Info_enseignants_LA_DE_2025.pdf\">Proc\u00e9dure direction d&rsquo;\u00e9cole<\/a><\/div>\n<\/div>\n\n\n\n<p><\/p>\n\n\n\n<div class=\"wp-block-buttons is-layout-flex wp-block-buttons-is-layout-flex\">\n<div class=\"wp-block-button\"><a class=\"wp-block-button__link wp-element-button\" href=\"http:\/\/snudifo34.fr\/wp-content\/uploads\/2025\/03\/DSDEN-34-Circulaire-du-26-11-2024-Bonification-au-titre-du-handicap-1er-degrA\u00a9-HA\u00a9rault-RentrA\u00a9e-2025-1.pdf\">Circulaire bonification handicap<\/a><\/div>\n<\/div>\n\n\n\n<figure class=\"wp-block-image size-large\"><img decoding=\"async\" src=\"http:\/\/snudifo34.fr\/wp-content\/uploads\/2023\/04\/Recap-Voeux-2023-1.jpg\" alt=\"\"\/><\/figure>\n\n\n<a href=\"https:\/\/snudifo34.fr\/wp-content\/uploads\/2025\/04\/bareme-resume.pdf\" class=\"pdfemb-viewer\" style=\"\" data-width=\"max\" data-height=\"max\" data-toolbar=\"bottom\" data-toolbar-fixed=\"off\">bareme-resume<\/a>\n\n\n<p><\/p>\n\n\n\n<div class=\"wp-block-buttons is-layout-flex wp-block-buttons-is-layout-flex\">\n<div class=\"wp-block-button\"><a class=\"wp-block-button__link wp-element-button\" href=\"http:\/\/snudifo34.fr\/wp-content\/uploads\/2025\/04\/Annexe-1-LDGA-2025-mobilitA\u00a9-1er-degrA\u00a9-1.pdf\">Lignes Directrices de Gestion mobilit\u00e9<\/a><\/div>\n<\/div>\n\n\n\n<p>FAQ toujours valable:<\/p>\n\n\n\n<div class=\"wp-block-buttons is-layout-flex wp-block-buttons-is-layout-flex\">\n<div class=\"wp-block-button\"><a class=\"wp-block-button__link wp-element-button\" href=\"http:\/\/snudifo34.fr\/wp-content\/uploads\/2025\/04\/FAQ-MVT-2024.pdf\">FAQ 2024<\/a><\/div>\n<\/div>\n\n\n\n<p><\/p>\n\n\n\n<div class=\"wp-block-buttons is-layout-flex wp-block-buttons-is-layout-flex\">\n<div class=\"wp-block-button\"><a class=\"wp-block-button__link wp-element-button\" href=\"http:\/\/snudifo34.fr\/wp-content\/uploads\/2025\/04\/POSTES-BLOQUES-POUR-STAGIAIRES-R2025.pdf\">Liste postes bloqu\u00e9s PES<\/a><\/div>\n<\/div>\n","protected":false},"excerpt":{"rendered":"<div class=\"mh-excerpt\"><p>Calendrier : R\u00e9sultats: Les r\u00e9sultats du mouvement intra-d\u00e9partemental sont disponibles \u00e0 partir de 14h le 11 juin sur le serveur SIAM d\u2019Iprof.\u00a0 Dans le cadre <a class=\"mh-excerpt-more\" href=\"https:\/\/snudifo34.fr\/index.php\/dossier-mouvement-2025\/\" title=\"Dossier &#8211; mouvement 2025\">[&#8230;]<\/a><\/p>\n<\/div>","protected":false},"author":1,"featured_media":0,"parent":0,"menu_order":0,"comment_status":"closed","ping_status":"closed","template":"","meta":{"cybocfi_hide_featured_image":"","footnotes":""},"class_list":["post-6648","page","type-page","status-publish","hentry"],"_links":{"self":[{"href":"https:\/\/snudifo34.fr\/index.php\/wp-json\/wp\/v2\/pages\/6648","targetHints":{"allow":["GET"]}}],"collection":[{"href":"https:\/\/snudifo34.fr\/index.php\/wp-json\/wp\/v2\/pages"}],"about":[{"href":"https:\/\/snudifo34.fr\/index.php\/wp-json\/wp\/v2\/types\/page"}],"author":[{"embeddable":true,"href":"https:\/\/snudifo34.fr\/index.php\/wp-json\/wp\/v2\/users\/1"}],"replies":[{"embeddable":true,"href":"https:\/\/snudifo34.fr\/index.php\/wp-json\/wp\/v2\/comments?post=6648"}],"version-history":[{"count":26,"href":"https:\/\/snudifo34.fr\/index.php\/wp-json\/wp\/v2\/pages\/6648\/revisions"}],"predecessor-version":[{"id":6863,"href":"https:\/\/snudifo34.fr\/index.php\/wp-json\/wp\/v2\/pages\/6648\/revisions\/6863"}],"wp:attachment":[{"href":"https:\/\/snudifo34.fr\/index.php\/wp-json\/wp\/v2\/media?parent=6648"}],"curies":[{"name":"wp","href":"https:\/\/api.w.org\/{rel}","templated":true}]}}