{"id":8,"date":"2020-09-20T20:03:28","date_gmt":"2020-09-20T18:03:28","guid":{"rendered":"http:\/\/snudifo34.fr\/?page_id=8"},"modified":"2023-03-15T13:04:57","modified_gmt":"2023-03-15T12:04:57","slug":"accueil","status":"publish","type":"page","link":"https:\/\/snudifo34.fr\/","title":{"rendered":"Accueil"},"content":{"rendered":"\n<div class=\"wp-block-group\"><div class=\"wp-block-group__inner-container is-layout-flow wp-block-group-is-layout-flow\"><\/div><\/div>\n\n\n<ul class=\"wp-block-latest-posts__list alignleft wp-block-latest-posts\"><li><a class=\"wp-block-latest-posts__post-title\" href=\"https:\/\/snudifo34.fr\/index.php\/2026\/05\/03\/benefices-records-de-total-energies-un-blocage-des-prix-des-carburants-est-necessaire-et-legitime-communique-fo\/\">B\u00e9n\u00e9fices records de Total Energies : un blocage des prix des carburants est n\u00e9cessaire et l\u00e9gitime -communiqu\u00e9 FO<\/a><div class=\"wp-block-latest-posts__post-excerpt\">Force Ouvri\u00e8re rappelle que des outils existent. L\u2019\u00c9tat peut intervenir pour encadrer les prix, comme cela a d\u00e9j\u00e0 \u00e9t\u00e9 fait par le pass\u00e9, et doit <a class=\"mh-excerpt-more\" href=\"https:\/\/snudifo34.fr\/index.php\/2026\/05\/03\/benefices-records-de-total-energies-un-blocage-des-prix-des-carburants-est-necessaire-et-legitime-communique-fo\/\" title=\"B\u00e9n\u00e9fices records de Total Energies : un blocage des prix des carburants est n\u00e9cessaire et l\u00e9gitime -communiqu\u00e9 FO\">[&#8230;]<\/a><\/div><\/li>\n<li><a class=\"wp-block-latest-posts__post-title\" href=\"https:\/\/snudifo34.fr\/index.php\/2026\/05\/03\/autorisations-dabsences-compte-rendu-du-conseil-commun-de-la-fonction-publique-et-communique-intersyndical\/\">Autorisations d&rsquo;absences : compte-rendu du Conseil Commun de la Fonction Publique et communiqu\u00e9 intersyndical<\/a><div class=\"wp-block-latest-posts__post-excerpt\">Le 29 avril, un seul texte est soumis \u00e0 nouveau \u00e0 l\u2019ordre du jour \u00e0 la suite du vote d\u00e9favorable unanime des organisations syndicales ainsi <a class=\"mh-excerpt-more\" href=\"https:\/\/snudifo34.fr\/index.php\/2026\/05\/03\/autorisations-dabsences-compte-rendu-du-conseil-commun-de-la-fonction-publique-et-communique-intersyndical\/\" title=\"Autorisations d&rsquo;absences : compte-rendu du Conseil Commun de la Fonction Publique et communiqu\u00e9 intersyndical\">[&#8230;]<\/a><\/div><\/li>\n<li><a class=\"wp-block-latest-posts__post-title\" href=\"https:\/\/snudifo34.fr\/index.php\/2026\/05\/03\/le-decret-de-territorialisation-des-decharges-de-direction-rejete-par-le-conseil-national-de-levaluation-des-normes\/\">Le d\u00e9cret de territorialisation des d\u00e9charges de direction rejet\u00e9 par le Conseil national de l\u2019\u00e9valuation des normes !<\/a><div class=\"wp-block-latest-posts__post-excerpt\">Pour le SNUDI-FO, sous pr\u00e9texte de r\u00e9pondre \u00e0 la probl\u00e9matique sp\u00e9cifique des \u00e9coles parisiennes qui b\u00e9n\u00e9ficient d\u2019une d\u00e9charge compl\u00e8te, ce d\u00e9cret, en laissant la possibilit\u00e9 <a class=\"mh-excerpt-more\" href=\"https:\/\/snudifo34.fr\/index.php\/2026\/05\/03\/le-decret-de-territorialisation-des-decharges-de-direction-rejete-par-le-conseil-national-de-levaluation-des-normes\/\" title=\"Le d\u00e9cret de territorialisation des d\u00e9charges de direction rejet\u00e9 par le Conseil national de l\u2019\u00e9valuation des normes !\">[&#8230;]<\/a><\/div><\/li>\n<li><a class=\"wp-block-latest-posts__post-title\" href=\"https:\/\/snudifo34.fr\/index.php\/2026\/05\/03\/le-ministre-tente-dassocier-syndicats-et-elus-locaux-a-la-destruction-de-lecole-publique-non-a-lexperimentation-geffray\/\">Le ministre tente d\u2019associer syndicats et \u00e9lus locaux \u00e0 la destruction de l\u2019Ecole publique : Non \u00e0 l\u2019exp\u00e9rimentation Geffray !<\/a><div class=\"wp-block-latest-posts__post-excerpt\">Le ministre de l\u2019Education nationale annonce mettre en place \u00ab une exp\u00e9rimentation in\u00e9dite de construction de la carte scolaire dans 18 d\u00e9partements *.\u00bb<\/div><\/li>\n<li><a class=\"wp-block-latest-posts__post-title\" href=\"https:\/\/snudifo34.fr\/index.php\/2026\/04\/28\/non-a-la-guerre-non-aux-budgets-de-guerre-non-a-la-nouvelle-loi-de-programmation-militaire-rassemblements-le-4-mai\/\">Non \u00e0 la guerre ! Non aux budgets de guerre ! Non \u00e0 la nouvelle loi de programmation militaire! Rassemblements le 4 mai !<\/a><div class=\"wp-block-latest-posts__post-excerpt\">Le projet d\u2019actualisation de la loi de programmation militaire (LPM) sera examin\u00e9 la semaine du 4 mai \u00e0 l\u2019Assembl\u00e9e nationale puis en juin au S\u00e9nat. <a class=\"mh-excerpt-more\" href=\"https:\/\/snudifo34.fr\/index.php\/2026\/04\/28\/non-a-la-guerre-non-aux-budgets-de-guerre-non-a-la-nouvelle-loi-de-programmation-militaire-rassemblements-le-4-mai\/\" title=\"Non \u00e0 la guerre ! Non aux budgets de guerre ! Non \u00e0 la nouvelle loi de programmation militaire! Rassemblements le 4 mai !\">[&#8230;]<\/a><\/div><\/li>\n<li><a class=\"wp-block-latest-posts__post-title\" href=\"https:\/\/snudifo34.fr\/index.php\/2026\/04\/20\/parcoursup-et-service-national-main-dans-la-main-pour-militariser-la-jeunesse\/\">Parcoursup et Service National main dans la main pour militariser la jeunesse!<\/a><div class=\"wp-block-latest-posts__post-excerpt\">Dans la marche \u00e0 la guerre enclench\u00e9e par le gouvernement Macron\/Lecornu, les jeunes sont les premiers vis\u00e9s. Les mesures les concernant ont un r\u00f4le central <a class=\"mh-excerpt-more\" href=\"https:\/\/snudifo34.fr\/index.php\/2026\/04\/20\/parcoursup-et-service-national-main-dans-la-main-pour-militariser-la-jeunesse\/\" title=\"Parcoursup et Service National main dans la main pour militariser la jeunesse!\">[&#8230;]<\/a><\/div><\/li>\n<li><div class=\"wp-block-latest-posts__featured-image\"><img loading=\"lazy\" decoding=\"async\" width=\"678\" height=\"157\" src=\"https:\/\/snudifo34.fr\/wp-content\/uploads\/2023\/03\/ENTETE-CDEN.jpg\" class=\"attachment-large size-large wp-post-image\" alt=\"\" style=\"\" srcset=\"https:\/\/snudifo34.fr\/wp-content\/uploads\/2023\/03\/ENTETE-CDEN.jpg 678w, https:\/\/snudifo34.fr\/wp-content\/uploads\/2023\/03\/ENTETE-CDEN-300x69.jpg 300w\" sizes=\"auto, (max-width: 678px) 100vw, 678px\" \/><\/div><a class=\"wp-block-latest-posts__post-title\" href=\"https:\/\/snudifo34.fr\/index.php\/2026\/04\/17\/cden-du-16-avril-declaration-commune-fo-unsa-sud-fsu-et-fcpe\/\">CDEN du 16 avril: d\u00e9claration commune FO, UNSA, SUD, FSU et FCPE<\/a><div class=\"wp-block-latest-posts__post-excerpt\">Nous entendons d\u00e9noncer aujourd\u2019hui une politique d\u2019aust\u00e9rit\u00e9 dont nous martelons sans cesse les cons\u00e9quences n\u00e9fastes : fermetures de classes, in\u00e9galit\u00e9s accrues, d\u00e9gradation de l\u2019\u00e9cole publique. <a class=\"mh-excerpt-more\" href=\"https:\/\/snudifo34.fr\/index.php\/2026\/04\/17\/cden-du-16-avril-declaration-commune-fo-unsa-sud-fsu-et-fcpe\/\" title=\"CDEN du 16 avril: d\u00e9claration commune FO, UNSA, SUD, FSU et FCPE\">[&#8230;]<\/a><\/div><\/li>\n<li><a class=\"wp-block-latest-posts__post-title\" href=\"https:\/\/snudifo34.fr\/index.php\/2026\/04\/17\/compte-rendu-des-cse-du-26-mars-et-du-2-avril-2026-declaration-et-votes\/\">Compte rendu des CSE du 26 mars et du 2 avril 2026 &#8211; D\u00e9claration et votes<\/a><div class=\"wp-block-latest-posts__post-excerpt\">7 milliards en plus pour la guerre, 4 milliards en moins pour les services publics, 4000 postes d\u2019enseignants en moins. Et maintenant l\u2019annonce du premier <a class=\"mh-excerpt-more\" href=\"https:\/\/snudifo34.fr\/index.php\/2026\/04\/17\/compte-rendu-des-cse-du-26-mars-et-du-2-avril-2026-declaration-et-votes\/\" title=\"Compte rendu des CSE du 26 mars et du 2 avril 2026 &#8211; D\u00e9claration et votes\">[&#8230;]<\/a><\/div><\/li>\n<li><a class=\"wp-block-latest-posts__post-title\" href=\"https:\/\/snudifo34.fr\/index.php\/2026\/04\/17\/compte-rendu-du-csa-men-du-14-avril-2026-declaration-et-vote-du-texte-sur-les-elections-professionnelles\/\">Compte-rendu du CSA MEN du 14 avril 2026 &#8211; D\u00e9claration et vote du texte sur les \u00e9lections professionnelles<\/a><div class=\"wp-block-latest-posts__post-excerpt\">Plut\u00f4t que de r\u00e9pondre aux revendications des personnels et des parents qui se mobilisent partout en France contre la suppression des 4000 postes d\u2019enseignants, dans <a class=\"mh-excerpt-more\" href=\"https:\/\/snudifo34.fr\/index.php\/2026\/04\/17\/compte-rendu-du-csa-men-du-14-avril-2026-declaration-et-vote-du-texte-sur-les-elections-professionnelles\/\" title=\"Compte-rendu du CSA MEN du 14 avril 2026 &#8211; D\u00e9claration et vote du texte sur les \u00e9lections professionnelles\">[&#8230;]<\/a><\/div><\/li>\n<li><a class=\"wp-block-latest-posts__post-title\" href=\"https:\/\/snudifo34.fr\/index.php\/2026\/04\/17\/la-fnec-fp-fo-ne-participera-pas-aux-ateliers-prospectifs-concernant-la-baisse-demographique-et-lanticipation-des-evolutions-de-loffre-scolaire-courrier-au-ministre-geffray\/\">La FNEC FP-FO ne participera pas aux ateliers prospectifs concernant la \u00ab Baisse d\u00e9mographique et l\u2019anticipation des \u00e9volutions de l&rsquo;offre scolaire. \u00bb Courrier au ministre Geffray<\/a><div class=\"wp-block-latest-posts__post-excerpt\">Contrairement \u00e0 ce que vous pr\u00e9tendez, ce programme de destruction de l\u2019Ecole publique n\u2019a rien \u00e0 voir avec la baisse d\u00e9mographique \u2013 qui permettrait de <a class=\"mh-excerpt-more\" href=\"https:\/\/snudifo34.fr\/index.php\/2026\/04\/17\/la-fnec-fp-fo-ne-participera-pas-aux-ateliers-prospectifs-concernant-la-baisse-demographique-et-lanticipation-des-evolutions-de-loffre-scolaire-courrier-au-ministre-geffray\/\" title=\"La FNEC FP-FO ne participera pas aux ateliers prospectifs concernant la \u00ab Baisse d\u00e9mographique et l\u2019anticipation des \u00e9volutions de l&rsquo;offre scolaire. \u00bb Courrier au ministre Geffray\">[&#8230;]<\/a><\/div><\/li>\n<li><a class=\"wp-block-latest-posts__post-title\" href=\"https:\/\/snudifo34.fr\/index.php\/2026\/04\/14\/les-personnels-parents-elus-nacceptent-pas-le-cadre-impose-et-obtiennent-gain-de-cause\/\">Les personnels, parents, \u00e9lus n\u2019acceptent pas le cadre impos\u00e9 et obtiennent gain de cause !<\/a><div class=\"wp-block-latest-posts__post-excerpt\">Depuis plusieurs semaines, les mobilisations, manifestations et blocages des \u00e9coles contre les annonces de fermetures de classes ont eu raison des DASEN.<\/div><\/li>\n<li><a class=\"wp-block-latest-posts__post-title\" href=\"https:\/\/snudifo34.fr\/index.php\/2026\/04\/14\/rassemblement-devant-le-rectorat-mercredi-15-avril-13h\/\">Rassemblement devant le rectorat mercredi 15 avril, 13h<\/a><div class=\"wp-block-latest-posts__post-excerpt\">Pour l&rsquo;annulation des 20 suppressions de postes dans l&rsquo;H\u00e9rault! Avec la FCPE, sauvons nos classes!<\/div><\/li>\n<li><div class=\"wp-block-latest-posts__featured-image\"><img loading=\"lazy\" decoding=\"async\" width=\"678\" height=\"157\" src=\"https:\/\/snudifo34.fr\/wp-content\/uploads\/2023\/02\/ENTETE-CR-CSA-Carte-scolaire.jpg\" class=\"attachment-large size-large wp-post-image\" alt=\"\" style=\"\" srcset=\"https:\/\/snudifo34.fr\/wp-content\/uploads\/2023\/02\/ENTETE-CR-CSA-Carte-scolaire.jpg 678w, https:\/\/snudifo34.fr\/wp-content\/uploads\/2023\/02\/ENTETE-CR-CSA-Carte-scolaire-300x69.jpg 300w\" sizes=\"auto, (max-width: 678px) 100vw, 678px\" \/><\/div><a class=\"wp-block-latest-posts__post-title\" href=\"https:\/\/snudifo34.fr\/index.php\/2026\/04\/12\/csa-departemental-carte-scolaire-declaration-et-compte-rendu\/\">CSA d\u00e9partemental carte scolaire: d\u00e9claration et compte rendu<\/a><div class=\"wp-block-latest-posts__post-excerpt\">Il s&rsquo;est tenu le 7 avril. D\u00e9claration liminaire FO: Compte rendu:<\/div><\/li>\n<li><a class=\"wp-block-latest-posts__post-title\" href=\"https:\/\/snudifo34.fr\/index.php\/2026\/04\/11\/courrier-intersyndical-au-ministre-prix-des-carburants\/\">Courrier intersyndical au ministre prix des carburants<\/a><div class=\"wp-block-latest-posts__post-excerpt\">Demande du plafonnement des prix des carburants, d\u2019augmentation des salaires, de revalorisation de l\u2019ISSR et des frais de d\u00e9placement<\/div><\/li>\n<li><a class=\"wp-block-latest-posts__post-title\" href=\"https:\/\/snudifo34.fr\/index.php\/2026\/04\/10\/le-gouvernement-annonce-de-nouvelles-coupes-blocage-des-prix\/\">Le gouvernement annonce de nouvelles coupes, Blocage des prix !<\/a><div class=\"wp-block-latest-posts__post-excerpt\">La guerre d\u2019agression contre l\u2019Iran est le pr\u00e9texte \u00e0 une flamb\u00e9e des prix du gaz et des carburants que subissent tous les salari\u00e9s et agents.<\/div><\/li>\n<li><a class=\"wp-block-latest-posts__post-title\" href=\"https:\/\/snudifo34.fr\/index.php\/2026\/04\/08\/carte-scolaire-toutes-les-mesures-du-csa-du-7-avril\/\">Carte scolaire: toutes les mesures du CSA du 7 avril<\/a><div class=\"wp-block-latest-posts__post-excerpt\">Mise \u00e0 jour apr\u00e8s le CDEN du 16 avril: 2 annulations de fermetures ont \u00e9t\u00e9 arrach\u00e9es: \u00e0 l&rsquo;\u00e9cole Michelet \u00e0 S\u00e8te, et Richier \u00e0 Montpellier. <a class=\"mh-excerpt-more\" href=\"https:\/\/snudifo34.fr\/index.php\/2026\/04\/08\/carte-scolaire-toutes-les-mesures-du-csa-du-7-avril\/\" title=\"Carte scolaire: toutes les mesures du CSA du 7 avril\">[&#8230;]<\/a><\/div><\/li>\n<li><a class=\"wp-block-latest-posts__post-title\" href=\"https:\/\/snudifo34.fr\/index.php\/2026\/04\/04\/nouvelle-reunion-du-comite-national-en-defense-de-lecole-publique-le-8-avril\/\">Nouvelle r\u00e9union du comit\u00e9 national en d\u00e9fense de l&rsquo;\u00e9cole publique le 8 avril<\/a><div class=\"wp-block-latest-posts__post-excerpt\">Se regrouper, s&rsquo;organiser pour l&rsquo;annulation des 4000 suppressions de postes!<\/div><\/li>\n<li><a class=\"wp-block-latest-posts__post-title\" href=\"https:\/\/snudifo34.fr\/index.php\/2026\/04\/04\/prix-des-carburants-courrier-de-la-fnce-fp-fo-au-ministre\/\">Prix des carburants: courrier de la FNEC FP FO au ministre<\/a><div class=\"wp-block-latest-posts__post-excerpt\">Demande du plafonnement des prix des carburants, d\u2019augmentation des salaires, de revalorisation de l\u2019ISSR et des frais de d\u00e9placement. tract de Force Ouvri\u00e8re:<\/div><\/li>\n<li><a class=\"wp-block-latest-posts__post-title\" href=\"https:\/\/snudifo34.fr\/index.php\/2026\/04\/04\/greve-et-mobilisations-contre-les-fermetures-de-classes\/\">Gr\u00e8ve et mobilisations contre les fermetures de classes!<\/a><div class=\"wp-block-latest-posts__post-excerpt\">La mobilisation contre les 74 fermetures de classe prend de l&rsquo;ampleur: Echo des mobilisations dans les d\u00e9partements:<\/div><\/li>\n<li><a class=\"wp-block-latest-posts__post-title\" href=\"https:\/\/snudifo34.fr\/index.php\/2026\/04\/04\/retrait-du-vademecum-agir-contre-le-racisme-lantisemitisme-et-les-discriminations-liees-a-lorigine\/\">Retrait du Vademecum \u00ab Agir contre le racisme, l\u2019antis\u00e9mitisme et les discriminations li\u00e9es \u00e0 l\u2019origine \u00bb<\/a><div class=\"wp-block-latest-posts__post-excerpt\">Courrier de la FNEC FP FO au ministre Geffray lui demandant de retirer son\u00a0vademecum\u00a0qui, sous couvert d\u2019agir contre la racisme et l\u2019antis\u00e9mitisme, pr\u00e9pare le terrain <a class=\"mh-excerpt-more\" href=\"https:\/\/snudifo34.fr\/index.php\/2026\/04\/04\/retrait-du-vademecum-agir-contre-le-racisme-lantisemitisme-et-les-discriminations-liees-a-lorigine\/\" title=\"Retrait du Vademecum \u00ab Agir contre le racisme, l\u2019antis\u00e9mitisme et les discriminations li\u00e9es \u00e0 l\u2019origine \u00bb\">[&#8230;]<\/a><\/div><\/li>\n<li><a class=\"wp-block-latest-posts__post-title\" href=\"https:\/\/snudifo34.fr\/index.php\/2026\/03\/28\/tous-en-greve-mardi-31-mars-tous-au-rassemblement-devant-le-rectorat-a-13h30\/\">Tous en gr\u00e8ve mardi 31 mars ! Tous au rassemblement devant le rectorat \u00e0 13h30 !<\/a><div class=\"wp-block-latest-posts__post-excerpt\">Nous appelons \u00e0 la mobilisation de tous, personnels et parents d&rsquo;\u00e9l\u00e8ves pour obtenir :<\/div><\/li>\n<li><a class=\"wp-block-latest-posts__post-title\" href=\"https:\/\/snudifo34.fr\/index.php\/2026\/03\/28\/pas-de-propagande-militaire-dans-nos-ecoles-retrait-de-la-proposition-de-loi-sur-lenseignement-a-la-defense\/\">Pas de propagande militaire dans nos \u00e9coles ! RETRAIT de la proposition de loi sur l\u2019enseignement \u00e0 la d\u00e9fense !<\/a><div class=\"wp-block-latest-posts__post-excerpt\">Cette proposition de loi entend instaurer un r\u00e9f\u00e9rentiel de comp\u00e9tences \u00e0 acqu\u00e9rir par les \u00e9l\u00e8ves, pour garantir que \u00ab l\u2019enseignement \u00e0 la d\u00e9fense et \u00e0 <a class=\"mh-excerpt-more\" href=\"https:\/\/snudifo34.fr\/index.php\/2026\/03\/28\/pas-de-propagande-militaire-dans-nos-ecoles-retrait-de-la-proposition-de-loi-sur-lenseignement-a-la-defense\/\" title=\"Pas de propagande militaire dans nos \u00e9coles ! RETRAIT de la proposition de loi sur l\u2019enseignement \u00e0 la d\u00e9fense !\">[&#8230;]<\/a><\/div><\/li>\n<li><a class=\"wp-block-latest-posts__post-title\" href=\"https:\/\/snudifo34.fr\/index.php\/2026\/03\/28\/samedi-28-mars-toutes-et-tous-aux-manifestations-en-soutien-au-peuple-palestinien\/\">Samedi 28 mars, toutes et tous aux manifestations en soutien au peuple palestinien !<\/a><div class=\"wp-block-latest-posts__post-excerpt\">A l\u2019occasion de la journ\u00e9e de la Terre, jour de comm\u00e9moration du peuple palestinien, la FNEC FP-FO appelle les personnels \u00e0 participer aux manifestations organis\u00e9es <a class=\"mh-excerpt-more\" href=\"https:\/\/snudifo34.fr\/index.php\/2026\/03\/28\/samedi-28-mars-toutes-et-tous-aux-manifestations-en-soutien-au-peuple-palestinien\/\" title=\"Samedi 28 mars, toutes et tous aux manifestations en soutien au peuple palestinien !\">[&#8230;]<\/a><\/div><\/li>\n<li><a class=\"wp-block-latest-posts__post-title\" href=\"https:\/\/snudifo34.fr\/index.php\/2026\/03\/28\/suppressions-de-postes-cest-maintenant-quil-faut-y-aller-reunissons-nous-dans-nos-ecoles-et-decidons-la-greve\/\">Suppressions de postes : c\u2019est maintenant qu\u2019il faut y aller ! R\u00e9unissons-nous dans nos \u00e9coles et d\u00e9cidons la gr\u00e8ve !<\/a><div class=\"wp-block-latest-posts__post-excerpt\">Les annonces de fermetures de classes ont provoqu\u00e9 partout une r\u00e9action imm\u00e9diate et spontan\u00e9e des personnels et des parents d\u2019\u00e9l\u00e8ves: les blocages d\u2019\u00e9coles, les rassemblements, <a class=\"mh-excerpt-more\" href=\"https:\/\/snudifo34.fr\/index.php\/2026\/03\/28\/suppressions-de-postes-cest-maintenant-quil-faut-y-aller-reunissons-nous-dans-nos-ecoles-et-decidons-la-greve\/\" title=\"Suppressions de postes : c\u2019est maintenant qu\u2019il faut y aller ! R\u00e9unissons-nous dans nos \u00e9coles et d\u00e9cidons la gr\u00e8ve !\">[&#8230;]<\/a><\/div><\/li>\n<li><a class=\"wp-block-latest-posts__post-title\" href=\"https:\/\/snudifo34.fr\/index.php\/2026\/03\/28\/tous-en-greve-on-va-chercher-nos-postes\/\">TOUS EN GREVE ! On va chercher nos postes !<\/a><div class=\"wp-block-latest-posts__post-excerpt\">De nombreux appels intersyndicaux proposent la gr\u00e8ve aux personnels d\u00e8s la semaine prochaine, en particulier de nombreux appels pour le mardi 31 mars.<\/div><\/li>\n<\/ul>\n\n\n<p><\/p>\n","protected":false},"excerpt":{"rendered":"<div class=\"mh-excerpt\"><\/div>","protected":false},"author":1,"featured_media":0,"parent":0,"menu_order":0,"comment_status":"closed","ping_status":"closed","template":"","meta":{"cybocfi_hide_featured_image":"","footnotes":""},"class_list":["post-8","page","type-page","status-publish","hentry"],"_links":{"self":[{"href":"https:\/\/snudifo34.fr\/index.php\/wp-json\/wp\/v2\/pages\/8","targetHints":{"allow":["GET"]}}],"collection":[{"href":"https:\/\/snudifo34.fr\/index.php\/wp-json\/wp\/v2\/pages"}],"about":[{"href":"https:\/\/snudifo34.fr\/index.php\/wp-json\/wp\/v2\/types\/page"}],"author":[{"embeddable":true,"href":"https:\/\/snudifo34.fr\/index.php\/wp-json\/wp\/v2\/users\/1"}],"replies":[{"embeddable":true,"href":"https:\/\/snudifo34.fr\/index.php\/wp-json\/wp\/v2\/comments?post=8"}],"version-history":[{"count":37,"href":"https:\/\/snudifo34.fr\/index.php\/wp-json\/wp\/v2\/pages\/8\/revisions"}],"predecessor-version":[{"id":2313,"href":"https:\/\/snudifo34.fr\/index.php\/wp-json\/wp\/v2\/pages\/8\/revisions\/2313"}],"wp:attachment":[{"href":"https:\/\/snudifo34.fr\/index.php\/wp-json\/wp\/v2\/media?parent=8"}],"curies":[{"name":"wp","href":"https:\/\/api.w.org\/{rel}","templated":true}]}}