{"id":97,"date":"2020-09-23T18:47:14","date_gmt":"2020-09-23T16:47:14","guid":{"rendered":"http:\/\/snudifo34.fr\/?page_id=97"},"modified":"2026-01-02T12:04:15","modified_gmt":"2026-01-02T11:04:15","slug":"se-syndiquer","status":"publish","type":"page","link":"https:\/\/snudifo34.fr\/index.php\/se-syndiquer\/","title":{"rendered":"Se syndiquer: adh\u00e9sions 2026, c&rsquo;est parti!"},"content":{"rendered":"\n<figure class=\"wp-block-image size-large\"><img loading=\"lazy\" decoding=\"async\" width=\"678\" height=\"157\" src=\"http:\/\/snudifo34.fr\/wp-content\/uploads\/2021\/02\/ENTETE-se-syndiquer-2.jpg\" alt=\"\" class=\"wp-image-448\" srcset=\"https:\/\/snudifo34.fr\/wp-content\/uploads\/2021\/02\/ENTETE-se-syndiquer-2.jpg 678w, https:\/\/snudifo34.fr\/wp-content\/uploads\/2021\/02\/ENTETE-se-syndiquer-2-300x69.jpg 300w\" sizes=\"auto, (max-width: 678px) 100vw, 678px\" \/><\/figure>\n\n\n\n<h2 class=\"wp-block-heading\">Pourquoi se syndiquer au SNUDI FO?<\/h2>\n\n\n\n<h3 class=\"wp-block-heading\"><strong>Se syndiquer donne des droits :<\/strong><\/h3>\n\n\n\n<ul class=\"wp-block-list\">\n<li>\u00eatre d\u00e9fendu en priorit\u00e9 en cas de besoin<\/li>\n\n\n\n<li>participer \u00e0 la vie du syndicat (d\u00e9finition des orientations lors des assembl\u00e9es g\u00e9n\u00e9rales des adh\u00e9rents, \u00e9lection des repr\u00e9sentants, \u00eatre d\u00e9l\u00e9gu\u00e9 de secteur, partir en tourn\u00e9e d&rsquo;\u00e9cole, co-animer un stage une RIS\u2026)<\/li>\n\n\n\n<li>b\u00e9n\u00e9ficier d\u2019une protection juridique : une assurance juridique \u00ab vie professionnelle \u00bb MACIF est incluse dans votre adh\u00e9sion, pas besoin de l&rsquo;Autonome si vous \u00eates adh\u00e9rent SNUDI FO<\/li>\n\n\n\n<li>b\u00e9n\u00e9ficier du fond de solidarit\u00e9 pour la gr\u00e8ve reconduite<\/li>\n\n\n\n<li>adh\u00e9sion offerte \u00e0 l\u2019AFOC, deuxi\u00e8me association de consommateurs au niveau national<\/li>\n\n\n\n<li>cr\u00e9dit d&rsquo;imp\u00f4ts de 66% (ou remboursement) sur la cotisation<\/li>\n\n\n\n<li>recevoir la presse FO chez soi<\/li>\n<\/ul>\n\n\n<div class=\"wp-block-image\">\n<figure class=\"aligncenter size-full is-resized\"><img loading=\"lazy\" decoding=\"async\" width=\"299\" height=\"167\" src=\"http:\/\/snudifo34.fr\/wp-content\/uploads\/2023\/07\/fo-macif.jpg\" alt=\"\" class=\"wp-image-4638\" style=\"width:149px;height:83px\"\/><\/figure>\n<\/div>\n\n\n<h3 class=\"wp-block-heading\"><strong>Se syndiquer, c\u2019est&nbsp;aussi s\u2019organiser collectivement avec le syndicat pour mener les bagarres ensemble et gagner sur les revendications.<\/strong><\/h3>\n\n\n\n<h3 class=\"wp-block-heading\"><strong>Quel est le r\u00f4le du SNUDI FO?<\/strong><\/h3>\n\n\n\n<p>Le SNUDI-FO 34, syndicat ind\u00e9pendant, combatif et conf\u00e9d\u00e9r\u00e9, organise pour leur d\u00e9fense individuelle et collective, les personnels actifs et retrait\u00e9s des \u00e9coles publiques (enseignants, psychologues scolaires et AESH). <\/p>\n\n\n\n<p>Alors que les tentatives d\u2019int\u00e9gration des syndicats \u00e0 la gestion de l\u2019Etat se multiplient, les repr\u00e9sentants FO ne se transforment pas en adjoints de l\u2019administration, ni en courroies de transmission d\u2019un gouvernement, quel qu\u2019il soit, le r\u00f4le d\u2019un syndicat n\u2019est pas de cog\u00e9rer. Le SNUDI-FO agit exclusivement pour d\u00e9fendre les int\u00e9r\u00eats moraux et mat\u00e9riels des personnels, et obtenir satisfaction sur les revendications d\u00e9finies par ses adh\u00e9rents dans les instances du syndicat (assembl\u00e9e g\u00e9n\u00e9rale, conseil syndical).<\/p>\n\n\n\n<p><strong>Le SNUDI-FO d\u00e9fend pied \u00e0 pied chaque adh\u00e9rent. Le SNUDI-FO 34 vous aide dans toutes vos d\u00e9marches (constitution de dossier, intervention DSDEN, IEN et audiences, recours). Priorit\u00e9 est accord\u00e9e aux adh\u00e9rents.<\/strong><\/p>\n\n\n<div class=\"wp-block-image\">\n<figure class=\"aligncenter size-full\"><img loading=\"lazy\" decoding=\"async\" width=\"326\" height=\"282\" src=\"http:\/\/snudifo34.fr\/wp-content\/uploads\/2023\/07\/je-me-syndique.png\" alt=\"\" class=\"wp-image-4600\" srcset=\"https:\/\/snudifo34.fr\/wp-content\/uploads\/2023\/07\/je-me-syndique.png 326w, https:\/\/snudifo34.fr\/wp-content\/uploads\/2023\/07\/je-me-syndique-300x260.png 300w\" sizes=\"auto, (max-width: 326px) 100vw, 326px\" \/><\/figure>\n<\/div>\n\n\n<p>Vous appr\u00e9ciez les informations du SNUDI FO 34, ses r\u00e9ponses \u00e0 vos questions, ses prises de positions, ses interventions, son activit\u00e9, son soutien ?<\/p>\n\n\n\n<h3 class=\"wp-block-heading\">Alors rejoignez un syndicat combatif et revendicatif, adh\u00e9rez au SNUDI FO ! <\/h3>\n\n\n\n<p class=\"has-white-color has-vivid-red-background-color has-text-color has-background has-medium-font-size\"><strong>Adh\u00e9sion \u00e0 partir de septembre? Vous calculez le prorata jusqu&rsquo;\u00e0 d\u00e9cembre (4 mois)<\/strong><\/p>\n\n\n\n<div style=\"height:11px\" aria-hidden=\"true\" class=\"wp-block-spacer\"><\/div>\n\n\n\n<div class=\"wp-block-buttons is-content-justification-left is-layout-flex wp-container-core-buttons-is-layout-fdcfc74e wp-block-buttons-is-layout-flex\">\n<div class=\"wp-block-button\"><a class=\"wp-block-button__link has-white-color has-vivid-red-background-color has-text-color has-background wp-element-button\" href=\"http:\/\/snudifo34.fr\/index.php\/adherer-en-ligne\/\" target=\"_blank\" rel=\"noreferrer noopener\"><strong>Adh\u00e9rer en ligne<\/strong><\/a><\/div>\n\n\n\n<div class=\"wp-block-button\"><a class=\"wp-block-button__link has-white-color has-luminous-vivid-orange-background-color has-text-color has-background wp-element-button\" href=\"http:\/\/snudifo34.fr\/wp-content\/uploads\/2026\/01\/Bulletin-adhesion-2026.pdf\"><strong>T\u00e9l\u00e9charger le bulletin d&rsquo;adh\u00e9sion<\/strong><\/a><\/div>\n<\/div>\n\n\n\n<p><\/p>\n\n\n\n<h3 class=\"wp-block-heading\">Nos cotisations = notre ind\u00e9pendance<\/h3>\n\n\n\n<p>Les ressources du SNUDI FO 34 ne proviennent que des cotisations des adh\u00e9rents, ce qui garantit l\u2019ind\u00e9pendance financi\u00e8re de l\u2019organisation \u00e0 l\u2019\u00e9gard de quiconque ! Vous avez la possibilit\u00e9 de r\u00e9gler en plusieurs mensualit\u00e9s et toujours 66% d\u00e9ductible des imp\u00f4ts ou rembours\u00e9 en cr\u00e9dit d&rsquo;imp\u00f4t si vous n&rsquo;\u00eates pas imposable. <\/p>\n\n\n\n<blockquote class=\"wp-block-quote is-layout-flow wp-block-quote-is-layout-flow\">\n<p><strong>Exemple pour un PE adjoint \u00e9chelon 3, la cotisation \u00e0 150 \u20ac ne lui revient qu&rsquo;\u00e0 51\u20ac !<\/strong><\/p>\n\n\n\n<p><strong>Pour un\/une AESH, la cotisation \u00e0 60\u20ac ne lui revient qu&rsquo;\u00e0 20,40\u20ac !<\/strong><\/p>\n<\/blockquote>\n\n\n\n<p>Au SNUDI FO 34, le renouvellement n&rsquo;est pas automatique : c&rsquo;est vous qui choisissez de renouveler votre adh\u00e9sion.<\/p>\n\n\n\n<p><\/p>\n","protected":false},"excerpt":{"rendered":"<div class=\"mh-excerpt\"><p>Pourquoi se syndiquer au SNUDI FO? Se syndiquer donne des droits : Se syndiquer, c\u2019est&nbsp;aussi s\u2019organiser collectivement avec le syndicat pour mener les bagarres ensemble <a class=\"mh-excerpt-more\" href=\"https:\/\/snudifo34.fr\/index.php\/se-syndiquer\/\" title=\"Se syndiquer: adh\u00e9sions 2026, c&rsquo;est parti!\">[&#8230;]<\/a><\/p>\n<\/div>","protected":false},"author":1,"featured_media":447,"parent":0,"menu_order":0,"comment_status":"closed","ping_status":"closed","template":"","meta":{"cybocfi_hide_featured_image":"","footnotes":""},"class_list":["post-97","page","type-page","status-publish","has-post-thumbnail","hentry"],"_links":{"self":[{"href":"https:\/\/snudifo34.fr\/index.php\/wp-json\/wp\/v2\/pages\/97","targetHints":{"allow":["GET"]}}],"collection":[{"href":"https:\/\/snudifo34.fr\/index.php\/wp-json\/wp\/v2\/pages"}],"about":[{"href":"https:\/\/snudifo34.fr\/index.php\/wp-json\/wp\/v2\/types\/page"}],"author":[{"embeddable":true,"href":"https:\/\/snudifo34.fr\/index.php\/wp-json\/wp\/v2\/users\/1"}],"replies":[{"embeddable":true,"href":"https:\/\/snudifo34.fr\/index.php\/wp-json\/wp\/v2\/comments?post=97"}],"version-history":[{"count":43,"href":"https:\/\/snudifo34.fr\/index.php\/wp-json\/wp\/v2\/pages\/97\/revisions"}],"predecessor-version":[{"id":7527,"href":"https:\/\/snudifo34.fr\/index.php\/wp-json\/wp\/v2\/pages\/97\/revisions\/7527"}],"wp:featuredmedia":[{"embeddable":true,"href":"https:\/\/snudifo34.fr\/index.php\/wp-json\/wp\/v2\/media\/447"}],"wp:attachment":[{"href":"https:\/\/snudifo34.fr\/index.php\/wp-json\/wp\/v2\/media?parent=97"}],"curies":[{"name":"wp","href":"https:\/\/api.w.org\/{rel}","templated":true}]}}